{"id":2818,"date":"2025-10-03T15:26:11","date_gmt":"2025-10-03T18:26:11","guid":{"rendered":"https:\/\/petsnossos.com\/?page_id=2818"},"modified":"2026-03-31T17:14:40","modified_gmt":"2026-03-31T20:14:40","slug":"golden-pv3","status":"publish","type":"page","link":"https:\/\/petsnossos.com\/index.php\/golden-pv3\/","title":{"rendered":"GOLDEN PV3"},"content":{"rendered":"\t\t<div data-elementor-type=\"wp-page\" data-elementor-id=\"2818\" class=\"elementor elementor-2818\">\n\t\t\t\t<div class=\"elementor-element elementor-element-9549a2c e-flex e-con-boxed e-con e-parent\" data-id=\"9549a2c\" data-element_type=\"container\" data-settings=\"{&quot;background_background&quot;:&quot;classic&quot;,&quot;content_width&quot;:&quot;boxed&quot;}\" data-core-v316-plus=\"true\">\n\t\t\t\t\t<div class=\"e-con-inner\">\n\t\t<div class=\"elementor-element elementor-element-8e18c49 e-con-full e-flex e-con e-child\" data-id=\"8e18c49\" data-element_type=\"container\" data-settings=\"{&quot;content_width&quot;:&quot;full&quot;}\">\n\t\t\t\t<div class=\"elementor-element elementor-element-c249472 elementor-widget elementor-widget-image\" data-id=\"c249472\" data-element_type=\"widget\" data-widget_type=\"image.default\">\n\t\t\t\t<div class=\"elementor-widget-container\">\n\t\t\t<style>\/*! elementor - v3.19.0 - 28-02-2024 *\/\n.elementor-widget-image{text-align:center}.elementor-widget-image a{display:inline-block}.elementor-widget-image a img[src$=\".svg\"]{width:48px}.elementor-widget-image img{vertical-align:middle;display:inline-block}<\/style>\t\t\t\t\t\t\t\t\t\t<img fetchpriority=\"high\" decoding=\"async\" width=\"600\" height=\"600\" src=\"https:\/\/petsnossos.com\/wp-content\/uploads\/2024\/03\/GOLDEN-RETRIEVER.png\" class=\"attachment-large size-large wp-image-362\" alt=\"\" srcset=\"https:\/\/petsnossos.com\/wp-content\/uploads\/2024\/03\/GOLDEN-RETRIEVER.png 600w, https:\/\/petsnossos.com\/wp-content\/uploads\/2024\/03\/GOLDEN-RETRIEVER-300x300.png 300w, https:\/\/petsnossos.com\/wp-content\/uploads\/2024\/03\/GOLDEN-RETRIEVER-150x150.png 150w\" sizes=\"(max-width: 600px) 100vw, 600px\" \/>\t\t\t\t\t\t\t\t\t\t\t\t\t<\/div>\n\t\t\t\t<\/div>\n\t\t\t\t<\/div>\n\t\t<div class=\"elementor-element elementor-element-7841ecc e-con-full e-flex e-con e-child\" data-id=\"7841ecc\" data-element_type=\"container\" data-settings=\"{&quot;content_width&quot;:&quot;full&quot;}\">\n\t\t\t\t<div class=\"elementor-element elementor-element-3efed8a elementor-widget elementor-widget-heading\" data-id=\"3efed8a\" data-element_type=\"widget\" data-widget_type=\"heading.default\">\n\t\t\t\t<div class=\"elementor-widget-container\">\n\t\t\t<style>\/*! elementor - v3.19.0 - 28-02-2024 *\/\n.elementor-heading-title{padding:0;margin:0;line-height:1}.elementor-widget-heading .elementor-heading-title[class*=elementor-size-]>a{color:inherit;font-size:inherit;line-height:inherit}.elementor-widget-heading .elementor-heading-title.elementor-size-small{font-size:15px}.elementor-widget-heading .elementor-heading-title.elementor-size-medium{font-size:19px}.elementor-widget-heading .elementor-heading-title.elementor-size-large{font-size:29px}.elementor-widget-heading .elementor-heading-title.elementor-size-xl{font-size:39px}.elementor-widget-heading .elementor-heading-title.elementor-size-xxl{font-size:59px}<\/style><h2 class=\"elementor-heading-title elementor-size-default\">CONHE\u00c7A E SAIBA COMO TRATAR SEU AMIGUINHO<\/h2>\t\t<\/div>\n\t\t\t\t<\/div>\n\t\t\t\t<\/div>\n\t\t\t\t\t<\/div>\n\t\t\t\t<\/div>\n\t\t<div class=\"elementor-element elementor-element-66d8ed5 e-flex e-con-boxed e-con e-parent\" data-id=\"66d8ed5\" data-element_type=\"container\" data-settings=\"{&quot;background_background&quot;:&quot;classic&quot;,&quot;content_width&quot;:&quot;boxed&quot;}\" data-core-v316-plus=\"true\">\n\t\t\t\t\t<div class=\"e-con-inner\">\n\t\t\t\t<div class=\"elementor-element elementor-element-7195297 elementor-widget elementor-widget-heading\" data-id=\"7195297\" data-element_type=\"widget\" data-widget_type=\"heading.default\">\n\t\t\t\t<div class=\"elementor-widget-container\">\n\t\t\t<h2 class=\"elementor-heading-title elementor-size-default\">PORQUE CONHECER MELHOR SEU PET<\/h2>\t\t<\/div>\n\t\t\t\t<\/div>\n\t\t\t\t<div class=\"elementor-element elementor-element-90d891b elementor-widget elementor-widget-text-editor\" data-id=\"90d891b\" data-element_type=\"widget\" data-widget_type=\"text-editor.default\">\n\t\t\t\t<div class=\"elementor-widget-container\">\n\t\t\t<style>\/*! elementor - v3.19.0 - 28-02-2024 *\/\n.elementor-widget-text-editor.elementor-drop-cap-view-stacked .elementor-drop-cap{background-color:#69727d;color:#fff}.elementor-widget-text-editor.elementor-drop-cap-view-framed .elementor-drop-cap{color:#69727d;border:3px solid;background-color:transparent}.elementor-widget-text-editor:not(.elementor-drop-cap-view-default) .elementor-drop-cap{margin-top:8px}.elementor-widget-text-editor:not(.elementor-drop-cap-view-default) .elementor-drop-cap-letter{width:1em;height:1em}.elementor-widget-text-editor .elementor-drop-cap{float:left;text-align:center;line-height:1;font-size:50px}.elementor-widget-text-editor .elementor-drop-cap-letter{display:inline-block}<\/style>\t\t\t\t<div class=\"flex-1 overflow-hidden\"><div class=\"react-scroll-to-bottom--css-emzwp-79elbk h-full\"><div class=\"react-scroll-to-bottom--css-emzwp-1n7m0yu\"><div class=\"flex flex-col text-sm pb-9\"><div class=\"w-full text-token-text-primary\" data-testid=\"conversation-turn-7\"><div class=\"px-4 py-2 justify-center text-base md:gap-6 m-auto\"><div class=\"flex flex-1 text-base mx-auto gap-3 md:px-5 lg:px-1 xl:px-5 md:max-w-3xl lg:max-w-[40rem] xl:max-w-[48rem] group final-completion\"><div class=\"relative flex w-full flex-col agent-turn\"><div class=\"flex-col gap-1 md:gap-3\"><div class=\"flex flex-grow flex-col max-w-full\"><div class=\"min-h-[20px] text-message flex flex-col items-start gap-3 whitespace-pre-wrap break-words [.text-message+&amp;]:mt-5 overflow-x-auto\" data-message-author-role=\"assistant\" data-message-id=\"bdbc007b-d098-402d-a6f7-bfd3e01cf01d\"><div class=\"markdown prose w-full break-words dark:prose-invert light\"><p>\u00c9 fundamental que um tutor de um Golden Retriever se esforce para conhecer todas as caracter\u00edsticas dessa ra\u00e7a t\u00e3o am\u00e1vel e inteligente. Os Golden Retrievers s\u00e3o c\u00e3es conhecidos por sua natureza gentil, leal e amig\u00e1vel, mas tamb\u00e9m t\u00eam necessidades espec\u00edficas que exigem cuidados especiais. Ao entender melhor as caracter\u00edsticas do Golden Retriever, o tutor pode proporcionar uma vida mais saud\u00e1vel e feliz para seu pet.<\/p><p>Esses c\u00e3es s\u00e3o altamente inteligentes, o que os torna f\u00e1ceis de treinar, mas tamb\u00e9m podem ser sens\u00edveis, exigindo uma abordagem gentil e positiva no treinamento. Eles t\u00eam uma energia abundante e adoram brincar, o que significa que precisam de exerc\u00edcios di\u00e1rios e est\u00edmulos mentais para evitar o t\u00e9dio e poss\u00edveis comportamentos destrutivos.<\/p><p>Em rela\u00e7\u00e3o \u00e0 sa\u00fade, os Golden Retrievers s\u00e3o propensos a algumas condi\u00e7\u00f5es, como displasia de quadril, problemas oculares e c\u00e2ncer. Por isso, \u00e9 importante realizar exames veterin\u00e1rios regulares e manter uma dieta saud\u00e1vel para evitar problemas de sa\u00fade.<\/p><p>Ao compreender as necessidades f\u00edsicas e emocionais do Golden Retriever, o tutor pode criar um ambiente adequado e oferecer os cuidados necess\u00e1rios para que o animal viva uma vida longa, saud\u00e1vel e feliz.<\/p><p>Neste e-book voc\u00ea ir\u00e1 conhecer:<\/p><ul><li>Origem e hist\u00f3ria da ra\u00e7a<\/li><li>Cuidados b\u00e1sicos<\/li><li>temperamento e personalidade da ra\u00e7a<\/li><li>Regras de treinamento e socializa\u00e7\u00e3o<\/li><li>Problemas de sa\u00fade comuns<\/li><li>Como criar um ambiente ideal para ele<\/li><li>Curiosidades e fatos interessantes<\/li><li>Cuidados na ado\u00e7\u00e3o<\/li><li>Conviv\u00eancia com outros animais e crian\u00e7as<\/li><li>Cuidados e indica\u00e7\u00f5es alimentares<\/li><li><p>Antes de conhecer seu c\u00e3o, voc\u00ea sabe mesmo o que ele precisa?<\/p><p>Muitos tutores enfrentam:<\/p><p>Desobedi\u00eancia ou destrui\u00e7\u00e3o por t\u00e9dio<\/p><p>Agressividade por falta de est\u00edmulo adequado<\/p><p>Gastos com adestramento e veterin\u00e1rio por desconhecimento<\/p><p>Com nossos e-books, voc\u00ea entende o comportamento natural da ra\u00e7a, aprende a estimular corretamente e cria um v\u00ednculo verdadeiro com seu c\u00e3o.<\/p><\/li><\/ul><p>\u00a0CONHECER \u00c9 FUNDAMENTAL PARA\u00a0 \u00a0 \u00a0 \u00a0FAZER CERTO!!!<\/p><\/div><\/div><\/div><div class=\"mt-1 flex justify-start gap-3 empty:hidden\"><div class=\"text-gray-400 flex self-end lg:self-center items-center justify-center lg:justify-start mt-0 -ml-1 h-7 gap-[2px] visible\"><div class=\"flex items-center gap-1.5 text-xs\">\u00a0<\/div><div class=\"flex\">\u00a0<\/div><\/div><\/div><div class=\"pr-2 lg:pr-0\">\u00a0<\/div><\/div><div class=\"absolute\"><div class=\"flex w-full gap-2 items-center justify-center\">\u00a0<\/div><\/div><\/div><\/div><\/div><\/div><\/div><\/div><\/div><\/div><div class=\"w-full pt-2 md:pt-0 dark:border-white\/20 md:border-transparent md:dark:border-transparent md:w-[calc(100%-.5rem)]\"><form class=\"stretch mx-2 flex flex-row gap-3 last:mb-2 md:mx-4 md:last:mb-6 lg:mx-auto lg:max-w-2xl xl:max-w-3xl\"><div class=\"relative flex h-full flex-1 flex-col\"><div class=\"absolute bottom-full left-0 right-0\">\u00a0<\/div><div class=\"flex w-full items-center\">\u00a0<\/div><\/div><\/form><\/div>\t\t\t\t\t\t<\/div>\n\t\t\t\t<\/div>\n\t\t\t\t\t<\/div>\n\t\t\t\t<\/div>\n\t\t<div class=\"elementor-element elementor-element-6e9a688 e-flex e-con-boxed e-con e-parent\" data-id=\"6e9a688\" data-element_type=\"container\" data-settings=\"{&quot;background_background&quot;:&quot;classic&quot;,&quot;content_width&quot;:&quot;boxed&quot;}\" data-core-v316-plus=\"true\">\n\t\t\t\t\t<div class=\"e-con-inner\">\n\t\t<div class=\"elementor-element elementor-element-44ffda1 e-con-full e-flex e-con e-child\" data-id=\"44ffda1\" data-element_type=\"container\" data-settings=\"{&quot;content_width&quot;:&quot;full&quot;}\">\n\t\t\t\t<div class=\"elementor-element elementor-element-9694dc1 elementor-widget elementor-widget-image\" data-id=\"9694dc1\" data-element_type=\"widget\" data-widget_type=\"image.default\">\n\t\t\t\t<div class=\"elementor-widget-container\">\n\t\t\t\t\t\t\t\t\t\t\t\t\t<img decoding=\"async\" width=\"800\" height=\"455\" src=\"https:\/\/petsnossos.com\/wp-content\/uploads\/2024\/05\/CAPA-GOLDEN-3D-1024x582.png\" class=\"attachment-large size-large wp-image-1510\" alt=\"\" srcset=\"https:\/\/petsnossos.com\/wp-content\/uploads\/2024\/05\/CAPA-GOLDEN-3D-1024x582.png 1024w, https:\/\/petsnossos.com\/wp-content\/uploads\/2024\/05\/CAPA-GOLDEN-3D-300x170.png 300w, https:\/\/petsnossos.com\/wp-content\/uploads\/2024\/05\/CAPA-GOLDEN-3D-768x436.png 768w, https:\/\/petsnossos.com\/wp-content\/uploads\/2024\/05\/CAPA-GOLDEN-3D-1536x873.png 1536w, https:\/\/petsnossos.com\/wp-content\/uploads\/2024\/05\/CAPA-GOLDEN-3D-2048x1164.png 2048w\" sizes=\"(max-width: 800px) 100vw, 800px\" \/>\t\t\t\t\t\t\t\t\t\t\t\t\t<\/div>\n\t\t\t\t<\/div>\n\t\t\t\t<\/div>\n\t\t<div class=\"elementor-element elementor-element-b46b3d3 e-con-full e-flex e-con e-child\" data-id=\"b46b3d3\" data-element_type=\"container\" data-settings=\"{&quot;content_width&quot;:&quot;full&quot;}\">\n\t\t\t\t<div class=\"elementor-element elementor-element-4241fac elementor-widget elementor-widget-image\" data-id=\"4241fac\" data-element_type=\"widget\" data-widget_type=\"image.default\">\n\t\t\t\t<div class=\"elementor-widget-container\">\n\t\t\t\t\t\t\t\t\t\t\t\t\t<img decoding=\"async\" width=\"227\" height=\"223\" src=\"https:\/\/petsnossos.com\/wp-content\/uploads\/2024\/04\/GARANTIA-2.jpg\" class=\"attachment-large size-large wp-image-736\" alt=\"\" \/>\t\t\t\t\t\t\t\t\t\t\t\t\t<\/div>\n\t\t\t\t<\/div>\n\t\t\t\t<\/div>\n\t\t\t\t\t<\/div>\n\t\t\t\t<\/div>\n\t\t<div class=\"elementor-element elementor-element-e980fd3 e-flex e-con-boxed e-con e-parent\" data-id=\"e980fd3\" data-element_type=\"container\" data-settings=\"{&quot;background_background&quot;:&quot;classic&quot;,&quot;content_width&quot;:&quot;boxed&quot;}\" data-core-v316-plus=\"true\">\n\t\t\t\t\t<div class=\"e-con-inner\">\n\t\t<div class=\"elementor-element elementor-element-04d7850 e-con-full e-flex e-con e-child\" data-id=\"04d7850\" data-element_type=\"container\" data-settings=\"{&quot;content_width&quot;:&quot;full&quot;}\">\n\t\t\t\t<div class=\"elementor-element elementor-element-1cf9848 elementor-widget elementor-widget-text-editor\" data-id=\"1cf9848\" data-element_type=\"widget\" data-widget_type=\"text-editor.default\">\n\t\t\t\t<div class=\"elementor-widget-container\">\n\t\t\t\t\t\t\t<p><span data-contrast=\"auto\">Voc\u00ea poder\u00e1\u00a0 ser um \u00f3timo tutor para seu amiguinho por apenas R$49,90, promo\u00e7\u00e3o v\u00e1lida apenas aos primeiros20 compradores, que pode ser parcelado de acordo com sua necessidade. Caso o e-book n\u00e3o corresponda sua expectativa , voc\u00ea poder\u00e1 solicitar o reembolso em at\u00e9 7 dias.<\/span><span data-ccp-props=\"{&quot;201341983&quot;:0,&quot;335551550&quot;:6,&quot;335551620&quot;:6,&quot;335559685&quot;:-20,&quot;335559737&quot;:-20,&quot;335559739&quot;:160,&quot;335559740&quot;:259}\">\u00a0<\/span><\/p><p><span data-contrast=\"auto\">Aproveite a oportunidade clicando no bot\u00e3o de compra e seja um dos 20 primeiros.<\/span><span data-ccp-props=\"{&quot;201341983&quot;:0,&quot;335551550&quot;:6,&quot;335551620&quot;:6,&quot;335559685&quot;:-20,&quot;335559737&quot;:-20,&quot;335559739&quot;:160,&quot;335559740&quot;:259}\">\u00a0<\/span><\/p><p>\u00a0<\/p>\t\t\t\t\t\t<\/div>\n\t\t\t\t<\/div>\n\t\t\t\t<\/div>\n\t\t<div class=\"elementor-element elementor-element-bdb92aa e-con-full e-flex e-con e-child\" data-id=\"bdb92aa\" data-element_type=\"container\" data-settings=\"{&quot;content_width&quot;:&quot;full&quot;}\">\n\t\t\t\t<div class=\"elementor-element elementor-element-0d190ab elementor-widget elementor-widget-heading\" data-id=\"0d190ab\" data-element_type=\"widget\" data-widget_type=\"heading.default\">\n\t\t\t\t<div class=\"elementor-widget-container\">\n\t\t\t<h2 class=\"elementor-heading-title elementor-size-default\">MENOS QUE O VALOR DE UMA CONSULTA VETERIN\u00c1RIA<\/h2>\t\t<\/div>\n\t\t\t\t<\/div>\n\t\t\t\t<div class=\"elementor-element elementor-element-918e743 elementor-align-center elementor-widget elementor-widget-button\" data-id=\"918e743\" data-element_type=\"widget\" data-widget_type=\"button.default\">\n\t\t\t\t<div class=\"elementor-widget-container\">\n\t\t\t\t\t<div class=\"elementor-button-wrapper\">\n\t\t\t<a class=\"elementor-button elementor-button-link elementor-size-lg elementor-animation-pulse-grow\" href=\"https:\/\/chk.eduzz.com\/zrqr4c3t\">\n\t\t\t\t\t\t<span class=\"elementor-button-content-wrapper\">\n\t\t\t\t\t\t<span class=\"elementor-button-text\">SIM, QUERO SER UM BOM TUTOR<\/span>\n\t\t<\/span>\n\t\t\t\t\t<\/a>\n\t\t<\/div>\n\t\t\t\t<\/div>\n\t\t\t\t<\/div>\n\t\t\t\t<\/div>\n\t\t\t\t\t<\/div>\n\t\t\t\t<\/div>\n\t\t<div class=\"elementor-element elementor-element-6a4d9de e-flex e-con-boxed e-con e-parent\" data-id=\"6a4d9de\" data-element_type=\"container\" data-settings=\"{&quot;background_background&quot;:&quot;classic&quot;,&quot;content_width&quot;:&quot;boxed&quot;}\" data-core-v316-plus=\"true\">\n\t\t\t\t\t<div class=\"e-con-inner\">\n\t\t\t\t<div class=\"elementor-element elementor-element-bc62e25 elementor-widget elementor-widget-heading\" data-id=\"bc62e25\" data-element_type=\"widget\" data-widget_type=\"heading.default\">\n\t\t\t\t<div class=\"elementor-widget-container\">\n\t\t\t<h2 class=\"elementor-heading-title elementor-size-default\">DEPOIMENTOS<\/h2>\t\t<\/div>\n\t\t\t\t<\/div>\n\t\t\t\t\t<\/div>\n\t\t\t\t<\/div>\n\t\t<div class=\"elementor-element elementor-element-eda5ae4 e-flex e-con-boxed e-con e-parent\" data-id=\"eda5ae4\" data-element_type=\"container\" data-settings=\"{&quot;background_background&quot;:&quot;classic&quot;,&quot;content_width&quot;:&quot;boxed&quot;}\" data-core-v316-plus=\"true\">\n\t\t\t\t\t<div class=\"e-con-inner\">\n\t\t<div class=\"elementor-element elementor-element-7274ddd e-con-full e-flex e-con e-child\" data-id=\"7274ddd\" data-element_type=\"container\" data-settings=\"{&quot;content_width&quot;:&quot;full&quot;}\">\n\t\t\t\t<div class=\"elementor-element elementor-element-5d59327 elementor-widget elementor-widget-text-editor\" data-id=\"5d59327\" data-element_type=\"widget\" data-widget_type=\"text-editor.default\">\n\t\t\t\t<div class=\"elementor-widget-container\">\n\t\t\t\t\t\t\t<p>Tatiane Oliveira, 35 anos \u2013 Salvador\/BA<br \/>\u201cGostei muito! Me ajudou a entender que cada ra\u00e7a tem suas necessidades espec\u00edficas.\u201d<\/p>\t\t\t\t\t\t<\/div>\n\t\t\t\t<\/div>\n\t\t\t\t<\/div>\n\t\t<div class=\"elementor-element elementor-element-0e84992 e-con-full e-flex e-con e-child\" data-id=\"0e84992\" data-element_type=\"container\" data-settings=\"{&quot;content_width&quot;:&quot;full&quot;}\">\n\t\t\t\t<div class=\"elementor-element elementor-element-649e206 elementor-widget elementor-widget-text-editor\" data-id=\"649e206\" data-element_type=\"widget\" data-widget_type=\"text-editor.default\">\n\t\t\t\t<div class=\"elementor-widget-container\">\n\t\t\t\t\t\t\t<p>Leonardo Ribeiro, 40 anos \u2013 Florian\u00f3polis\/SC<br \/>\u201cO e-book \u00e9 direto ao ponto e mostra que entender o c\u00e3o \u00e9 o segredo pra cuidar bem.\u201d<\/p>\t\t\t\t\t\t<\/div>\n\t\t\t\t<\/div>\n\t\t\t\t<\/div>\n\t\t<div class=\"elementor-element elementor-element-284ab4a e-con-full e-flex e-con e-child\" data-id=\"284ab4a\" data-element_type=\"container\" data-settings=\"{&quot;content_width&quot;:&quot;full&quot;}\">\n\t\t\t\t<div class=\"elementor-element elementor-element-febff9c elementor-widget elementor-widget-text-editor\" data-id=\"febff9c\" data-element_type=\"widget\" data-widget_type=\"text-editor.default\">\n\t\t\t\t<div class=\"elementor-widget-container\">\n\t\t\t\t\t\t\t<p>Helena Tavares, 33 anos \u2013 Recife\/PE<br \/>\u201cExcelente conte\u00fado! Mostra o quanto o conhecimento evita erros e melhora o bem-estar do pet.\u201d<\/p>\t\t\t\t\t\t<\/div>\n\t\t\t\t<\/div>\n\t\t\t\t<\/div>\n\t\t<div class=\"elementor-element elementor-element-705e7aa e-con-full e-flex e-con e-child\" data-id=\"705e7aa\" data-element_type=\"container\" data-settings=\"{&quot;content_width&quot;:&quot;full&quot;}\">\n\t\t\t\t<div class=\"elementor-element elementor-element-44b69a9 elementor-widget elementor-widget-text-editor\" data-id=\"44b69a9\" data-element_type=\"widget\" data-widget_type=\"text-editor.default\">\n\t\t\t\t<div class=\"elementor-widget-container\">\n\t\t\t\t\t\t\t<p>Maur\u00edcio Santos, 47 anos \u2013 Porto Alegre\/RS<br \/>\u201cAprendi detalhes que mudaram o dia a dia com meu c\u00e3o. \u00c9 um guia indispens\u00e1vel.\u201d<\/p>\t\t\t\t\t\t<\/div>\n\t\t\t\t<\/div>\n\t\t\t\t<\/div>\n\t\t\t\t\t<\/div>\n\t\t\t\t<\/div>\n\t\t<div class=\"elementor-element elementor-element-e8e8d2d e-flex e-con-boxed e-con e-parent\" data-id=\"e8e8d2d\" data-element_type=\"container\" data-settings=\"{&quot;background_background&quot;:&quot;classic&quot;,&quot;content_width&quot;:&quot;boxed&quot;}\" data-core-v316-plus=\"true\">\n\t\t\t\t\t<div class=\"e-con-inner\">\n\t\t\t\t<div class=\"elementor-element elementor-element-325429a elementor-widget elementor-widget-heading\" data-id=\"325429a\" data-element_type=\"widget\" data-widget_type=\"heading.default\">\n\t\t\t\t<div class=\"elementor-widget-container\">\n\t\t\t<h2 class=\"elementor-heading-title elementor-size-default\">PERGUNTAS FREQUENTES<\/h2>\t\t<\/div>\n\t\t\t\t<\/div>\n\t\t\t\t<div class=\"elementor-element elementor-element-0b712b2 elementor-widget elementor-widget-text-editor\" data-id=\"0b712b2\" data-element_type=\"widget\" data-widget_type=\"text-editor.default\">\n\t\t\t\t<div class=\"elementor-widget-container\">\n\t\t\t\t\t\t\t<p>\u00c9 um livro f\u00edsico ou digital?<br \/>\u00a0Digital. Voc\u00ea recebe o e-book por e-mail imediatamente ap\u00f3s a compra.<\/p><p>\u00a0Posso ler no celular?<br \/>Sim, os arquivos s\u00e3o compat\u00edveis com celular, tablet ou computador.<\/p><p>\u00a0\u00c9 indicado para quem ainda n\u00e3o tem cachorro?<br \/>Sim! \u00c9 o melhor momento para conhecer a ra\u00e7a antes de decidir.<\/p><p>O primeiro passo para uma conviv\u00eancia feliz come\u00e7a com o conhecimento?<br \/>Sim<\/p><p>Se Queres Conhecer a Ra\u00e7a do seu C\u00e3o<\/p><p>\u00a0Acesse agora e receba seu e-book em segundos!<\/p>\t\t\t\t\t\t<\/div>\n\t\t\t\t<\/div>\n\t\t\t\t\t<\/div>\n\t\t\t\t<\/div>\n\t\t<div class=\"elementor-element elementor-element-7b1ff60 e-flex e-con-boxed e-con e-parent\" data-id=\"7b1ff60\" data-element_type=\"container\" data-settings=\"{&quot;background_background&quot;:&quot;classic&quot;,&quot;content_width&quot;:&quot;boxed&quot;}\" data-core-v316-plus=\"true\">\n\t\t\t\t\t<div class=\"e-con-inner\">\n\t\t\t\t<div class=\"elementor-element elementor-element-4df46b0 elementor-widget elementor-widget-text-editor\" data-id=\"4df46b0\" data-element_type=\"widget\" data-widget_type=\"text-editor.default\">\n\t\t\t\t<div class=\"elementor-widget-container\">\n\t\t\t\t\t\t\t<p>COMPRE AGORA E APROVEITE A PROMO\u00c7\u00c3O DOS 20 PRIMEIROS<\/p>\t\t\t\t\t\t<\/div>\n\t\t\t\t<\/div>\n\t\t\t\t<div class=\"elementor-element elementor-element-b43309f elementor-align-center elementor-widget elementor-widget-button\" data-id=\"b43309f\" data-element_type=\"widget\" data-widget_type=\"button.default\">\n\t\t\t\t<div class=\"elementor-widget-container\">\n\t\t\t\t\t<div class=\"elementor-button-wrapper\">\n\t\t\t<a class=\"elementor-button elementor-button-link elementor-size-lg elementor-animation-pulse-grow\" href=\"https:\/\/chk.eduzz.com\/zrqr4c3t\">\n\t\t\t\t\t\t<span class=\"elementor-button-content-wrapper\">\n\t\t\t\t\t\t<span class=\"elementor-button-text\">SIM, QUERO SER UM BOM TUTOR<\/span>\n\t\t<\/span>\n\t\t\t\t\t<\/a>\n\t\t<\/div>\n\t\t\t\t<\/div>\n\t\t\t\t<\/div>\n\t\t\t\t\t<\/div>\n\t\t\t\t<\/div>\n\t\t\t\t<\/div>\n\t\t","protected":false},"excerpt":{"rendered":"<p>CONHE\u00c7A E SAIBA COMO TRATAR SEU AMIGUINHO PORQUE CONHECER MELHOR SEU PET \u00c9 fundamental que um tutor de um Golden Retriever se esforce para conhecer todas as caracter\u00edsticas dessa ra\u00e7a t\u00e3o am\u00e1vel e inteligente. Os Golden Retrievers s\u00e3o c\u00e3es conhecidos por sua natureza gentil, leal e amig\u00e1vel, mas tamb\u00e9m t\u00eam necessidades espec\u00edficas que exigem cuidados [&hellip;]<\/p>\n","protected":false},"author":1,"featured_media":0,"parent":0,"menu_order":0,"comment_status":"closed","ping_status":"closed","template":"elementor_canvas","meta":{"footnotes":""},"_links":{"self":[{"href":"https:\/\/petsnossos.com\/index.php\/wp-json\/wp\/v2\/pages\/2818"}],"collection":[{"href":"https:\/\/petsnossos.com\/index.php\/wp-json\/wp\/v2\/pages"}],"about":[{"href":"https:\/\/petsnossos.com\/index.php\/wp-json\/wp\/v2\/types\/page"}],"author":[{"embeddable":true,"href":"https:\/\/petsnossos.com\/index.php\/wp-json\/wp\/v2\/users\/1"}],"replies":[{"embeddable":true,"href":"https:\/\/petsnossos.com\/index.php\/wp-json\/wp\/v2\/comments?post=2818"}],"version-history":[{"count":154,"href":"https:\/\/petsnossos.com\/index.php\/wp-json\/wp\/v2\/pages\/2818\/revisions"}],"predecessor-version":[{"id":5755,"href":"https:\/\/petsnossos.com\/index.php\/wp-json\/wp\/v2\/pages\/2818\/revisions\/5755"}],"wp:attachment":[{"href":"https:\/\/petsnossos.com\/index.php\/wp-json\/wp\/v2\/media?parent=2818"}],"curies":[{"name":"wp","href":"https:\/\/api.w.org\/{rel}","templated":true}]}}