{"id":3087,"date":"2025-10-13T15:35:26","date_gmt":"2025-10-13T18:35:26","guid":{"rendered":"https:\/\/petsnossos.com\/?page_id=3087"},"modified":"2026-03-31T16:47:04","modified_gmt":"2026-03-31T19:47:04","slug":"lulu-pv3","status":"publish","type":"page","link":"https:\/\/petsnossos.com\/index.php\/lulu-pv3\/","title":{"rendered":"LULU PV3"},"content":{"rendered":"\t\t<div data-elementor-type=\"wp-page\" data-elementor-id=\"3087\" class=\"elementor elementor-3087\">\n\t\t\t\t<div class=\"elementor-element elementor-element-d9727de e-flex e-con-boxed e-con e-parent\" data-id=\"d9727de\" data-element_type=\"container\" data-settings=\"{&quot;background_background&quot;:&quot;classic&quot;,&quot;content_width&quot;:&quot;boxed&quot;}\" data-core-v316-plus=\"true\">\n\t\t\t\t\t<div class=\"e-con-inner\">\n\t\t<div class=\"elementor-element elementor-element-1095c7a e-con-full e-flex e-con e-child\" data-id=\"1095c7a\" data-element_type=\"container\" data-settings=\"{&quot;content_width&quot;:&quot;full&quot;}\">\n\t\t\t\t<div class=\"elementor-element elementor-element-90e3565 elementor-widget elementor-widget-image\" data-id=\"90e3565\" data-element_type=\"widget\" data-widget_type=\"image.default\">\n\t\t\t\t<div class=\"elementor-widget-container\">\n\t\t\t<style>\/*! elementor - v3.19.0 - 28-02-2024 *\/\n.elementor-widget-image{text-align:center}.elementor-widget-image a{display:inline-block}.elementor-widget-image a img[src$=\".svg\"]{width:48px}.elementor-widget-image img{vertical-align:middle;display:inline-block}<\/style>\t\t\t\t\t\t\t\t\t\t<img fetchpriority=\"high\" decoding=\"async\" width=\"600\" height=\"600\" src=\"https:\/\/petsnossos.com\/wp-content\/uploads\/2024\/03\/LULU-POMERANIA.png\" class=\"attachment-large size-large wp-image-520\" alt=\"\" srcset=\"https:\/\/petsnossos.com\/wp-content\/uploads\/2024\/03\/LULU-POMERANIA.png 600w, https:\/\/petsnossos.com\/wp-content\/uploads\/2024\/03\/LULU-POMERANIA-300x300.png 300w, https:\/\/petsnossos.com\/wp-content\/uploads\/2024\/03\/LULU-POMERANIA-150x150.png 150w\" sizes=\"(max-width: 600px) 100vw, 600px\" \/>\t\t\t\t\t\t\t\t\t\t\t\t\t<\/div>\n\t\t\t\t<\/div>\n\t\t\t\t<\/div>\n\t\t<div class=\"elementor-element elementor-element-dd16d82 e-con-full e-flex e-con e-child\" data-id=\"dd16d82\" data-element_type=\"container\" data-settings=\"{&quot;content_width&quot;:&quot;full&quot;}\">\n\t\t\t\t<div class=\"elementor-element elementor-element-8a6c693 elementor-widget elementor-widget-heading\" data-id=\"8a6c693\" data-element_type=\"widget\" data-widget_type=\"heading.default\">\n\t\t\t\t<div class=\"elementor-widget-container\">\n\t\t\t<style>\/*! elementor - v3.19.0 - 28-02-2024 *\/\n.elementor-heading-title{padding:0;margin:0;line-height:1}.elementor-widget-heading .elementor-heading-title[class*=elementor-size-]>a{color:inherit;font-size:inherit;line-height:inherit}.elementor-widget-heading .elementor-heading-title.elementor-size-small{font-size:15px}.elementor-widget-heading .elementor-heading-title.elementor-size-medium{font-size:19px}.elementor-widget-heading .elementor-heading-title.elementor-size-large{font-size:29px}.elementor-widget-heading .elementor-heading-title.elementor-size-xl{font-size:39px}.elementor-widget-heading .elementor-heading-title.elementor-size-xxl{font-size:59px}<\/style><h2 class=\"elementor-heading-title elementor-size-default\">CONHE\u00c7A E SAIBA COMO TRATAR SEU AMIGUINHO<\/h2>\t\t<\/div>\n\t\t\t\t<\/div>\n\t\t\t\t<\/div>\n\t\t\t\t\t<\/div>\n\t\t\t\t<\/div>\n\t\t<div class=\"elementor-element elementor-element-b425299 e-flex e-con-boxed e-con e-parent\" data-id=\"b425299\" data-element_type=\"container\" data-settings=\"{&quot;background_background&quot;:&quot;classic&quot;,&quot;content_width&quot;:&quot;boxed&quot;}\" data-core-v316-plus=\"true\">\n\t\t\t\t\t<div class=\"e-con-inner\">\n\t\t\t\t<div class=\"elementor-element elementor-element-f631c1d elementor-widget elementor-widget-heading\" data-id=\"f631c1d\" data-element_type=\"widget\" data-widget_type=\"heading.default\">\n\t\t\t\t<div class=\"elementor-widget-container\">\n\t\t\t<h2 class=\"elementor-heading-title elementor-size-default\">NESSE E-BOOK VOC\u00ca IR\u00c1 APRENDER<\/h2>\t\t<\/div>\n\t\t\t\t<\/div>\n\t\t\t\t\t<\/div>\n\t\t\t\t<\/div>\n\t\t<div class=\"elementor-element elementor-element-b69173c e-flex e-con-boxed e-con e-parent\" data-id=\"b69173c\" data-element_type=\"container\" data-settings=\"{&quot;background_background&quot;:&quot;classic&quot;,&quot;content_width&quot;:&quot;boxed&quot;}\" data-core-v316-plus=\"true\">\n\t\t\t\t\t<div class=\"e-con-inner\">\n\t\t\t\t<div class=\"elementor-element elementor-element-45a1580 elementor-widget elementor-widget-text-editor\" data-id=\"45a1580\" data-element_type=\"widget\" data-widget_type=\"text-editor.default\">\n\t\t\t\t<div class=\"elementor-widget-container\">\n\t\t\t<style>\/*! elementor - v3.19.0 - 28-02-2024 *\/\n.elementor-widget-text-editor.elementor-drop-cap-view-stacked .elementor-drop-cap{background-color:#69727d;color:#fff}.elementor-widget-text-editor.elementor-drop-cap-view-framed .elementor-drop-cap{color:#69727d;border:3px solid;background-color:transparent}.elementor-widget-text-editor:not(.elementor-drop-cap-view-default) .elementor-drop-cap{margin-top:8px}.elementor-widget-text-editor:not(.elementor-drop-cap-view-default) .elementor-drop-cap-letter{width:1em;height:1em}.elementor-widget-text-editor .elementor-drop-cap{float:left;text-align:center;line-height:1;font-size:50px}.elementor-widget-text-editor .elementor-drop-cap-letter{display:inline-block}<\/style>\t\t\t\t<p>Como tutor de um Lulu da Pomer\u00e2nia, \u00e9 essencial que voc\u00ea se familiarize com as caracter\u00edsticas \u00fanicas dessa ra\u00e7a. Conhecendo seus tra\u00e7os comportamentais e necessidades espec\u00edficas, voc\u00ea poder\u00e1 proporcionar um ambiente saud\u00e1vel e feliz para seu c\u00e3o. Os Lulus da Pomer\u00e2nia, tamb\u00e9m conhecidos como Spitz Alem\u00e3o An\u00e3o, s\u00e3o pequenos, mas t\u00eam uma personalidade vibrante e en\u00e9rgica. Eles s\u00e3o inteligentes e adoram aprender truques, mas tamb\u00e9m podem ser teimosos, o que requer paci\u00eancia e consist\u00eancia no treinamento. Al\u00e9m disso, devido ao seu pelo longo e denso, os Lulus da Pomer\u00e2nia precisam de escova\u00e7\u00e3o regular para evitar n\u00f3s e manter a sa\u00fade da pele. Eles tamb\u00e9m s\u00e3o propensos a problemas dent\u00e1rios, por isso \u00e9 importante cuidar da higiene oral do seu Lulu da Pomer\u00e2nia. Ao compreender e atender \u00e0s necessidades do seu c\u00e3o, voc\u00ea estar\u00e1 contribuindo para evitar problemas de sa\u00fade e comportamento, garantindo uma vida longa e feliz juntos.<\/p><p>Neste e-book voc\u00ea ir\u00e1 conhecer:<\/p><ul><li>Origem e hist\u00f3ria da ra\u00e7a<\/li><li>Cuidados b\u00e1sicos<\/li><li>temperamento e personalidade da ra\u00e7a<\/li><li>Regras de treinamento e socializa\u00e7\u00e3o<\/li><li>Problemas de sa\u00fade comuns<\/li><li>Como criar um ambiente ideal para ele<\/li><li>Curiosidades e fatos interessantes<\/li><li>Cuidados na ado\u00e7\u00e3o<\/li><li>Conviv\u00eancia com outros animais e crian\u00e7as<\/li><li>Cuidados e indica\u00e7\u00f5es alimentares<\/li><\/ul><p>Antes de conhecer seu c\u00e3o, voc\u00ea sabe mesmo o que ele precisa?<\/p><p>Muitos tutores enfrentam:<\/p><p>Desobedi\u00eancia ou destrui\u00e7\u00e3o por t\u00e9dio<\/p><p>Agressividade por falta de est\u00edmulo adequado<\/p><p>Gastos com adestramento e veterin\u00e1rio por desconhecimento<\/p><p>Com nossos e-books, voc\u00ea entende o comportamento natural da ra\u00e7a, aprende a estimular corretamente e cria um v\u00ednculo verdadeiro com seu c\u00e3o.<\/p><p>CONHECER \u00c9 FUNDAMENTAL PARA FAZER CERTO!!!<\/p>\t\t\t\t\t\t<\/div>\n\t\t\t\t<\/div>\n\t\t\t\t\t<\/div>\n\t\t\t\t<\/div>\n\t\t<div class=\"elementor-element elementor-element-e2c64d1 e-flex e-con-boxed e-con e-parent\" data-id=\"e2c64d1\" data-element_type=\"container\" data-settings=\"{&quot;background_background&quot;:&quot;classic&quot;,&quot;content_width&quot;:&quot;boxed&quot;}\" data-core-v316-plus=\"true\">\n\t\t\t\t\t<div class=\"e-con-inner\">\n\t\t<div class=\"elementor-element elementor-element-da1f8ec e-con-full e-flex e-con e-child\" data-id=\"da1f8ec\" data-element_type=\"container\" data-settings=\"{&quot;content_width&quot;:&quot;full&quot;}\">\n\t\t\t\t<div class=\"elementor-element elementor-element-b28b220 elementor-widget elementor-widget-image\" data-id=\"b28b220\" data-element_type=\"widget\" data-widget_type=\"image.default\">\n\t\t\t\t<div class=\"elementor-widget-container\">\n\t\t\t\t\t\t\t\t\t\t\t\t\t<img decoding=\"async\" width=\"600\" height=\"600\" src=\"https:\/\/petsnossos.com\/wp-content\/uploads\/2024\/05\/LULU-TESTE-1.png\" class=\"attachment-large size-large wp-image-1737\" alt=\"\" srcset=\"https:\/\/petsnossos.com\/wp-content\/uploads\/2024\/05\/LULU-TESTE-1.png 600w, https:\/\/petsnossos.com\/wp-content\/uploads\/2024\/05\/LULU-TESTE-1-300x300.png 300w, https:\/\/petsnossos.com\/wp-content\/uploads\/2024\/05\/LULU-TESTE-1-150x150.png 150w\" sizes=\"(max-width: 600px) 100vw, 600px\" \/>\t\t\t\t\t\t\t\t\t\t\t\t\t<\/div>\n\t\t\t\t<\/div>\n\t\t\t\t<\/div>\n\t\t<div class=\"elementor-element elementor-element-35f3ca1 e-con-full e-flex e-con e-child\" data-id=\"35f3ca1\" data-element_type=\"container\" data-settings=\"{&quot;content_width&quot;:&quot;full&quot;}\">\n\t\t\t\t<div class=\"elementor-element elementor-element-f84e781 elementor-widget elementor-widget-image\" data-id=\"f84e781\" data-element_type=\"widget\" data-widget_type=\"image.default\">\n\t\t\t\t<div class=\"elementor-widget-container\">\n\t\t\t\t\t\t\t\t\t\t\t\t\t<img decoding=\"async\" width=\"227\" height=\"223\" src=\"https:\/\/petsnossos.com\/wp-content\/uploads\/2024\/04\/GARANTIA-2.jpg\" class=\"attachment-large size-large wp-image-736\" alt=\"\" \/>\t\t\t\t\t\t\t\t\t\t\t\t\t<\/div>\n\t\t\t\t<\/div>\n\t\t\t\t<\/div>\n\t\t\t\t\t<\/div>\n\t\t\t\t<\/div>\n\t\t<div class=\"elementor-element elementor-element-312185d e-flex e-con-boxed e-con e-parent\" data-id=\"312185d\" data-element_type=\"container\" data-settings=\"{&quot;content_width&quot;:&quot;boxed&quot;}\" data-core-v316-plus=\"true\">\n\t\t\t\t\t<div class=\"e-con-inner\">\n\t\t<div class=\"elementor-element elementor-element-df0f852 e-con-full e-flex e-con e-child\" data-id=\"df0f852\" data-element_type=\"container\" data-settings=\"{&quot;content_width&quot;:&quot;full&quot;}\">\n\t\t\t\t<div class=\"elementor-element elementor-element-dc066a9 elementor-widget elementor-widget-text-editor\" data-id=\"dc066a9\" data-element_type=\"widget\" data-widget_type=\"text-editor.default\">\n\t\t\t\t<div class=\"elementor-widget-container\">\n\t\t\t\t\t\t\t<p>Voc\u00ea poder\u00e1\u00a0 ser um \u00f3timo tutor para seu amiguinho por apenas R$49,90, promo\u00e7\u00e3o v\u00e1lida apenas aos primeiros 20 compradores, que pode ser parcelado de acordo com sua necessidade. Caso o e-book n\u00e3o corresponda sua expectativa , voc\u00ea poder\u00e1 solicitar o reembolso em at\u00e9 7 dias.\u00a0<br \/><br \/><\/p>\t\t\t\t\t\t<\/div>\n\t\t\t\t<\/div>\n\t\t\t\t<\/div>\n\t\t<div class=\"elementor-element elementor-element-683e370 e-con-full e-flex e-con e-child\" data-id=\"683e370\" data-element_type=\"container\" data-settings=\"{&quot;content_width&quot;:&quot;full&quot;}\">\n\t\t\t\t<div class=\"elementor-element elementor-element-d2030a4 elementor-widget elementor-widget-heading\" data-id=\"d2030a4\" data-element_type=\"widget\" data-widget_type=\"heading.default\">\n\t\t\t\t<div class=\"elementor-widget-container\">\n\t\t\t<h2 class=\"elementor-heading-title elementor-size-default\">APROVEITE , SEJA UM DOS 20 PRIMEIROS<\/h2>\t\t<\/div>\n\t\t\t\t<\/div>\n\t\t\t\t<div class=\"elementor-element elementor-element-65b380e elementor-align-center elementor-widget elementor-widget-button\" data-id=\"65b380e\" data-element_type=\"widget\" data-widget_type=\"button.default\">\n\t\t\t\t<div class=\"elementor-widget-container\">\n\t\t\t\t\t<div class=\"elementor-button-wrapper\">\n\t\t\t<a class=\"elementor-button elementor-button-link elementor-size-lg elementor-animation-pulse-grow\" href=\"https:\/\/chk.eduzz.com\/uhtfvhlf\">\n\t\t\t\t\t\t<span class=\"elementor-button-content-wrapper\">\n\t\t\t\t\t\t<span class=\"elementor-button-text\">SIM, QUERO SER UM BOM TUTOR<\/span>\n\t\t<\/span>\n\t\t\t\t\t<\/a>\n\t\t<\/div>\n\t\t\t\t<\/div>\n\t\t\t\t<\/div>\n\t\t\t\t<\/div>\n\t\t\t\t\t<\/div>\n\t\t\t\t<\/div>\n\t\t<div class=\"elementor-element elementor-element-1b120be e-flex e-con-boxed e-con e-parent\" data-id=\"1b120be\" data-element_type=\"container\" data-settings=\"{&quot;background_background&quot;:&quot;classic&quot;,&quot;content_width&quot;:&quot;boxed&quot;}\" data-core-v316-plus=\"true\">\n\t\t\t\t\t<div class=\"e-con-inner\">\n\t\t\t\t<div class=\"elementor-element elementor-element-547bb82 elementor-widget elementor-widget-heading\" data-id=\"547bb82\" data-element_type=\"widget\" data-widget_type=\"heading.default\">\n\t\t\t\t<div class=\"elementor-widget-container\">\n\t\t\t<h2 class=\"elementor-heading-title elementor-size-default\">DEPOIMENTOS<\/h2>\t\t<\/div>\n\t\t\t\t<\/div>\n\t\t\t\t\t<\/div>\n\t\t\t\t<\/div>\n\t\t<div class=\"elementor-element elementor-element-1c28288 e-flex e-con-boxed e-con e-parent\" data-id=\"1c28288\" data-element_type=\"container\" data-settings=\"{&quot;background_background&quot;:&quot;classic&quot;,&quot;content_width&quot;:&quot;boxed&quot;}\" data-core-v316-plus=\"true\">\n\t\t\t\t\t<div class=\"e-con-inner\">\n\t\t<div class=\"elementor-element elementor-element-a5359e0 e-con-full e-flex e-con e-child\" data-id=\"a5359e0\" data-element_type=\"container\" data-settings=\"{&quot;content_width&quot;:&quot;full&quot;}\">\n\t\t\t\t<div class=\"elementor-element elementor-element-418691f elementor-widget elementor-widget-text-editor\" data-id=\"418691f\" data-element_type=\"widget\" data-widget_type=\"text-editor.default\">\n\t\t\t\t<div class=\"elementor-widget-container\">\n\t\t\t\t\t\t\t<p>D\u00e9bora Farias, 34 anos \u2013 Jo\u00e3o Pessoa\/PB<br \/>\u201cGostei muito do material. Agora consigo interpretar melhor as atitudes do meu pet.\u201d<\/p>\t\t\t\t\t\t<\/div>\n\t\t\t\t<\/div>\n\t\t\t\t<\/div>\n\t\t<div class=\"elementor-element elementor-element-9cc3e44 e-con-full e-flex e-con e-child\" data-id=\"9cc3e44\" data-element_type=\"container\" data-settings=\"{&quot;content_width&quot;:&quot;full&quot;}\">\n\t\t\t\t<div class=\"elementor-element elementor-element-f37500b elementor-widget elementor-widget-text-editor\" data-id=\"f37500b\" data-element_type=\"widget\" data-widget_type=\"text-editor.default\">\n\t\t\t\t<div class=\"elementor-widget-container\">\n\t\t\t\t\t\t\t<p>Jos\u00e9 Carlos, 52 anos \u2013 Blumenau\/SC<br \/>\u201cVale cada p\u00e1gina! Entender o temperamento da ra\u00e7a ajudou muito no adestramento.\u201d<\/p>\t\t\t\t\t\t<\/div>\n\t\t\t\t<\/div>\n\t\t\t\t<\/div>\n\t\t<div class=\"elementor-element elementor-element-e8cfeda e-con-full e-flex e-con e-child\" data-id=\"e8cfeda\" data-element_type=\"container\" data-settings=\"{&quot;content_width&quot;:&quot;full&quot;}\">\n\t\t\t\t<div class=\"elementor-element elementor-element-943bb06 elementor-widget elementor-widget-text-editor\" data-id=\"943bb06\" data-element_type=\"widget\" data-widget_type=\"text-editor.default\">\n\t\t\t\t<div class=\"elementor-widget-container\">\n\t\t\t\t\t\t\t<p>Bruna Lima, 27 anos \u2013 Macei\u00f3\/AL<br \/>\u201cAdorei a forma como o conte\u00fado \u00e9 apresentado. Fica f\u00e1cil entender o que cada ra\u00e7a precisa.\u201d<\/p>\t\t\t\t\t\t<\/div>\n\t\t\t\t<\/div>\n\t\t\t\t<\/div>\n\t\t<div class=\"elementor-element elementor-element-50723e4 e-con-full e-flex e-con e-child\" data-id=\"50723e4\" data-element_type=\"container\" data-settings=\"{&quot;content_width&quot;:&quot;full&quot;}\">\n\t\t\t\t<div class=\"elementor-element elementor-element-27faa45 elementor-widget elementor-widget-text-editor\" data-id=\"27faa45\" data-element_type=\"widget\" data-widget_type=\"text-editor.default\">\n\t\t\t\t<div class=\"elementor-widget-container\">\n\t\t\t\t\t\t\t<p>Rafael Oliveira, 38 anos \u2013 Teresina\/PI<br \/>\u201cCom as dicas do e-book, melhorei o comportamento do meu cachorro e a harmonia em casa.\u201d<\/p>\t\t\t\t\t\t<\/div>\n\t\t\t\t<\/div>\n\t\t\t\t<\/div>\n\t\t\t\t\t<\/div>\n\t\t\t\t<\/div>\n\t\t<div class=\"elementor-element elementor-element-ee46460 e-flex e-con-boxed e-con e-parent\" data-id=\"ee46460\" data-element_type=\"container\" data-settings=\"{&quot;background_background&quot;:&quot;classic&quot;,&quot;content_width&quot;:&quot;boxed&quot;}\" data-core-v316-plus=\"true\">\n\t\t\t\t\t<div class=\"e-con-inner\">\n\t\t\t\t<div class=\"elementor-element elementor-element-809d1c4 elementor-widget elementor-widget-heading\" data-id=\"809d1c4\" data-element_type=\"widget\" data-widget_type=\"heading.default\">\n\t\t\t\t<div class=\"elementor-widget-container\">\n\t\t\t<h2 class=\"elementor-heading-title elementor-size-default\">PERGUNTAS  FREQUENTES<\/h2>\t\t<\/div>\n\t\t\t\t<\/div>\n\t\t\t\t<div class=\"elementor-element elementor-element-d97c888 elementor-widget elementor-widget-text-editor\" data-id=\"d97c888\" data-element_type=\"widget\" data-widget_type=\"text-editor.default\">\n\t\t\t\t<div class=\"elementor-widget-container\">\n\t\t\t\t\t\t\t<p>\u00c9 um livro f\u00edsico ou digital?<br \/>\u00a0Digital. Voc\u00ea recebe o e-book por e-mail imediatamente ap\u00f3s a compra.<\/p><p>Posso ler no celular?<br \/>Sim, os arquivos s\u00e3o compat\u00edveis com celular, tablet ou computador.<\/p><p>\u00a0\u00c9 indicado para quem ainda n\u00e3o tem cachorro?<br \/>Sim! \u00c9 o melhor momento para conhecer a ra\u00e7a antes de decidir.<\/p><p>O primeiro passo para uma conviv\u00eancia feliz come\u00e7a com o conhecimento?<br \/>Sim<\/p><p>\u00a0 \u00a0 \u00a0 \u00a0 \u00a0 \u00a0 \u00a0 \u00a0 \u00a0 \u00a0 \u00a0 \u00a0 \u00a0 \u00a0 Se Queres Conhecer a Ra\u00e7a do seu C\u00e3o<\/p><p>\u00a0 \u00a0 \u00a0 \u00a0 \u00a0 \u00a0 \u00a0 \u00a0 \u00a0 \u00a0Acesse agora e receba seu e-book em segundos!<\/p>\t\t\t\t\t\t<\/div>\n\t\t\t\t<\/div>\n\t\t\t\t\t<\/div>\n\t\t\t\t<\/div>\n\t\t<div class=\"elementor-element elementor-element-5e191bc e-flex e-con-boxed e-con e-parent\" data-id=\"5e191bc\" data-element_type=\"container\" data-settings=\"{&quot;background_background&quot;:&quot;classic&quot;,&quot;content_width&quot;:&quot;boxed&quot;}\" data-core-v316-plus=\"true\">\n\t\t\t\t\t<div class=\"e-con-inner\">\n\t\t\t\t<div class=\"elementor-element elementor-element-94f1461 elementor-widget elementor-widget-heading\" data-id=\"94f1461\" data-element_type=\"widget\" data-widget_type=\"heading.default\">\n\t\t\t\t<div class=\"elementor-widget-container\">\n\t\t\t<h2 class=\"elementor-heading-title elementor-size-default\">VALOR MENOR QUE UMA CONSULTA VETERIN\u00c1RIA<\/h2>\t\t<\/div>\n\t\t\t\t<\/div>\n\t\t\t\t<div class=\"elementor-element elementor-element-891d215 elementor-align-center elementor-widget elementor-widget-button\" data-id=\"891d215\" data-element_type=\"widget\" data-widget_type=\"button.default\">\n\t\t\t\t<div class=\"elementor-widget-container\">\n\t\t\t\t\t<div class=\"elementor-button-wrapper\">\n\t\t\t<a class=\"elementor-button elementor-button-link elementor-size-lg elementor-animation-pulse-grow\" href=\"https:\/\/chk.eduzz.com\/uhtfvhlf\">\n\t\t\t\t\t\t<span class=\"elementor-button-content-wrapper\">\n\t\t\t\t\t\t<span class=\"elementor-button-text\">SIM, QUERO SER UM BOM TUTOR<\/span>\n\t\t<\/span>\n\t\t\t\t\t<\/a>\n\t\t<\/div>\n\t\t\t\t<\/div>\n\t\t\t\t<\/div>\n\t\t\t\t\t<\/div>\n\t\t\t\t<\/div>\n\t\t\t\t<\/div>\n\t\t","protected":false},"excerpt":{"rendered":"<p>CONHE\u00c7A E SAIBA COMO TRATAR SEU AMIGUINHO NESSE E-BOOK VOC\u00ca IR\u00c1 APRENDER Como tutor de um Lulu da Pomer\u00e2nia, \u00e9 essencial que voc\u00ea se familiarize com as caracter\u00edsticas \u00fanicas dessa ra\u00e7a. Conhecendo seus tra\u00e7os comportamentais e necessidades espec\u00edficas, voc\u00ea poder\u00e1 proporcionar um ambiente saud\u00e1vel e feliz para seu c\u00e3o. Os Lulus da Pomer\u00e2nia, tamb\u00e9m conhecidos [&hellip;]<\/p>\n","protected":false},"author":1,"featured_media":0,"parent":0,"menu_order":0,"comment_status":"closed","ping_status":"closed","template":"elementor_canvas","meta":{"footnotes":""},"_links":{"self":[{"href":"https:\/\/petsnossos.com\/index.php\/wp-json\/wp\/v2\/pages\/3087"}],"collection":[{"href":"https:\/\/petsnossos.com\/index.php\/wp-json\/wp\/v2\/pages"}],"about":[{"href":"https:\/\/petsnossos.com\/index.php\/wp-json\/wp\/v2\/types\/page"}],"author":[{"embeddable":true,"href":"https:\/\/petsnossos.com\/index.php\/wp-json\/wp\/v2\/users\/1"}],"replies":[{"embeddable":true,"href":"https:\/\/petsnossos.com\/index.php\/wp-json\/wp\/v2\/comments?post=3087"}],"version-history":[{"count":139,"href":"https:\/\/petsnossos.com\/index.php\/wp-json\/wp\/v2\/pages\/3087\/revisions"}],"predecessor-version":[{"id":5734,"href":"https:\/\/petsnossos.com\/index.php\/wp-json\/wp\/v2\/pages\/3087\/revisions\/5734"}],"wp:attachment":[{"href":"https:\/\/petsnossos.com\/index.php\/wp-json\/wp\/v2\/media?parent=3087"}],"curies":[{"name":"wp","href":"https:\/\/api.w.org\/{rel}","templated":true}]}}