{"id":3463,"date":"2025-10-23T10:00:07","date_gmt":"2025-10-23T13:00:07","guid":{"rendered":"https:\/\/petsnossos.com\/?page_id=3463"},"modified":"2026-01-27T09:17:52","modified_gmt":"2026-01-27T12:17:52","slug":"maltes-pv3","status":"publish","type":"page","link":"https:\/\/petsnossos.com\/index.php\/maltes-pv3\/","title":{"rendered":"MALTES PV3"},"content":{"rendered":"\t\t<div data-elementor-type=\"wp-page\" data-elementor-id=\"3463\" class=\"elementor elementor-3463\">\n\t\t\t\t<div class=\"elementor-element elementor-element-79d0629 e-flex e-con-boxed e-con e-parent\" data-id=\"79d0629\" data-element_type=\"container\" data-settings=\"{&quot;background_background&quot;:&quot;classic&quot;,&quot;content_width&quot;:&quot;boxed&quot;}\" data-core-v316-plus=\"true\">\n\t\t\t\t\t<div class=\"e-con-inner\">\n\t\t<div class=\"elementor-element elementor-element-f7b5382 e-con-full e-flex e-con e-child\" data-id=\"f7b5382\" data-element_type=\"container\" data-settings=\"{&quot;content_width&quot;:&quot;full&quot;}\">\n\t\t\t\t<div class=\"elementor-element elementor-element-79654be elementor-widget elementor-widget-image\" data-id=\"79654be\" data-element_type=\"widget\" data-widget_type=\"image.default\">\n\t\t\t\t<div class=\"elementor-widget-container\">\n\t\t\t<style>\/*! elementor - v3.19.0 - 28-02-2024 *\/\n.elementor-widget-image{text-align:center}.elementor-widget-image a{display:inline-block}.elementor-widget-image a img[src$=\".svg\"]{width:48px}.elementor-widget-image img{vertical-align:middle;display:inline-block}<\/style>\t\t\t\t\t\t\t\t\t\t<img fetchpriority=\"high\" decoding=\"async\" width=\"600\" height=\"600\" src=\"https:\/\/petsnossos.com\/wp-content\/uploads\/2024\/03\/MALTES.png\" class=\"attachment-large size-large wp-image-624\" alt=\"\" srcset=\"https:\/\/petsnossos.com\/wp-content\/uploads\/2024\/03\/MALTES.png 600w, https:\/\/petsnossos.com\/wp-content\/uploads\/2024\/03\/MALTES-300x300.png 300w, https:\/\/petsnossos.com\/wp-content\/uploads\/2024\/03\/MALTES-150x150.png 150w\" sizes=\"(max-width: 600px) 100vw, 600px\" \/>\t\t\t\t\t\t\t\t\t\t\t\t\t<\/div>\n\t\t\t\t<\/div>\n\t\t\t\t<\/div>\n\t\t<div class=\"elementor-element elementor-element-65df1bd e-con-full e-flex e-con e-child\" data-id=\"65df1bd\" data-element_type=\"container\" data-settings=\"{&quot;content_width&quot;:&quot;full&quot;}\">\n\t\t\t\t<div class=\"elementor-element elementor-element-de8d336 elementor-widget elementor-widget-heading\" data-id=\"de8d336\" data-element_type=\"widget\" data-widget_type=\"heading.default\">\n\t\t\t\t<div class=\"elementor-widget-container\">\n\t\t\t<style>\/*! elementor - v3.19.0 - 28-02-2024 *\/\n.elementor-heading-title{padding:0;margin:0;line-height:1}.elementor-widget-heading .elementor-heading-title[class*=elementor-size-]>a{color:inherit;font-size:inherit;line-height:inherit}.elementor-widget-heading .elementor-heading-title.elementor-size-small{font-size:15px}.elementor-widget-heading .elementor-heading-title.elementor-size-medium{font-size:19px}.elementor-widget-heading .elementor-heading-title.elementor-size-large{font-size:29px}.elementor-widget-heading .elementor-heading-title.elementor-size-xl{font-size:39px}.elementor-widget-heading .elementor-heading-title.elementor-size-xxl{font-size:59px}<\/style><h2 class=\"elementor-heading-title elementor-size-default\">CONHE\u00c7A E SAIBA COMO TRATAR SEU AMIGUINHO<\/h2>\t\t<\/div>\n\t\t\t\t<\/div>\n\t\t\t\t<\/div>\n\t\t\t\t\t<\/div>\n\t\t\t\t<\/div>\n\t\t<div class=\"elementor-element elementor-element-239ed7b e-flex e-con-boxed e-con e-parent\" data-id=\"239ed7b\" data-element_type=\"container\" data-settings=\"{&quot;background_background&quot;:&quot;classic&quot;,&quot;content_width&quot;:&quot;boxed&quot;}\" data-core-v316-plus=\"true\">\n\t\t\t\t\t<div class=\"e-con-inner\">\n\t\t\t\t<div class=\"elementor-element elementor-element-01e116c elementor-widget elementor-widget-heading\" data-id=\"01e116c\" data-element_type=\"widget\" data-widget_type=\"heading.default\">\n\t\t\t\t<div class=\"elementor-widget-container\">\n\t\t\t<h2 class=\"elementor-heading-title elementor-size-default\">NESSE E-BOOK VOC\u00ca IR\u00c1 APRENDER<\/h2>\t\t<\/div>\n\t\t\t\t<\/div>\n\t\t\t\t\t<\/div>\n\t\t\t\t<\/div>\n\t\t<div class=\"elementor-element elementor-element-37c19db e-flex e-con-boxed e-con e-parent\" data-id=\"37c19db\" data-element_type=\"container\" data-settings=\"{&quot;background_background&quot;:&quot;classic&quot;,&quot;content_width&quot;:&quot;boxed&quot;}\" data-core-v316-plus=\"true\">\n\t\t\t\t\t<div class=\"e-con-inner\">\n\t\t\t\t<div class=\"elementor-element elementor-element-4912e28 elementor-widget elementor-widget-text-editor\" data-id=\"4912e28\" data-element_type=\"widget\" data-widget_type=\"text-editor.default\">\n\t\t\t\t<div class=\"elementor-widget-container\">\n\t\t\t<style>\/*! elementor - v3.19.0 - 28-02-2024 *\/\n.elementor-widget-text-editor.elementor-drop-cap-view-stacked .elementor-drop-cap{background-color:#69727d;color:#fff}.elementor-widget-text-editor.elementor-drop-cap-view-framed .elementor-drop-cap{color:#69727d;border:3px solid;background-color:transparent}.elementor-widget-text-editor:not(.elementor-drop-cap-view-default) .elementor-drop-cap{margin-top:8px}.elementor-widget-text-editor:not(.elementor-drop-cap-view-default) .elementor-drop-cap-letter{width:1em;height:1em}.elementor-widget-text-editor .elementor-drop-cap{float:left;text-align:center;line-height:1;font-size:50px}.elementor-widget-text-editor .elementor-drop-cap-letter{display:inline-block}<\/style>\t\t\t\t<p>Como tutor de um Malt\u00eas, \u00e9 fundamental que voc\u00ea se familiarize com as caracter\u00edsticas \u00fanicas dessa ra\u00e7a. Conhecendo seus tra\u00e7os comportamentais e necessidades espec\u00edficas, voc\u00ea poder\u00e1 proporcionar um ambiente saud\u00e1vel e feliz para seu c\u00e3o. Os Malt\u00eas s\u00e3o conhecidos por sua personalidade gentil e amorosa, mas tamb\u00e9m podem ser sens\u00edveis, requerendo uma abordagem suave no treinamento. Al\u00e9m disso, eles t\u00eam um pelo longo e sedoso que necessita de cuidados di\u00e1rios para evitar n\u00f3s e emaranhados. Os Malt\u00eas tamb\u00e9m s\u00e3o propensos a problemas dent\u00e1rios, por isso \u00e9 importante cuidar da higiene oral do seu c\u00e3o. Ao compreender e atender \u00e0s necessidades do seu Malt\u00eas, voc\u00ea estar\u00e1 contribuindo para evitar problemas de sa\u00fade e comportamento, garantindo uma vida longa e feliz juntos.<\/p><p>Antes de conhecer seu c\u00e3o, voc\u00ea sabe mesmo o que ele precisa?<\/p><p>Muitos tutores enfrentam:<\/p><p>Desobedi\u00eancia ou destrui\u00e7\u00e3o por t\u00e9dio<\/p><p>Agressividade por falta de est\u00edmulo adequado<\/p><p>Gastos com adestramento e veterin\u00e1rio por desconhecimento<\/p><p>Hist\u00f3ria e origem da ra\u00e7a<\/p><p>Tra\u00e7os de personalidade<\/p><p>N\u00edvel de energia e necessidades de atividade<\/p><p>Cuidados com sa\u00fade e alimenta\u00e7\u00e3o<\/p><p>Dicas para socializa\u00e7\u00e3o e adestramento<\/p><p>Intera\u00e7\u00e3o com outros animais e crian\u00e7as<\/p><p>\u00a0Tudo explicado em linguagem simples, com base em estudos e experi\u00eancia real de criadores e tutores.<\/p><p>Com nossos e-books, voc\u00ea entende o comportamento natural da ra\u00e7a, aprende a estimular corretamente e cria um v\u00ednculo verdadeiro com seu c\u00e3o.<\/p><p>Em resumo, conhecer as caracter\u00edsticas e necessidades espec\u00edficas do Maltes \u00e9 fundamental para proporcionar a ele uma vida saud\u00e1vel e feliz. Ao compreender suas particularidades, voc\u00ea ser\u00e1 capaz de prevenir problemas de sa\u00fade e comportamento, garantindo uma rela\u00e7\u00e3o duradoura e harmoniosa com seu fiel companheiro de quatro patas. Invista tempo em conhecer seu Maltes e desfrute de todos os momentos maravilhosos que essa ra\u00e7a encantadora tem a oferecer!&#8221;<\/p><p>\u00a0 CONHECER \u00c9 FUNDAMENTAL PARA FAZER CERTO!!!<\/p>\t\t\t\t\t\t<\/div>\n\t\t\t\t<\/div>\n\t\t\t\t\t<\/div>\n\t\t\t\t<\/div>\n\t\t<div class=\"elementor-element elementor-element-ca5781a e-flex e-con-boxed e-con e-parent\" data-id=\"ca5781a\" data-element_type=\"container\" data-settings=\"{&quot;content_width&quot;:&quot;boxed&quot;}\" data-core-v316-plus=\"true\">\n\t\t\t\t\t<div class=\"e-con-inner\">\n\t\t<div class=\"elementor-element elementor-element-ea1ffff e-con-full e-flex e-con e-child\" data-id=\"ea1ffff\" data-element_type=\"container\" data-settings=\"{&quot;content_width&quot;:&quot;full&quot;}\">\n\t\t\t\t<div class=\"elementor-element elementor-element-2ee3349 elementor-widget elementor-widget-image\" data-id=\"2ee3349\" data-element_type=\"widget\" data-widget_type=\"image.default\">\n\t\t\t\t<div class=\"elementor-widget-container\">\n\t\t\t\t\t\t\t\t\t\t\t\t\t<img decoding=\"async\" width=\"800\" height=\"455\" src=\"https:\/\/petsnossos.com\/wp-content\/uploads\/2024\/09\/CAPA-MALTES-3D-1024x582.jpg\" class=\"attachment-large size-large wp-image-1958\" alt=\"\" srcset=\"https:\/\/petsnossos.com\/wp-content\/uploads\/2024\/09\/CAPA-MALTES-3D-1024x582.jpg 1024w, https:\/\/petsnossos.com\/wp-content\/uploads\/2024\/09\/CAPA-MALTES-3D-300x170.jpg 300w, https:\/\/petsnossos.com\/wp-content\/uploads\/2024\/09\/CAPA-MALTES-3D-768x436.jpg 768w, https:\/\/petsnossos.com\/wp-content\/uploads\/2024\/09\/CAPA-MALTES-3D-1536x873.jpg 1536w, https:\/\/petsnossos.com\/wp-content\/uploads\/2024\/09\/CAPA-MALTES-3D-2048x1164.jpg 2048w\" sizes=\"(max-width: 800px) 100vw, 800px\" \/>\t\t\t\t\t\t\t\t\t\t\t\t\t<\/div>\n\t\t\t\t<\/div>\n\t\t\t\t<\/div>\n\t\t<div class=\"elementor-element elementor-element-9377276 e-con-full e-flex e-con e-child\" data-id=\"9377276\" data-element_type=\"container\" data-settings=\"{&quot;content_width&quot;:&quot;full&quot;}\">\n\t\t\t\t<div class=\"elementor-element elementor-element-9c2ff21 elementor-widget elementor-widget-image\" data-id=\"9c2ff21\" data-element_type=\"widget\" data-widget_type=\"image.default\">\n\t\t\t\t<div class=\"elementor-widget-container\">\n\t\t\t\t\t\t\t\t\t\t\t\t\t<img decoding=\"async\" width=\"227\" height=\"223\" src=\"https:\/\/petsnossos.com\/wp-content\/uploads\/2024\/04\/GARANTIA-2.jpg\" class=\"attachment-large size-large wp-image-736\" alt=\"\" \/>\t\t\t\t\t\t\t\t\t\t\t\t\t<\/div>\n\t\t\t\t<\/div>\n\t\t\t\t<\/div>\n\t\t\t\t\t<\/div>\n\t\t\t\t<\/div>\n\t\t<div class=\"elementor-element elementor-element-9a81a13 e-flex e-con-boxed e-con e-parent\" data-id=\"9a81a13\" data-element_type=\"container\" data-settings=\"{&quot;content_width&quot;:&quot;boxed&quot;}\" data-core-v316-plus=\"true\">\n\t\t\t\t\t<div class=\"e-con-inner\">\n\t\t<div class=\"elementor-element elementor-element-a8a2334 e-con-full e-flex e-con e-child\" data-id=\"a8a2334\" data-element_type=\"container\" data-settings=\"{&quot;content_width&quot;:&quot;full&quot;}\">\n\t\t\t\t<div class=\"elementor-element elementor-element-c7a3333 elementor-widget elementor-widget-text-editor\" data-id=\"c7a3333\" data-element_type=\"widget\" data-widget_type=\"text-editor.default\">\n\t\t\t\t<div class=\"elementor-widget-container\">\n\t\t\t\t\t\t\t<p>Voc\u00ea poder\u00e1\u00a0 ser um \u00f3timo tutor para seu amiguinho por apenas R$49,90, promo\u00e7\u00e3o v\u00e1lida apenas aos primeiros 20 compradores, que pode ser parcelado de acordo com sua necessidade. Caso o e-book n\u00e3o corresponda sua expectativa , voc\u00ea poder\u00e1 solicitar o reembolso em at\u00e9 7 dias.\u00a0<\/p>\t\t\t\t\t\t<\/div>\n\t\t\t\t<\/div>\n\t\t\t\t<\/div>\n\t\t<div class=\"elementor-element elementor-element-a1e31f2 e-con-full e-flex e-con e-child\" data-id=\"a1e31f2\" data-element_type=\"container\" data-settings=\"{&quot;content_width&quot;:&quot;full&quot;}\">\n\t\t\t\t<div class=\"elementor-element elementor-element-dbce056 elementor-align-center elementor-widget elementor-widget-button\" data-id=\"dbce056\" data-element_type=\"widget\" data-widget_type=\"button.default\">\n\t\t\t\t<div class=\"elementor-widget-container\">\n\t\t\t\t\t<div class=\"elementor-button-wrapper\">\n\t\t\t<a class=\"elementor-button elementor-button-link elementor-size-lg elementor-animation-pulse-grow\" href=\"https:\/\/chk.eduzz.com\/etvdvprj\">\n\t\t\t\t\t\t<span class=\"elementor-button-content-wrapper\">\n\t\t\t\t\t\t<span class=\"elementor-button-text\">SIM, QUERO SER UM BOM TUTOR<\/span>\n\t\t<\/span>\n\t\t\t\t\t<\/a>\n\t\t<\/div>\n\t\t\t\t<\/div>\n\t\t\t\t<\/div>\n\t\t\t\t<div class=\"elementor-element elementor-element-bceef21 elementor-widget elementor-widget-heading\" data-id=\"bceef21\" data-element_type=\"widget\" data-widget_type=\"heading.default\">\n\t\t\t\t<div class=\"elementor-widget-container\">\n\t\t\t<h2 class=\"elementor-heading-title elementor-size-default\">APROVEITE A PROMO\u00c7\u00c3O, SEJA UM DOS 20 PRIMEIROS<\/h2>\t\t<\/div>\n\t\t\t\t<\/div>\n\t\t\t\t<\/div>\n\t\t\t\t\t<\/div>\n\t\t\t\t<\/div>\n\t\t<div class=\"elementor-element elementor-element-6b7b4cf e-flex e-con-boxed e-con e-parent\" data-id=\"6b7b4cf\" data-element_type=\"container\" data-settings=\"{&quot;background_background&quot;:&quot;classic&quot;,&quot;content_width&quot;:&quot;boxed&quot;}\" data-core-v316-plus=\"true\">\n\t\t\t\t\t<div class=\"e-con-inner\">\n\t\t\t\t<div class=\"elementor-element elementor-element-d852516 elementor-widget elementor-widget-heading\" data-id=\"d852516\" data-element_type=\"widget\" data-widget_type=\"heading.default\">\n\t\t\t\t<div class=\"elementor-widget-container\">\n\t\t\t<h2 class=\"elementor-heading-title elementor-size-default\">DEPOIMENTOS<\/h2>\t\t<\/div>\n\t\t\t\t<\/div>\n\t\t\t\t\t<\/div>\n\t\t\t\t<\/div>\n\t\t<div class=\"elementor-element elementor-element-6812519 e-flex e-con-boxed e-con e-parent\" data-id=\"6812519\" data-element_type=\"container\" data-settings=\"{&quot;background_background&quot;:&quot;classic&quot;,&quot;content_width&quot;:&quot;boxed&quot;}\" data-core-v316-plus=\"true\">\n\t\t\t\t\t<div class=\"e-con-inner\">\n\t\t<div class=\"elementor-element elementor-element-bc6917a e-con-full e-flex e-con e-child\" data-id=\"bc6917a\" data-element_type=\"container\" data-settings=\"{&quot;content_width&quot;:&quot;full&quot;}\">\n\t\t\t\t<div class=\"elementor-element elementor-element-60bd293 elementor-widget elementor-widget-text-editor\" data-id=\"60bd293\" data-element_type=\"widget\" data-widget_type=\"text-editor.default\">\n\t\t\t\t<div class=\"elementor-widget-container\">\n\t\t\t\t\t\t\t<p>Mariana Souza, 28 anos \u2013 Curitiba\/PR<br \/>\u201cAdorei o e-book! Aprendi muito sobre o comportamento do meu cachorro. Conhecer \u00e9 realmente a melhor forma de cuidar.\u201d<\/p>\t\t\t\t\t\t<\/div>\n\t\t\t\t<\/div>\n\t\t\t\t<\/div>\n\t\t<div class=\"elementor-element elementor-element-994bce9 e-con-full e-flex e-con e-child\" data-id=\"994bce9\" data-element_type=\"container\" data-settings=\"{&quot;content_width&quot;:&quot;full&quot;}\">\n\t\t\t\t<div class=\"elementor-element elementor-element-6c5611b elementor-widget elementor-widget-text-editor\" data-id=\"6c5611b\" data-element_type=\"widget\" data-widget_type=\"text-editor.default\">\n\t\t\t\t<div class=\"elementor-widget-container\">\n\t\t\t\t\t\t\t<p>Jo\u00e3o Victor, 42 anos \u2013 Porto Alegre\/RS<br \/>\u201cDepois que li, entendi coisas simples que faziam toda a diferen\u00e7a. Agora o conv\u00edvio com meu c\u00e3o \u00e9 muito melhor.\u201d<\/p>\t\t\t\t\t\t<\/div>\n\t\t\t\t<\/div>\n\t\t\t\t<\/div>\n\t\t<div class=\"elementor-element elementor-element-647c248 e-con-full e-flex e-con e-child\" data-id=\"647c248\" data-element_type=\"container\" data-settings=\"{&quot;content_width&quot;:&quot;full&quot;}\">\n\t\t\t\t<div class=\"elementor-element elementor-element-02bc569 elementor-widget elementor-widget-text-editor\" data-id=\"02bc569\" data-element_type=\"widget\" data-widget_type=\"text-editor.default\">\n\t\t\t\t<div class=\"elementor-widget-container\">\n\t\t\t\t\t\t\t<p>Patr\u00edcia Lima, 35 anos \u2013 Belo Horizonte\/MG<br \/>\u201cSuper recomendo! As informa\u00e7\u00f5es me ajudaram a entender o que meu pet precisa de verdade.\u201d<\/p>\t\t\t\t\t\t<\/div>\n\t\t\t\t<\/div>\n\t\t\t\t<\/div>\n\t\t<div class=\"elementor-element elementor-element-606ffb3 e-con-full e-flex e-con e-child\" data-id=\"606ffb3\" data-element_type=\"container\" data-settings=\"{&quot;content_width&quot;:&quot;full&quot;}\">\n\t\t\t\t<div class=\"elementor-element elementor-element-80899e1 elementor-widget elementor-widget-text-editor\" data-id=\"80899e1\" data-element_type=\"widget\" data-widget_type=\"text-editor.default\">\n\t\t\t\t<div class=\"elementor-widget-container\">\n\t\t\t\t\t\t\t<p>Andr\u00e9 Silva, 50 anos \u2013 Campinas\/SP<br \/>\u201cO conte\u00fado \u00e9 excelente! Saber mais sobre a ra\u00e7a do meu cachorro mudou minha forma de cuidar.\u201d<\/p>\t\t\t\t\t\t<\/div>\n\t\t\t\t<\/div>\n\t\t\t\t<\/div>\n\t\t\t\t\t<\/div>\n\t\t\t\t<\/div>\n\t\t<div class=\"elementor-element elementor-element-3c3c65f e-flex e-con-boxed e-con e-parent\" data-id=\"3c3c65f\" data-element_type=\"container\" data-settings=\"{&quot;background_background&quot;:&quot;classic&quot;,&quot;content_width&quot;:&quot;boxed&quot;}\" data-core-v316-plus=\"true\">\n\t\t\t\t\t<div class=\"e-con-inner\">\n\t\t\t\t<div class=\"elementor-element elementor-element-375c672 elementor-widget elementor-widget-text-editor\" data-id=\"375c672\" data-element_type=\"widget\" data-widget_type=\"text-editor.default\">\n\t\t\t\t<div class=\"elementor-widget-container\">\n\t\t\t\t\t\t\t<p>PERGUNTAS\u00a0 FREQUENTES<\/p>\t\t\t\t\t\t<\/div>\n\t\t\t\t<\/div>\n\t\t\t\t<div class=\"elementor-element elementor-element-c88884a elementor-widget elementor-widget-text-editor\" data-id=\"c88884a\" data-element_type=\"widget\" data-widget_type=\"text-editor.default\">\n\t\t\t\t<div class=\"elementor-widget-container\">\n\t\t\t\t\t\t\t<p>\u00c9 um livro f\u00edsico ou digital?<br \/>\u00a0Digital. Voc\u00ea recebe o e-book por e-mail imediatamente ap\u00f3s a compra.<\/p><p>\u00a0Posso ler no celular?<br \/>Sim, os arquivos s\u00e3o compat\u00edveis com celular, tablet ou computador.<\/p><p>\u00a0\u00c9 indicado para quem ainda n\u00e3o tem cachorro?<br \/>Sim! \u00c9 o melhor momento para conhecer a ra\u00e7a antes de decidir.<\/p><p>O primeiro passo para uma conviv\u00eancia feliz come\u00e7a com o conhecimento?<br \/>Sim<\/p><p>\u00a0 \u00a0 \u00a0 \u00a0 \u00a0 Se Queres Conhecer a Ra\u00e7a do seu C\u00e3o<\/p><p>\u00a0 Acesse agora e receba seu e-book em\u00a0 \u00a0segundos!<\/p>\t\t\t\t\t\t<\/div>\n\t\t\t\t<\/div>\n\t\t\t\t\t<\/div>\n\t\t\t\t<\/div>\n\t\t<div class=\"elementor-element elementor-element-c2fb4ad e-flex e-con-boxed e-con e-parent\" data-id=\"c2fb4ad\" data-element_type=\"container\" data-settings=\"{&quot;background_background&quot;:&quot;classic&quot;,&quot;content_width&quot;:&quot;boxed&quot;}\" data-core-v316-plus=\"true\">\n\t\t\t\t\t<div class=\"e-con-inner\">\n\t\t\t\t<div class=\"elementor-element elementor-element-6b46da1 elementor-widget elementor-widget-heading\" data-id=\"6b46da1\" data-element_type=\"widget\" data-widget_type=\"heading.default\">\n\t\t\t\t<div class=\"elementor-widget-container\">\n\t\t\t<h2 class=\"elementor-heading-title elementor-size-default\">VALOR MENOR QUE UMA CONSULTA VETERIN\u00c1RIA<\/h2>\t\t<\/div>\n\t\t\t\t<\/div>\n\t\t\t\t<div class=\"elementor-element elementor-element-4323506 elementor-align-center elementor-widget elementor-widget-button\" data-id=\"4323506\" data-element_type=\"widget\" data-widget_type=\"button.default\">\n\t\t\t\t<div class=\"elementor-widget-container\">\n\t\t\t\t\t<div class=\"elementor-button-wrapper\">\n\t\t\t<a class=\"elementor-button elementor-button-link elementor-size-lg elementor-animation-pulse-grow\" href=\"https:\/\/chk.eduzz.com\/etvdvprj\">\n\t\t\t\t\t\t<span class=\"elementor-button-content-wrapper\">\n\t\t\t\t\t\t<span class=\"elementor-button-text\">SIM, QUERO SER UM BOM TUTOR<\/span>\n\t\t<\/span>\n\t\t\t\t\t<\/a>\n\t\t<\/div>\n\t\t\t\t<\/div>\n\t\t\t\t<\/div>\n\t\t\t\t\t<\/div>\n\t\t\t\t<\/div>\n\t\t\t\t<\/div>\n\t\t","protected":false},"excerpt":{"rendered":"<p>CONHE\u00c7A E SAIBA COMO TRATAR SEU AMIGUINHO NESSE E-BOOK VOC\u00ca IR\u00c1 APRENDER Como tutor de um Malt\u00eas, \u00e9 fundamental que voc\u00ea se familiarize com as caracter\u00edsticas \u00fanicas dessa ra\u00e7a. Conhecendo seus tra\u00e7os comportamentais e necessidades espec\u00edficas, voc\u00ea poder\u00e1 proporcionar um ambiente saud\u00e1vel e feliz para seu c\u00e3o. Os Malt\u00eas s\u00e3o conhecidos por sua personalidade gentil [&hellip;]<\/p>\n","protected":false},"author":1,"featured_media":0,"parent":0,"menu_order":0,"comment_status":"closed","ping_status":"closed","template":"elementor_canvas","meta":{"footnotes":""},"_links":{"self":[{"href":"https:\/\/petsnossos.com\/index.php\/wp-json\/wp\/v2\/pages\/3463"}],"collection":[{"href":"https:\/\/petsnossos.com\/index.php\/wp-json\/wp\/v2\/pages"}],"about":[{"href":"https:\/\/petsnossos.com\/index.php\/wp-json\/wp\/v2\/types\/page"}],"author":[{"embeddable":true,"href":"https:\/\/petsnossos.com\/index.php\/wp-json\/wp\/v2\/users\/1"}],"replies":[{"embeddable":true,"href":"https:\/\/petsnossos.com\/index.php\/wp-json\/wp\/v2\/comments?post=3463"}],"version-history":[{"count":184,"href":"https:\/\/petsnossos.com\/index.php\/wp-json\/wp\/v2\/pages\/3463\/revisions"}],"predecessor-version":[{"id":5585,"href":"https:\/\/petsnossos.com\/index.php\/wp-json\/wp\/v2\/pages\/3463\/revisions\/5585"}],"wp:attachment":[{"href":"https:\/\/petsnossos.com\/index.php\/wp-json\/wp\/v2\/media?parent=3463"}],"curies":[{"name":"wp","href":"https:\/\/api.w.org\/{rel}","templated":true}]}}