{"id":3659,"date":"2025-10-28T07:22:00","date_gmt":"2025-10-28T10:22:00","guid":{"rendered":"https:\/\/petsnossos.com\/?page_id=3659"},"modified":"2026-01-27T09:38:20","modified_gmt":"2026-01-27T12:38:20","slug":"dachshund-pv3","status":"publish","type":"page","link":"https:\/\/petsnossos.com\/index.php\/dachshund-pv3\/","title":{"rendered":"DACHSHUND PV3"},"content":{"rendered":"\t\t<div data-elementor-type=\"wp-page\" data-elementor-id=\"3659\" class=\"elementor elementor-3659\">\n\t\t\t\t<div class=\"elementor-element elementor-element-89b0b6c e-flex e-con-boxed e-con e-parent\" data-id=\"89b0b6c\" data-element_type=\"container\" data-settings=\"{&quot;background_background&quot;:&quot;classic&quot;,&quot;content_width&quot;:&quot;boxed&quot;}\" data-core-v316-plus=\"true\">\n\t\t\t\t\t<div class=\"e-con-inner\">\n\t\t<div class=\"elementor-element elementor-element-ee1e99c e-con-full e-flex e-con e-child\" data-id=\"ee1e99c\" data-element_type=\"container\" data-settings=\"{&quot;content_width&quot;:&quot;full&quot;}\">\n\t\t\t\t<div class=\"elementor-element elementor-element-54a0ffd elementor-widget elementor-widget-image\" data-id=\"54a0ffd\" data-element_type=\"widget\" data-widget_type=\"image.default\">\n\t\t\t\t<div class=\"elementor-widget-container\">\n\t\t\t<style>\/*! elementor - v3.19.0 - 28-02-2024 *\/\n.elementor-widget-image{text-align:center}.elementor-widget-image a{display:inline-block}.elementor-widget-image a img[src$=\".svg\"]{width:48px}.elementor-widget-image img{vertical-align:middle;display:inline-block}<\/style>\t\t\t\t\t\t\t\t\t\t<img fetchpriority=\"high\" decoding=\"async\" width=\"600\" height=\"600\" src=\"https:\/\/petsnossos.com\/wp-content\/uploads\/2024\/03\/DACHSHUND.png\" class=\"attachment-large size-large wp-image-316\" alt=\"\" srcset=\"https:\/\/petsnossos.com\/wp-content\/uploads\/2024\/03\/DACHSHUND.png 600w, https:\/\/petsnossos.com\/wp-content\/uploads\/2024\/03\/DACHSHUND-300x300.png 300w, https:\/\/petsnossos.com\/wp-content\/uploads\/2024\/03\/DACHSHUND-150x150.png 150w\" sizes=\"(max-width: 600px) 100vw, 600px\" \/>\t\t\t\t\t\t\t\t\t\t\t\t\t<\/div>\n\t\t\t\t<\/div>\n\t\t\t\t<\/div>\n\t\t<div class=\"elementor-element elementor-element-36a61aa e-con-full e-flex e-con e-child\" data-id=\"36a61aa\" data-element_type=\"container\" data-settings=\"{&quot;content_width&quot;:&quot;full&quot;}\">\n\t\t\t\t<div class=\"elementor-element elementor-element-d699d4b elementor-widget elementor-widget-heading\" data-id=\"d699d4b\" data-element_type=\"widget\" data-widget_type=\"heading.default\">\n\t\t\t\t<div class=\"elementor-widget-container\">\n\t\t\t<style>\/*! elementor - v3.19.0 - 28-02-2024 *\/\n.elementor-heading-title{padding:0;margin:0;line-height:1}.elementor-widget-heading .elementor-heading-title[class*=elementor-size-]>a{color:inherit;font-size:inherit;line-height:inherit}.elementor-widget-heading .elementor-heading-title.elementor-size-small{font-size:15px}.elementor-widget-heading .elementor-heading-title.elementor-size-medium{font-size:19px}.elementor-widget-heading .elementor-heading-title.elementor-size-large{font-size:29px}.elementor-widget-heading .elementor-heading-title.elementor-size-xl{font-size:39px}.elementor-widget-heading .elementor-heading-title.elementor-size-xxl{font-size:59px}<\/style><h2 class=\"elementor-heading-title elementor-size-default\">CONHE\u00c7A E SAIBA COMO TRATAR SEU AMIGUINHO<\/h2>\t\t<\/div>\n\t\t\t\t<\/div>\n\t\t\t\t<\/div>\n\t\t\t\t\t<\/div>\n\t\t\t\t<\/div>\n\t\t<div class=\"elementor-element elementor-element-be6e7e1 e-flex e-con-boxed e-con e-parent\" data-id=\"be6e7e1\" data-element_type=\"container\" data-settings=\"{&quot;background_background&quot;:&quot;classic&quot;,&quot;content_width&quot;:&quot;boxed&quot;}\" data-core-v316-plus=\"true\">\n\t\t\t\t\t<div class=\"e-con-inner\">\n\t\t\t\t<div class=\"elementor-element elementor-element-3f0c6a3 elementor-widget elementor-widget-heading\" data-id=\"3f0c6a3\" data-element_type=\"widget\" data-widget_type=\"heading.default\">\n\t\t\t\t<div class=\"elementor-widget-container\">\n\t\t\t<h2 class=\"elementor-heading-title elementor-size-default\">NESTE E-BOOK VOCE IR\u00c1 APRENDER:<\/h2>\t\t<\/div>\n\t\t\t\t<\/div>\n\t\t\t\t<div class=\"elementor-element elementor-element-63930b1 elementor-widget elementor-widget-text-editor\" data-id=\"63930b1\" data-element_type=\"widget\" data-widget_type=\"text-editor.default\">\n\t\t\t\t<div class=\"elementor-widget-container\">\n\t\t\t<style>\/*! elementor - v3.19.0 - 28-02-2024 *\/\n.elementor-widget-text-editor.elementor-drop-cap-view-stacked .elementor-drop-cap{background-color:#69727d;color:#fff}.elementor-widget-text-editor.elementor-drop-cap-view-framed .elementor-drop-cap{color:#69727d;border:3px solid;background-color:transparent}.elementor-widget-text-editor:not(.elementor-drop-cap-view-default) .elementor-drop-cap{margin-top:8px}.elementor-widget-text-editor:not(.elementor-drop-cap-view-default) .elementor-drop-cap-letter{width:1em;height:1em}.elementor-widget-text-editor .elementor-drop-cap{float:left;text-align:center;line-height:1;font-size:50px}.elementor-widget-text-editor .elementor-drop-cap-letter{display:inline-block}<\/style>\t\t\t\t<p>Hist\u00f3ria e origem da ra\u00e7a<\/p><p><br \/>Tra\u00e7os de personalidade<\/p><p><br \/>N\u00edvel de energia e necessidades de atividade<\/p><p><br \/>Cuidados com sa\u00fade e alimenta\u00e7\u00e3o<\/p><p><br \/>Dicas para socializa\u00e7\u00e3o e adestramento<\/p><p><br \/>Intera\u00e7\u00e3o com outros animais e crian\u00e7as<\/p><p><br \/>\u00a0Tudo explicado em linguagem simples, com base em estudos e experi\u00eancia real de criadores e tutores.<\/p><p><br \/>Com nossos e-books, voc\u00ea entende o comportamento natural da ra\u00e7a, aprende a estimular corretamente e cria um v\u00ednculo verdadeiro com seu c\u00e3o.<\/p>\t\t\t\t\t\t<\/div>\n\t\t\t\t<\/div>\n\t\t\t\t\t<\/div>\n\t\t\t\t<\/div>\n\t\t<div class=\"elementor-element elementor-element-88dd651 e-flex e-con-boxed e-con e-parent\" data-id=\"88dd651\" data-element_type=\"container\" data-settings=\"{&quot;background_background&quot;:&quot;classic&quot;,&quot;content_width&quot;:&quot;boxed&quot;}\" data-core-v316-plus=\"true\">\n\t\t\t\t\t<div class=\"e-con-inner\">\n\t\t\t\t<div class=\"elementor-element elementor-element-a6b7329 elementor-widget elementor-widget-text-editor\" data-id=\"a6b7329\" data-element_type=\"widget\" data-widget_type=\"text-editor.default\">\n\t\t\t\t<div class=\"elementor-widget-container\">\n\t\t\t\t\t\t\t<div class=\"flex-1 overflow-hidden\">\n<div class=\"react-scroll-to-bottom--css-emzwp-79elbk h-full\">\n<div class=\"react-scroll-to-bottom--css-emzwp-1n7m0yu\">\n<div class=\"flex flex-col text-sm pb-9\">\n<div class=\"w-full text-token-text-primary\" data-testid=\"conversation-turn-5\">\n<div class=\"px-4 py-2 justify-center text-base md:gap-6 m-auto\">\n<div class=\"flex flex-1 text-base mx-auto gap-3 md:px-5 lg:px-1 xl:px-5 md:max-w-3xl lg:max-w-[40rem] xl:max-w-[48rem] group final-completion\">\n<div class=\"relative flex w-full flex-col agent-turn\">\n<div class=\"flex-col gap-1 md:gap-3\">\n<div class=\"flex flex-grow flex-col max-w-full\">\n<div class=\"min-h-[20px] text-message flex flex-col items-start gap-3 whitespace-pre-wrap break-words [.text-message+&amp;]:mt-5 overflow-x-auto\" data-message-author-role=\"assistant\" data-message-id=\"541ba6a4-52dd-44d6-87ba-ff47a5190552\">\n<div class=\"markdown prose w-full break-words dark:prose-invert light\">\n<p>\u00c9 essencial que um tutor de um Dachshund se esforce para conhecer todas as caracter\u00edsticas dessa ra\u00e7a t\u00e3o \u00fanica. Esses c\u00e3es, conhecidos por sua forma alongada e pernas curtas, possuem necessidades e comportamentos espec\u00edficos que requerem cuidados especiais. Ao entender melhor as caracter\u00edsticas do Dachshund, o tutor pode proporcionar uma vida mais saud\u00e1vel e feliz para seu pet.<\/p>\n<p>Os Dachshunds s\u00e3o c\u00e3es corajosos, inteligentes e independentes, mas tamb\u00e9m podem ser teimosos. Eles t\u00eam um forte instinto de ca\u00e7a, o que pode resultar em comportamentos como cavar e perseguir pequenos animais. Por isso, \u00e9 importante oferecer est\u00edmulos mentais e atividades f\u00edsicas adequadas para evitar problemas de comportamento.<\/p>\n<p>Em rela\u00e7\u00e3o \u00e0 sa\u00fade, os Dachshunds s\u00e3o propensos a alguns problemas devido \u00e0 sua estrutura corporal \u00fanica, como problemas na coluna vertebral, especialmente a doen\u00e7a do disco intervertebral, devido \u00e0 sua espinha dorsal longa e curvada. Al\u00e9m disso, eles podem ter problemas de obesidade, problemas de pele e sensibilidade a certas condi\u00e7\u00f5es clim\u00e1ticas.<\/p>\n<p>Para garantir a sa\u00fade e o bem-estar do seu Dachshund, \u00e9 importante manter um peso saud\u00e1vel, proporcionar exerc\u00edcios adequados e&nbsp; oferecer uma dieta balanceada.&nbsp; Compreender as necessidades f\u00edsicas e emocionais do Dachshund permitir\u00e1 que o tutor ofere\u00e7a os cuidados necess\u00e1rios para que o animal viva uma vida longa, saud\u00e1vel e feliz.<\/p>\n<p>Antes de conhecer seu c\u00e3o, voc\u00ea sabe mesmo o que ele precisa?<\/p>\n<p>Muitos tutores enfrentam:<\/p>\n<p>Desobedi\u00eancia ou destrui\u00e7\u00e3o por t\u00e9dio<\/p>\n<p>Agressividade por falta de est\u00edmulo adequado<\/p>\n<p>Gastos com adestramento e veterin\u00e1rio por desconhecimento<\/p>\n<p>&nbsp;CONHECER \u00c9 FUNDAMENTAL PARA FAZER CERTO!!!<\/p>\n<\/div>\n<\/div>\n<\/div>\n<div class=\"mt-1 flex justify-start gap-3 empty:hidden\">\n<div class=\"text-gray-400 flex self-end lg:self-center items-center justify-center lg:justify-start mt-0 -ml-1 h-7 gap-[2px] visible\">\n<div class=\"flex items-center gap-1.5 text-xs\">&nbsp;<\/div>\n<div class=\"flex\">&nbsp;<\/div>\n<\/div>\n<\/div>\n<div class=\"pr-2 lg:pr-0\">&nbsp;<\/div>\n<\/div>\n<div class=\"absolute\">\n<div class=\"flex w-full gap-2 items-center justify-center\">&nbsp;<\/div>\n<\/div>\n<\/div>\n<\/div>\n<\/div>\n<\/div>\n<\/div>\n<\/div>\n<\/div>\n<\/div>\n<div class=\"w-full pt-2 md:pt-0 dark:border-white\/20 md:border-transparent md:dark:border-transparent md:w-[calc(100%-.5rem)]\">\n<form class=\"stretch mx-2 flex flex-row gap-3 last:mb-2 md:mx-4 md:last:mb-6 lg:mx-auto lg:max-w-2xl xl:max-w-3xl\">\n<div class=\"relative flex h-full flex-1 flex-col\">\n<div class=\"absolute bottom-full left-0 right-0\">&nbsp;<\/div>\n<div class=\"flex w-full items-center\">&nbsp;<\/div>\n<\/div>\n<\/form>\n<\/div>\t\t\t\t\t\t<\/div>\n\t\t\t\t<\/div>\n\t\t\t\t\t<\/div>\n\t\t\t\t<\/div>\n\t\t<div class=\"elementor-element elementor-element-014b55f e-flex e-con-boxed e-con e-parent\" data-id=\"014b55f\" data-element_type=\"container\" data-settings=\"{&quot;background_background&quot;:&quot;classic&quot;,&quot;content_width&quot;:&quot;boxed&quot;}\" data-core-v316-plus=\"true\">\n\t\t\t\t\t<div class=\"e-con-inner\">\n\t\t<div class=\"elementor-element elementor-element-4c4ab12 e-con-full e-flex e-con e-child\" data-id=\"4c4ab12\" data-element_type=\"container\" data-settings=\"{&quot;content_width&quot;:&quot;full&quot;}\">\n\t\t\t\t<div class=\"elementor-element elementor-element-375ba3c elementor-widget elementor-widget-image\" data-id=\"375ba3c\" data-element_type=\"widget\" data-widget_type=\"image.default\">\n\t\t\t\t<div class=\"elementor-widget-container\">\n\t\t\t\t\t\t\t\t\t\t\t\t\t<img decoding=\"async\" width=\"800\" height=\"455\" src=\"https:\/\/petsnossos.com\/wp-content\/uploads\/2024\/09\/CAPA-DACHSUND-3D-1024x582.jpg\" class=\"attachment-large size-large wp-image-1883\" alt=\"\" srcset=\"https:\/\/petsnossos.com\/wp-content\/uploads\/2024\/09\/CAPA-DACHSUND-3D-1024x582.jpg 1024w, https:\/\/petsnossos.com\/wp-content\/uploads\/2024\/09\/CAPA-DACHSUND-3D-300x170.jpg 300w, https:\/\/petsnossos.com\/wp-content\/uploads\/2024\/09\/CAPA-DACHSUND-3D-768x436.jpg 768w, https:\/\/petsnossos.com\/wp-content\/uploads\/2024\/09\/CAPA-DACHSUND-3D-1536x873.jpg 1536w, https:\/\/petsnossos.com\/wp-content\/uploads\/2024\/09\/CAPA-DACHSUND-3D-2048x1164.jpg 2048w\" sizes=\"(max-width: 800px) 100vw, 800px\" \/>\t\t\t\t\t\t\t\t\t\t\t\t\t<\/div>\n\t\t\t\t<\/div>\n\t\t\t\t<\/div>\n\t\t<div class=\"elementor-element elementor-element-5e09422 e-con-full e-flex e-con e-child\" data-id=\"5e09422\" data-element_type=\"container\" data-settings=\"{&quot;content_width&quot;:&quot;full&quot;}\">\n\t\t\t\t<div class=\"elementor-element elementor-element-7ff6bdd elementor-widget elementor-widget-image\" data-id=\"7ff6bdd\" data-element_type=\"widget\" data-widget_type=\"image.default\">\n\t\t\t\t<div class=\"elementor-widget-container\">\n\t\t\t\t\t\t\t\t\t\t\t\t\t<img decoding=\"async\" width=\"227\" height=\"223\" src=\"https:\/\/petsnossos.com\/wp-content\/uploads\/2024\/04\/GARANTIA-2.jpg\" class=\"attachment-large size-large wp-image-736\" alt=\"\" \/>\t\t\t\t\t\t\t\t\t\t\t\t\t<\/div>\n\t\t\t\t<\/div>\n\t\t\t\t<\/div>\n\t\t\t\t\t<\/div>\n\t\t\t\t<\/div>\n\t\t<div class=\"elementor-element elementor-element-2795692 e-flex e-con-boxed e-con e-parent\" data-id=\"2795692\" data-element_type=\"container\" data-settings=\"{&quot;background_background&quot;:&quot;classic&quot;,&quot;content_width&quot;:&quot;boxed&quot;}\" data-core-v316-plus=\"true\">\n\t\t\t\t\t<div class=\"e-con-inner\">\n\t\t\t\t<div class=\"elementor-element elementor-element-417c211 elementor-widget elementor-widget-text-editor\" data-id=\"417c211\" data-element_type=\"widget\" data-widget_type=\"text-editor.default\">\n\t\t\t\t<div class=\"elementor-widget-container\">\n\t\t\t\t\t\t\t<p>Voc\u00ea poder\u00e1\u00a0 ser um \u00f3timo tutor para seu amiguinho por apenas R$49,90, promo\u00e7\u00e3o v\u00e1lida apenas aos primeiros 20 compradores, que pode ser parcelado de acordo com sua necessidade. Caso o e-book n\u00e3o corresponda sua expectativa , voc\u00ea poder\u00e1 solicitar o reembolso em at\u00e9 7 dias.\u00a0<\/p>\t\t\t\t\t\t<\/div>\n\t\t\t\t<\/div>\n\t\t\t\t<div class=\"elementor-element elementor-element-8cd6dd7 elementor-widget elementor-widget-heading\" data-id=\"8cd6dd7\" data-element_type=\"widget\" data-widget_type=\"heading.default\">\n\t\t\t\t<div class=\"elementor-widget-container\">\n\t\t\t<h2 class=\"elementor-heading-title elementor-size-default\">APROVEITE A PROMO\u00c7\u00c3O, SEJA UM DOS 20 PRIMEIROS<\/h2>\t\t<\/div>\n\t\t\t\t<\/div>\n\t\t\t\t\t<\/div>\n\t\t\t\t<\/div>\n\t\t<div class=\"elementor-element elementor-element-5b4a1f6 e-flex e-con-boxed e-con e-parent\" data-id=\"5b4a1f6\" data-element_type=\"container\" data-settings=\"{&quot;background_background&quot;:&quot;classic&quot;,&quot;content_width&quot;:&quot;boxed&quot;}\" data-core-v316-plus=\"true\">\n\t\t\t\t\t<div class=\"e-con-inner\">\n\t\t\t\t<div class=\"elementor-element elementor-element-9de4436 elementor-align-center elementor-widget elementor-widget-button\" data-id=\"9de4436\" data-element_type=\"widget\" data-widget_type=\"button.default\">\n\t\t\t\t<div class=\"elementor-widget-container\">\n\t\t\t\t\t<div class=\"elementor-button-wrapper\">\n\t\t\t<a class=\"elementor-button elementor-button-link elementor-size-xl elementor-animation-pulse-grow\" href=\"https:\/\/chk.eduzz.com\/og3vbyra\">\n\t\t\t\t\t\t<span class=\"elementor-button-content-wrapper\">\n\t\t\t\t\t\t<span class=\"elementor-button-text\">SIM, QUERO SER UM BOM TUTOR<\/span>\n\t\t<\/span>\n\t\t\t\t\t<\/a>\n\t\t<\/div>\n\t\t\t\t<\/div>\n\t\t\t\t<\/div>\n\t\t\t\t\t<\/div>\n\t\t\t\t<\/div>\n\t\t<div class=\"elementor-element elementor-element-b282178 e-flex e-con-boxed e-con e-parent\" data-id=\"b282178\" data-element_type=\"container\" data-settings=\"{&quot;background_background&quot;:&quot;classic&quot;,&quot;content_width&quot;:&quot;boxed&quot;}\" data-core-v316-plus=\"true\">\n\t\t\t\t\t<div class=\"e-con-inner\">\n\t\t\t\t<div class=\"elementor-element elementor-element-becb9ab elementor-widget elementor-widget-heading\" data-id=\"becb9ab\" data-element_type=\"widget\" data-widget_type=\"heading.default\">\n\t\t\t\t<div class=\"elementor-widget-container\">\n\t\t\t<h2 class=\"elementor-heading-title elementor-size-default\">DEPOIMENTOS:<\/h2>\t\t<\/div>\n\t\t\t\t<\/div>\n\t\t\t\t\t<\/div>\n\t\t\t\t<\/div>\n\t\t<div class=\"elementor-element elementor-element-369a12d e-flex e-con-boxed e-con e-parent\" data-id=\"369a12d\" data-element_type=\"container\" data-settings=\"{&quot;background_background&quot;:&quot;classic&quot;,&quot;content_width&quot;:&quot;boxed&quot;}\" data-core-v316-plus=\"true\">\n\t\t\t\t\t<div class=\"e-con-inner\">\n\t\t<div class=\"elementor-element elementor-element-721a69b e-con-full e-flex e-con e-child\" data-id=\"721a69b\" data-element_type=\"container\" data-settings=\"{&quot;content_width&quot;:&quot;full&quot;}\">\n\t\t\t\t<div class=\"elementor-element elementor-element-e72c131 elementor-widget elementor-widget-text-editor\" data-id=\"e72c131\" data-element_type=\"widget\" data-widget_type=\"text-editor.default\">\n\t\t\t\t<div class=\"elementor-widget-container\">\n\t\t\t\t\t\t\t<p>Muitas vezes, por desconhecimento, deixamos de oferecer certos cuidados aos nossos amiguinhos, esse guia \u00e9 essencial para descomplicar a vida de todo tutor, recomendo.<\/p><p>Yuki Tanaka -Registro (SP)<\/p>\t\t\t\t\t\t<\/div>\n\t\t\t\t<\/div>\n\t\t\t\t<\/div>\n\t\t<div class=\"elementor-element elementor-element-7b393e7 e-con-full e-flex e-con e-child\" data-id=\"7b393e7\" data-element_type=\"container\" data-settings=\"{&quot;content_width&quot;:&quot;full&quot;}\">\n\t\t\t\t<div class=\"elementor-element elementor-element-c47bbd7 elementor-widget elementor-widget-text-editor\" data-id=\"c47bbd7\" data-element_type=\"widget\" data-widget_type=\"text-editor.default\">\n\t\t\t\t<div class=\"elementor-widget-container\">\n\t\t\t\t\t\t\t<p>\u201cAprendi muito sobre o perfil independente do meu pet. Agora nossa conviv\u00eancia \u00e9 bem mais harmoniosa.\u201d<\/p><p>Rafael, 44 anos \u2013 Blumenau\/SC\u00a0<\/p>\t\t\t\t\t\t<\/div>\n\t\t\t\t<\/div>\n\t\t\t\t<\/div>\n\t\t<div class=\"elementor-element elementor-element-16360e3 e-con-full e-flex e-con e-child\" data-id=\"16360e3\" data-element_type=\"container\" data-settings=\"{&quot;content_width&quot;:&quot;full&quot;}\">\n\t\t\t\t<div class=\"elementor-element elementor-element-632bb25 elementor-widget elementor-widget-text-editor\" data-id=\"632bb25\" data-element_type=\"widget\" data-widget_type=\"text-editor.default\">\n\t\t\t\t<div class=\"elementor-widget-container\">\n\t\t\t\t\t\t\t<p><br \/>\u201cGostei da leitura! Entender as necessidades da ra\u00e7a evita erros no cuidado.\u201d<\/p><p>Nat\u00e1lia, 33 anos \u2013 Manaus\/AM\u00a0<\/p>\t\t\t\t\t\t<\/div>\n\t\t\t\t<\/div>\n\t\t\t\t<\/div>\n\t\t<div class=\"elementor-element elementor-element-99354de e-con-full e-flex e-con e-child\" data-id=\"99354de\" data-element_type=\"container\" data-settings=\"{&quot;content_width&quot;:&quot;full&quot;}\">\n\t\t\t\t<div class=\"elementor-element elementor-element-cdc8be2 elementor-widget elementor-widget-text-editor\" data-id=\"cdc8be2\" data-element_type=\"widget\" data-widget_type=\"text-editor.default\">\n\t\t\t\t<div class=\"elementor-widget-container\">\n\t\t\t\t\t\t\t<p><br \/>\u201cRecomendo muito! Aprender sobre o comportamento do Pet me fez entender cada atitude dele.\u201d<\/p><p>Vanessa, 31 anos \u2013 Niter\u00f3i\/RJ\u00a0<\/p>\t\t\t\t\t\t<\/div>\n\t\t\t\t<\/div>\n\t\t\t\t<\/div>\n\t\t\t\t\t<\/div>\n\t\t\t\t<\/div>\n\t\t<div class=\"elementor-element elementor-element-3979202 e-flex e-con-boxed e-con e-parent\" data-id=\"3979202\" data-element_type=\"container\" data-settings=\"{&quot;background_background&quot;:&quot;classic&quot;,&quot;content_width&quot;:&quot;boxed&quot;}\" data-core-v316-plus=\"true\">\n\t\t\t\t\t<div class=\"e-con-inner\">\n\t\t\t\t<div class=\"elementor-element elementor-element-5c2c3df elementor-widget elementor-widget-heading\" data-id=\"5c2c3df\" data-element_type=\"widget\" data-widget_type=\"heading.default\">\n\t\t\t\t<div class=\"elementor-widget-container\">\n\t\t\t<h2 class=\"elementor-heading-title elementor-size-default\">PERGUNTAS FREQUENTES<\/h2>\t\t<\/div>\n\t\t\t\t<\/div>\n\t\t\t\t<div class=\"elementor-element elementor-element-77de18b elementor-widget elementor-widget-text-editor\" data-id=\"77de18b\" data-element_type=\"widget\" data-widget_type=\"text-editor.default\">\n\t\t\t\t<div class=\"elementor-widget-container\">\n\t\t\t\t\t\t\t<p>\u00c9 um livro f\u00edsico ou digital?<br \/>\u00a0Digital. Voc\u00ea recebe o e-book por e-mail imediatamente ap\u00f3s a compra.<\/p><p>\u00a0Posso ler no celular?<br \/>Sim, os arquivos s\u00e3o compat\u00edveis com celular, tablet ou computador.<\/p><p>\u00a0\u00c9 indicado para quem ainda n\u00e3o tem cachorro?<br \/>Sim! \u00c9 o melhor momento para conhecer a ra\u00e7a antes de decidir.<\/p><p>O primeiro passo para uma conviv\u00eancia feliz come\u00e7a com o conhecimento?<br \/>Sim<\/p><p>Se Queres Conhecer a Ra\u00e7a do seu C\u00e3o<\/p><p>\u00a0Acesse agora e receba seu e-book em segundos!<\/p>\t\t\t\t\t\t<\/div>\n\t\t\t\t<\/div>\n\t\t\t\t\t<\/div>\n\t\t\t\t<\/div>\n\t\t<div class=\"elementor-element elementor-element-a634716 e-flex e-con-boxed e-con e-parent\" data-id=\"a634716\" data-element_type=\"container\" data-settings=\"{&quot;background_background&quot;:&quot;classic&quot;,&quot;content_width&quot;:&quot;boxed&quot;}\" data-core-v316-plus=\"true\">\n\t\t\t\t\t<div class=\"e-con-inner\">\n\t\t\t\t<div class=\"elementor-element elementor-element-7a12ec8 elementor-widget elementor-widget-heading\" data-id=\"7a12ec8\" data-element_type=\"widget\" data-widget_type=\"heading.default\">\n\t\t\t\t<div class=\"elementor-widget-container\">\n\t\t\t<h2 class=\"elementor-heading-title elementor-size-default\">MENOS QUE UMA CONSULTA AO VETERIN\u00c1RIO<\/h2>\t\t<\/div>\n\t\t\t\t<\/div>\n\t\t\t\t<div class=\"elementor-element elementor-element-7894d0c elementor-align-center elementor-widget elementor-widget-button\" data-id=\"7894d0c\" data-element_type=\"widget\" data-widget_type=\"button.default\">\n\t\t\t\t<div class=\"elementor-widget-container\">\n\t\t\t\t\t<div class=\"elementor-button-wrapper\">\n\t\t\t<a class=\"elementor-button elementor-button-link elementor-size-xl elementor-animation-pulse-grow\" href=\"https:\/\/chk.eduzz.com\/og3vbyra\">\n\t\t\t\t\t\t<span class=\"elementor-button-content-wrapper\">\n\t\t\t\t\t\t<span class=\"elementor-button-text\">SIM, QUERO SER UM BOM TUTOR<\/span>\n\t\t<\/span>\n\t\t\t\t\t<\/a>\n\t\t<\/div>\n\t\t\t\t<\/div>\n\t\t\t\t<\/div>\n\t\t\t\t\t<\/div>\n\t\t\t\t<\/div>\n\t\t\t\t<\/div>\n\t\t","protected":false},"excerpt":{"rendered":"<p>CONHE\u00c7A E SAIBA COMO TRATAR SEU AMIGUINHO NESTE E-BOOK VOCE IR\u00c1 APRENDER: Hist\u00f3ria e origem da ra\u00e7a Tra\u00e7os de personalidade N\u00edvel de energia e necessidades de atividade Cuidados com sa\u00fade e alimenta\u00e7\u00e3o Dicas para socializa\u00e7\u00e3o e adestramento Intera\u00e7\u00e3o com outros animais e crian\u00e7as \u00a0Tudo explicado em linguagem simples, com base em estudos e experi\u00eancia real [&hellip;]<\/p>\n","protected":false},"author":1,"featured_media":0,"parent":0,"menu_order":0,"comment_status":"closed","ping_status":"closed","template":"elementor_canvas","meta":{"footnotes":""},"_links":{"self":[{"href":"https:\/\/petsnossos.com\/index.php\/wp-json\/wp\/v2\/pages\/3659"}],"collection":[{"href":"https:\/\/petsnossos.com\/index.php\/wp-json\/wp\/v2\/pages"}],"about":[{"href":"https:\/\/petsnossos.com\/index.php\/wp-json\/wp\/v2\/types\/page"}],"author":[{"embeddable":true,"href":"https:\/\/petsnossos.com\/index.php\/wp-json\/wp\/v2\/users\/1"}],"replies":[{"embeddable":true,"href":"https:\/\/petsnossos.com\/index.php\/wp-json\/wp\/v2\/comments?post=3659"}],"version-history":[{"count":139,"href":"https:\/\/petsnossos.com\/index.php\/wp-json\/wp\/v2\/pages\/3659\/revisions"}],"predecessor-version":[{"id":5621,"href":"https:\/\/petsnossos.com\/index.php\/wp-json\/wp\/v2\/pages\/3659\/revisions\/5621"}],"wp:attachment":[{"href":"https:\/\/petsnossos.com\/index.php\/wp-json\/wp\/v2\/media?parent=3659"}],"curies":[{"name":"wp","href":"https:\/\/api.w.org\/{rel}","templated":true}]}}