{"id":4148,"date":"2025-11-05T09:38:53","date_gmt":"2025-11-05T12:38:53","guid":{"rendered":"https:\/\/petsnossos.com\/?page_id=4148"},"modified":"2026-03-31T20:42:34","modified_gmt":"2026-03-31T23:42:34","slug":"chihuahua-pv3","status":"publish","type":"page","link":"https:\/\/petsnossos.com\/index.php\/chihuahua-pv3\/","title":{"rendered":"CHIHUAHUA PV3"},"content":{"rendered":"\t\t<div data-elementor-type=\"wp-page\" data-elementor-id=\"4148\" class=\"elementor elementor-4148\">\n\t\t\t\t<div class=\"elementor-element elementor-element-a51e6b7 e-flex e-con-boxed e-con e-parent\" data-id=\"a51e6b7\" data-element_type=\"container\" data-settings=\"{&quot;background_background&quot;:&quot;classic&quot;,&quot;content_width&quot;:&quot;boxed&quot;}\" data-core-v316-plus=\"true\">\n\t\t\t\t\t<div class=\"e-con-inner\">\n\t\t<div class=\"elementor-element elementor-element-08a8185 e-con-full e-flex e-con e-child\" data-id=\"08a8185\" data-element_type=\"container\" data-settings=\"{&quot;content_width&quot;:&quot;full&quot;}\">\n\t\t\t\t<div class=\"elementor-element elementor-element-7b83a40 elementor-widget elementor-widget-image\" data-id=\"7b83a40\" data-element_type=\"widget\" data-widget_type=\"image.default\">\n\t\t\t\t<div class=\"elementor-widget-container\">\n\t\t\t<style>\/*! elementor - v3.19.0 - 28-02-2024 *\/\n.elementor-widget-image{text-align:center}.elementor-widget-image a{display:inline-block}.elementor-widget-image a img[src$=\".svg\"]{width:48px}.elementor-widget-image img{vertical-align:middle;display:inline-block}<\/style>\t\t\t\t\t\t\t\t\t\t<img fetchpriority=\"high\" decoding=\"async\" width=\"600\" height=\"600\" src=\"https:\/\/petsnossos.com\/wp-content\/uploads\/2024\/03\/CHIHUAHUA.png\" class=\"attachment-large size-large wp-image-263\" alt=\"\" srcset=\"https:\/\/petsnossos.com\/wp-content\/uploads\/2024\/03\/CHIHUAHUA.png 600w, https:\/\/petsnossos.com\/wp-content\/uploads\/2024\/03\/CHIHUAHUA-300x300.png 300w, https:\/\/petsnossos.com\/wp-content\/uploads\/2024\/03\/CHIHUAHUA-150x150.png 150w\" sizes=\"(max-width: 600px) 100vw, 600px\" \/>\t\t\t\t\t\t\t\t\t\t\t\t\t<\/div>\n\t\t\t\t<\/div>\n\t\t\t\t<\/div>\n\t\t<div class=\"elementor-element elementor-element-0f8f1d4 e-con-full e-flex e-con e-child\" data-id=\"0f8f1d4\" data-element_type=\"container\" data-settings=\"{&quot;content_width&quot;:&quot;full&quot;}\">\n\t\t\t\t<div class=\"elementor-element elementor-element-f612ca9 elementor-widget elementor-widget-heading\" data-id=\"f612ca9\" data-element_type=\"widget\" data-widget_type=\"heading.default\">\n\t\t\t\t<div class=\"elementor-widget-container\">\n\t\t\t<style>\/*! elementor - v3.19.0 - 28-02-2024 *\/\n.elementor-heading-title{padding:0;margin:0;line-height:1}.elementor-widget-heading .elementor-heading-title[class*=elementor-size-]>a{color:inherit;font-size:inherit;line-height:inherit}.elementor-widget-heading .elementor-heading-title.elementor-size-small{font-size:15px}.elementor-widget-heading .elementor-heading-title.elementor-size-medium{font-size:19px}.elementor-widget-heading .elementor-heading-title.elementor-size-large{font-size:29px}.elementor-widget-heading .elementor-heading-title.elementor-size-xl{font-size:39px}.elementor-widget-heading .elementor-heading-title.elementor-size-xxl{font-size:59px}<\/style><h2 class=\"elementor-heading-title elementor-size-default\">CONHE\u00c7A E SAIBA COMO CUIDAR SEU AMIGUINHO<\/h2>\t\t<\/div>\n\t\t\t\t<\/div>\n\t\t\t\t<\/div>\n\t\t\t\t\t<\/div>\n\t\t\t\t<\/div>\n\t\t<div class=\"elementor-element elementor-element-18d27df e-flex e-con-boxed e-con e-parent\" data-id=\"18d27df\" data-element_type=\"container\" data-settings=\"{&quot;background_background&quot;:&quot;classic&quot;,&quot;content_width&quot;:&quot;boxed&quot;}\" data-core-v316-plus=\"true\">\n\t\t\t\t\t<div class=\"e-con-inner\">\n\t\t\t\t<div class=\"elementor-element elementor-element-52698bd elementor-widget elementor-widget-heading\" data-id=\"52698bd\" data-element_type=\"widget\" data-widget_type=\"heading.default\">\n\t\t\t\t<div class=\"elementor-widget-container\">\n\t\t\t<h2 class=\"elementor-heading-title elementor-size-default\">NESSE E-BOOK VOC\u00ca IR\u00c1 APRENDER<\/h2>\t\t<\/div>\n\t\t\t\t<\/div>\n\t\t\t\t<div class=\"elementor-element elementor-element-e22a3fa elementor-widget elementor-widget-text-editor\" data-id=\"e22a3fa\" data-element_type=\"widget\" data-widget_type=\"text-editor.default\">\n\t\t\t\t<div class=\"elementor-widget-container\">\n\t\t\t<style>\/*! elementor - v3.19.0 - 28-02-2024 *\/\n.elementor-widget-text-editor.elementor-drop-cap-view-stacked .elementor-drop-cap{background-color:#69727d;color:#fff}.elementor-widget-text-editor.elementor-drop-cap-view-framed .elementor-drop-cap{color:#69727d;border:3px solid;background-color:transparent}.elementor-widget-text-editor:not(.elementor-drop-cap-view-default) .elementor-drop-cap{margin-top:8px}.elementor-widget-text-editor:not(.elementor-drop-cap-view-default) .elementor-drop-cap-letter{width:1em;height:1em}.elementor-widget-text-editor .elementor-drop-cap{float:left;text-align:center;line-height:1;font-size:50px}.elementor-widget-text-editor .elementor-drop-cap-letter{display:inline-block}<\/style>\t\t\t\t<p>Hist\u00f3ria e origem da ra\u00e7a<\/p><p><br \/>Tra\u00e7os de personalidade<\/p><p><br \/>N\u00edvel de energia e necessidades de atividade<\/p><p><br \/>Cuidados com sa\u00fade e alimenta\u00e7\u00e3o<\/p><p><br \/>Dicas para socializa\u00e7\u00e3o e adestramento<\/p><p><br \/>Intera\u00e7\u00e3o com outros animais e crian\u00e7as<\/p><p><br \/>\u00a0Tudo explicado em linguagem simples, com base em estudos e experi\u00eancia real de criadores e tutores.<\/p><p><br \/>Com nossos e-books, voc\u00ea entende o comportamento natural da ra\u00e7a, aprende a estimular corretamente e cria um v\u00ednculo verdadeiro com seu c\u00e3o.<\/p>\t\t\t\t\t\t<\/div>\n\t\t\t\t<\/div>\n\t\t\t\t\t<\/div>\n\t\t\t\t<\/div>\n\t\t<div class=\"elementor-element elementor-element-a4d9024 e-flex e-con-boxed e-con e-parent\" data-id=\"a4d9024\" data-element_type=\"container\" data-settings=\"{&quot;background_background&quot;:&quot;classic&quot;,&quot;content_width&quot;:&quot;boxed&quot;}\" data-core-v316-plus=\"true\">\n\t\t\t\t\t<div class=\"e-con-inner\">\n\t\t\t\t<div class=\"elementor-element elementor-element-cde5ed2 elementor-widget elementor-widget-text-editor\" data-id=\"cde5ed2\" data-element_type=\"widget\" data-widget_type=\"text-editor.default\">\n\t\t\t\t<div class=\"elementor-widget-container\">\n\t\t\t\t\t\t\t<div class=\"flex-1 overflow-hidden\"><div class=\"react-scroll-to-bottom--css-emzwp-79elbk h-full\"><div class=\"react-scroll-to-bottom--css-emzwp-1n7m0yu\"><div class=\"flex flex-col text-sm pb-9\"><div class=\"w-full text-token-text-primary\" data-testid=\"conversation-turn-3\"><div class=\"px-4 py-2 justify-center text-base md:gap-6 m-auto\"><div class=\"flex flex-1 text-base mx-auto gap-3 md:px-5 lg:px-1 xl:px-5 md:max-w-3xl lg:max-w-[40rem] xl:max-w-[48rem] group final-completion\"><div class=\"relative flex w-full flex-col agent-turn\"><div class=\"flex-col gap-1 md:gap-3\"><div class=\"flex flex-grow flex-col max-w-full\"><div class=\"min-h-[20px] text-message flex flex-col items-start gap-3 whitespace-pre-wrap break-words [.text-message+&amp;]:mt-5 overflow-x-auto\" data-message-author-role=\"assistant\" data-message-id=\"4067bcc2-ad08-4454-9d24-4ac5361b0370\"><div class=\"markdown prose w-full break-words dark:prose-invert light\"><p>\u00c9 fundamental que um tutor de um Chihuahua se esforce para conhecer todas as caracter\u00edsticas dessa ra\u00e7a t\u00e3o especial. Esses pequenos c\u00e3es possuem necessidades e comportamentos espec\u00edficos que exigem cuidados especiais. Ao entender melhor as caracter\u00edsticas do Chihuahua, o tutor pode proporcionar uma vida mais saud\u00e1vel e feliz para seu pet.<\/p><p>Os Chihuahuas s\u00e3o conhecidos por sua personalidade forte e energia abundante, apesar do tamanho pequeno. Eles s\u00e3o extremamente leais aos seus donos, mas tamb\u00e9m podem ser teimosos e desconfiados com estranhos. Por isso, \u00e9 importante socializ\u00e1-los desde cedo para evitar problemas de comportamento, como agressividade ou timidez excessiva.<\/p><p>Em rela\u00e7\u00e3o \u00e0 sa\u00fade, os Chihuahuas podem ser propensos a algumas condi\u00e7\u00f5es espec\u00edficas, como problemas dent\u00e1rios devido ao tamanho pequeno da boca, luxa\u00e7\u00e3o da patela, hipoglicemia e problemas de peso. Por isso, uma alimenta\u00e7\u00e3o adequada e visitas regulares ao veterin\u00e1rio s\u00e3o essenciais para garantir a sa\u00fade e o bem-estar do seu Chihuahua.<\/p><p>Ao compreender as necessidades f\u00edsicas e emocionais do Chihuahua, o tutor pode criar um ambiente adequado e oferecer os cuidados necess\u00e1rios para que o animal viva uma vida longa, saud\u00e1vel e feliz.<\/p><p>Antes de conhecer seu c\u00e3o, voc\u00ea sabe mesmo o que ele precisa?<\/p><p>Muitos tutores enfrentam:<\/p><p>Desobedi\u00eancia ou destrui\u00e7\u00e3o por t\u00e9dio<\/p><p>Agressividade por falta de est\u00edmulo adequado<\/p><p>Gastos com adestramento e veterin\u00e1rio por desconhecimento<\/p><p>Em resumo, conhecer as caracter\u00edsticas e necessidades espec\u00edficas do Chihuahua \u00e9 fundamental para proporcionar a ele uma vida saud\u00e1vel e feliz. Ao compreender suas particularidades, voc\u00ea ser\u00e1 capaz de prevenir problemas de sa\u00fade e comportamento, garantindo uma rela\u00e7\u00e3o duradoura e harmoniosa com seu fiel companheiro de quatro patas. Invista tempo em conhecer seu Chihuahua e desfrute de todos os momentos maravilhosos que essa ra\u00e7a encantadora tem a oferecer!&#8221;<\/p><p>\u00a0 \u00a0 \u00a0 \u00a0 CONHECER \u00c9 FUNDAMENTAL PARA FAZER CERTO!!!<\/p><\/div><\/div><\/div><div class=\"mt-1 flex justify-start gap-3 empty:hidden\"><div class=\"text-gray-400 flex self-end lg:self-center items-center justify-center lg:justify-start mt-0 -ml-1 h-7 gap-[2px] visible\"><div class=\"flex items-center gap-1.5 text-xs\">\u00a0<\/div><div class=\"flex\">\u00a0<\/div><\/div><\/div><div class=\"pr-2 lg:pr-0\">\u00a0<\/div><\/div><div class=\"absolute\"><div class=\"flex w-full gap-2 items-center justify-center\">\u00a0<\/div><\/div><\/div><\/div><\/div><\/div><\/div><\/div><\/div><\/div><div class=\"w-full pt-2 md:pt-0 dark:border-white\/20 md:border-transparent md:dark:border-transparent md:w-[calc(100%-.5rem)]\"><form class=\"stretch mx-2 flex flex-row gap-3 last:mb-2 md:mx-4 md:last:mb-6 lg:mx-auto lg:max-w-2xl xl:max-w-3xl\"><div class=\"relative flex h-full flex-1 flex-col\"><div class=\"absolute bottom-full left-0 right-0\">\u00a0<\/div><div class=\"flex w-full items-center\">\u00a0<\/div><\/div><\/form><\/div>\t\t\t\t\t\t<\/div>\n\t\t\t\t<\/div>\n\t\t\t\t\t<\/div>\n\t\t\t\t<\/div>\n\t\t<div class=\"elementor-element elementor-element-1b535aa e-flex e-con-boxed e-con e-parent\" data-id=\"1b535aa\" data-element_type=\"container\" data-settings=\"{&quot;background_background&quot;:&quot;classic&quot;,&quot;content_width&quot;:&quot;boxed&quot;}\" data-core-v316-plus=\"true\">\n\t\t\t\t\t<div class=\"e-con-inner\">\n\t\t<div class=\"elementor-element elementor-element-d91043f e-con-full e-flex e-con e-child\" data-id=\"d91043f\" data-element_type=\"container\" data-settings=\"{&quot;content_width&quot;:&quot;full&quot;}\">\n\t\t\t\t<div class=\"elementor-element elementor-element-5b1e4b6 elementor-widget elementor-widget-image\" data-id=\"5b1e4b6\" data-element_type=\"widget\" data-widget_type=\"image.default\">\n\t\t\t\t<div class=\"elementor-widget-container\">\n\t\t\t\t\t\t\t\t\t\t\t\t\t<img decoding=\"async\" width=\"800\" height=\"455\" src=\"https:\/\/petsnossos.com\/wp-content\/uploads\/2024\/09\/CAPA-CHIHUAHUA-3D-1024x582.jpg\" class=\"attachment-large size-large wp-image-1893\" alt=\"\" srcset=\"https:\/\/petsnossos.com\/wp-content\/uploads\/2024\/09\/CAPA-CHIHUAHUA-3D-1024x582.jpg 1024w, https:\/\/petsnossos.com\/wp-content\/uploads\/2024\/09\/CAPA-CHIHUAHUA-3D-300x170.jpg 300w, https:\/\/petsnossos.com\/wp-content\/uploads\/2024\/09\/CAPA-CHIHUAHUA-3D-768x436.jpg 768w, https:\/\/petsnossos.com\/wp-content\/uploads\/2024\/09\/CAPA-CHIHUAHUA-3D-1536x873.jpg 1536w, https:\/\/petsnossos.com\/wp-content\/uploads\/2024\/09\/CAPA-CHIHUAHUA-3D-2048x1164.jpg 2048w\" sizes=\"(max-width: 800px) 100vw, 800px\" \/>\t\t\t\t\t\t\t\t\t\t\t\t\t<\/div>\n\t\t\t\t<\/div>\n\t\t\t\t<\/div>\n\t\t<div class=\"elementor-element elementor-element-971b20a e-con-full e-flex e-con e-child\" data-id=\"971b20a\" data-element_type=\"container\" data-settings=\"{&quot;content_width&quot;:&quot;full&quot;}\">\n\t\t\t\t<div class=\"elementor-element elementor-element-5142eac elementor-widget elementor-widget-image\" data-id=\"5142eac\" data-element_type=\"widget\" data-widget_type=\"image.default\">\n\t\t\t\t<div class=\"elementor-widget-container\">\n\t\t\t\t\t\t\t\t\t\t\t\t\t<img decoding=\"async\" width=\"227\" height=\"223\" src=\"https:\/\/petsnossos.com\/wp-content\/uploads\/2024\/04\/GARANTIA-2.jpg\" class=\"attachment-large size-large wp-image-736\" alt=\"\" \/>\t\t\t\t\t\t\t\t\t\t\t\t\t<\/div>\n\t\t\t\t<\/div>\n\t\t\t\t<\/div>\n\t\t\t\t\t<\/div>\n\t\t\t\t<\/div>\n\t\t<div class=\"elementor-element elementor-element-578a2b2 e-flex e-con-boxed e-con e-parent\" data-id=\"578a2b2\" data-element_type=\"container\" data-settings=\"{&quot;background_background&quot;:&quot;classic&quot;,&quot;content_width&quot;:&quot;boxed&quot;}\" data-core-v316-plus=\"true\">\n\t\t\t\t\t<div class=\"e-con-inner\">\n\t\t\t\t<div class=\"elementor-element elementor-element-7f4d7d6 elementor-widget elementor-widget-text-editor\" data-id=\"7f4d7d6\" data-element_type=\"widget\" data-widget_type=\"text-editor.default\">\n\t\t\t\t<div class=\"elementor-widget-container\">\n\t\t\t\t\t\t\t<p>Voc\u00ea poder\u00e1\u00a0 ser um \u00f3timo tutor para seu amiguinho por apenas R$49,90, promo\u00e7\u00e3o v\u00e1lida apenas aos primeiros 20 compradores, que pode ser parcelado de acordo com sua necessidade. Caso o e-book n\u00e3o corresponda sua expectativa , voc\u00ea poder\u00e1 solicitar o reembolso em at\u00e9 7 dias.\u00a0<br \/>Aproveite a oportunidade clicando no bot\u00e3o de compra e seja um dos 20 primeiros.\u00a0<\/p>\t\t\t\t\t\t<\/div>\n\t\t\t\t<\/div>\n\t\t\t\t\t<\/div>\n\t\t\t\t<\/div>\n\t\t<div class=\"elementor-element elementor-element-aa6cf1a e-flex e-con-boxed e-con e-parent\" data-id=\"aa6cf1a\" data-element_type=\"container\" data-settings=\"{&quot;background_background&quot;:&quot;classic&quot;,&quot;content_width&quot;:&quot;boxed&quot;}\" data-core-v316-plus=\"true\">\n\t\t\t\t\t<div class=\"e-con-inner\">\n\t\t\t\t<div class=\"elementor-element elementor-element-98f6e78 elementor-widget elementor-widget-heading\" data-id=\"98f6e78\" data-element_type=\"widget\" data-widget_type=\"heading.default\">\n\t\t\t\t<div class=\"elementor-widget-container\">\n\t\t\t<h2 class=\"elementor-heading-title elementor-size-default\">MENOS QUE O VALOR DE UMA CONSULTA VETERIN\u00c1RIA<\/h2>\t\t<\/div>\n\t\t\t\t<\/div>\n\t\t\t\t<div class=\"elementor-element elementor-element-5bdf78f elementor-align-center elementor-widget elementor-widget-button\" data-id=\"5bdf78f\" data-element_type=\"widget\" data-widget_type=\"button.default\">\n\t\t\t\t<div class=\"elementor-widget-container\">\n\t\t\t\t\t<div class=\"elementor-button-wrapper\">\n\t\t\t<a class=\"elementor-button elementor-button-link elementor-size-lg elementor-animation-pulse-grow\" href=\"https:\/\/chk.eduzz.com\/lxlc4hoj\">\n\t\t\t\t\t\t<span class=\"elementor-button-content-wrapper\">\n\t\t\t\t\t\t<span class=\"elementor-button-text\">SIM, QUERO SER UM BOM TUTOR<\/span>\n\t\t<\/span>\n\t\t\t\t\t<\/a>\n\t\t<\/div>\n\t\t\t\t<\/div>\n\t\t\t\t<\/div>\n\t\t\t\t<div class=\"elementor-element elementor-element-c749f5e elementor-widget elementor-widget-heading\" data-id=\"c749f5e\" data-element_type=\"widget\" data-widget_type=\"heading.default\">\n\t\t\t\t<div class=\"elementor-widget-container\">\n\t\t\t<h2 class=\"elementor-heading-title elementor-size-default\">DEPOIMENTOS<\/h2>\t\t<\/div>\n\t\t\t\t<\/div>\n\t\t\t\t\t<\/div>\n\t\t\t\t<\/div>\n\t\t<div class=\"elementor-element elementor-element-b1d5b90 e-flex e-con-boxed e-con e-parent\" data-id=\"b1d5b90\" data-element_type=\"container\" data-settings=\"{&quot;background_background&quot;:&quot;classic&quot;,&quot;content_width&quot;:&quot;boxed&quot;}\" data-core-v316-plus=\"true\">\n\t\t\t\t\t<div class=\"e-con-inner\">\n\t\t<div class=\"elementor-element elementor-element-8ea61e9 e-con-full e-flex e-con e-child\" data-id=\"8ea61e9\" data-element_type=\"container\" data-settings=\"{&quot;content_width&quot;:&quot;full&quot;}\">\n\t\t\t\t<div class=\"elementor-element elementor-element-2140227 elementor-widget elementor-widget-text-editor\" data-id=\"2140227\" data-element_type=\"widget\" data-widget_type=\"text-editor.default\">\n\t\t\t\t<div class=\"elementor-widget-container\">\n\t\t\t\t\t\t\t<p>Marcelo, 38 anos \u2013 Rio de Janeiro\/RJ\u00a0<br \/>\u201cO e-book me ajudou a entender melhor as necessidades do meu Chihuahua. Agora nossos passeios s\u00e3o bem mais tranquilos.\u201d<\/p>\t\t\t\t\t\t<\/div>\n\t\t\t\t<\/div>\n\t\t\t\t<\/div>\n\t\t<div class=\"elementor-element elementor-element-b553d51 e-con-full e-flex e-con e-child\" data-id=\"b553d51\" data-element_type=\"container\" data-settings=\"{&quot;content_width&quot;:&quot;full&quot;}\">\n\t\t\t\t<div class=\"elementor-element elementor-element-4ede066 elementor-widget elementor-widget-text-editor\" data-id=\"4ede066\" data-element_type=\"widget\" data-widget_type=\"text-editor.default\">\n\t\t\t\t<div class=\"elementor-widget-container\">\n\t\t\t\t\t\t\t<p>Cl\u00e1udia, 43 anos \u2013 Natal\/RN\u00a0<br \/>\u201cSuper did\u00e1tico e bem escrito. Ideal para quem quer cuidar com consci\u00eancia e carinho.\u201d<\/p>\t\t\t\t\t\t<\/div>\n\t\t\t\t<\/div>\n\t\t\t\t<\/div>\n\t\t<div class=\"elementor-element elementor-element-a04aaf3 e-con-full e-flex e-con e-child\" data-id=\"a04aaf3\" data-element_type=\"container\" data-settings=\"{&quot;content_width&quot;:&quot;full&quot;}\">\n\t\t\t\t<div class=\"elementor-element elementor-element-b485bcd elementor-widget elementor-widget-text-editor\" data-id=\"b485bcd\" data-element_type=\"widget\" data-widget_type=\"text-editor.default\">\n\t\t\t\t<div class=\"elementor-widget-container\">\n\t\t\t\t\t\t\t<p>Aline, 25 anos \u2013 Bel\u00e9m\/PA\u00a0<br \/>\u201cTexto leve e cheio de informa\u00e7\u00f5es importantes. Agora entendo as manias do meu Chihuahua.\u201d<\/p>\t\t\t\t\t\t<\/div>\n\t\t\t\t<\/div>\n\t\t\t\t<\/div>\n\t\t<div class=\"elementor-element elementor-element-6c9b10f e-con-full e-flex e-con e-child\" data-id=\"6c9b10f\" data-element_type=\"container\" data-settings=\"{&quot;content_width&quot;:&quot;full&quot;}\">\n\t\t\t\t<div class=\"elementor-element elementor-element-2deeadf elementor-widget elementor-widget-text-editor\" data-id=\"2deeadf\" data-element_type=\"widget\" data-widget_type=\"text-editor.default\">\n\t\t\t\t<div class=\"elementor-widget-container\">\n\t\t\t\t\t\t\t<p>Gustavo, 28 anos \u2013 Vit\u00f3ria\/ES\u00a0<br \/>\u201cExcelente conte\u00fado, muito completo. Aprendi a cuidar melhor da alimenta\u00e7\u00e3o do meu c\u00e3o.\u201d<\/p>\t\t\t\t\t\t<\/div>\n\t\t\t\t<\/div>\n\t\t\t\t<\/div>\n\t\t\t\t\t<\/div>\n\t\t\t\t<\/div>\n\t\t<div class=\"elementor-element elementor-element-a7d9196 e-flex e-con-boxed e-con e-parent\" data-id=\"a7d9196\" data-element_type=\"container\" data-settings=\"{&quot;background_background&quot;:&quot;classic&quot;,&quot;content_width&quot;:&quot;boxed&quot;}\" data-core-v316-plus=\"true\">\n\t\t\t\t\t<div class=\"e-con-inner\">\n\t\t\t\t<div class=\"elementor-element elementor-element-40c80d0 elementor-widget elementor-widget-heading\" data-id=\"40c80d0\" data-element_type=\"widget\" data-widget_type=\"heading.default\">\n\t\t\t\t<div class=\"elementor-widget-container\">\n\t\t\t<h2 class=\"elementor-heading-title elementor-size-default\">PERGUNTAS FREQUENTES<\/h2>\t\t<\/div>\n\t\t\t\t<\/div>\n\t\t\t\t<div class=\"elementor-element elementor-element-5cab1e4 elementor-widget elementor-widget-text-editor\" data-id=\"5cab1e4\" data-element_type=\"widget\" data-widget_type=\"text-editor.default\">\n\t\t\t\t<div class=\"elementor-widget-container\">\n\t\t\t\t\t\t\t<p>\u00c9 um livro f\u00edsico ou digital?<br \/>\u00a0Digital. Voc\u00ea recebe o e-book por e-mail imediatamente ap\u00f3s a compra.<\/p><p>\u00a0Posso ler no celular?<br \/>Sim, os arquivos s\u00e3o compat\u00edveis com celular, tablet ou computador.<\/p><p>\u00a0\u00c9 indicado para quem ainda n\u00e3o tem cachorro?<br \/>Sim! \u00c9 o melhor momento para conhecer a ra\u00e7a antes de decidir.<\/p><p>O primeiro passo para uma conviv\u00eancia feliz come\u00e7a com o conhecimento?<br \/>Sim<\/p><p>Se Queres Conhecer a Ra\u00e7a do seu C\u00e3o<\/p><p>\u00a0Acesse agora e receba seu e-book em segundos!<\/p>\t\t\t\t\t\t<\/div>\n\t\t\t\t<\/div>\n\t\t\t\t\t<\/div>\n\t\t\t\t<\/div>\n\t\t<div class=\"elementor-element elementor-element-d6988e3 e-flex e-con-boxed e-con e-parent\" data-id=\"d6988e3\" data-element_type=\"container\" data-settings=\"{&quot;background_background&quot;:&quot;classic&quot;,&quot;content_width&quot;:&quot;boxed&quot;}\" data-core-v316-plus=\"true\">\n\t\t\t\t\t<div class=\"e-con-inner\">\n\t\t\t\t<div class=\"elementor-element elementor-element-35ca7fd elementor-widget elementor-widget-heading\" data-id=\"35ca7fd\" data-element_type=\"widget\" data-widget_type=\"heading.default\">\n\t\t\t\t<div class=\"elementor-widget-container\">\n\t\t\t<h2 class=\"elementor-heading-title elementor-size-default\">APROVEITE A PROMO\u00c7\u00c3O, SEJA UM DOS 20 PRIMEIROS<\/h2>\t\t<\/div>\n\t\t\t\t<\/div>\n\t\t\t\t<div class=\"elementor-element elementor-element-8a6fffe elementor-align-center elementor-widget elementor-widget-button\" data-id=\"8a6fffe\" data-element_type=\"widget\" data-widget_type=\"button.default\">\n\t\t\t\t<div class=\"elementor-widget-container\">\n\t\t\t\t\t<div class=\"elementor-button-wrapper\">\n\t\t\t<a class=\"elementor-button elementor-button-link elementor-size-lg elementor-animation-pulse-grow\" href=\"https:\/\/chk.eduzz.com\/lxlc4hoj\">\n\t\t\t\t\t\t<span class=\"elementor-button-content-wrapper\">\n\t\t\t\t\t\t<span class=\"elementor-button-text\">SIM, QUERO SER UM BOM TUTOR<\/span>\n\t\t<\/span>\n\t\t\t\t\t<\/a>\n\t\t<\/div>\n\t\t\t\t<\/div>\n\t\t\t\t<\/div>\n\t\t\t\t\t<\/div>\n\t\t\t\t<\/div>\n\t\t\t\t<\/div>\n\t\t","protected":false},"excerpt":{"rendered":"<p>CONHE\u00c7A E SAIBA COMO CUIDAR SEU AMIGUINHO NESSE E-BOOK VOC\u00ca IR\u00c1 APRENDER Hist\u00f3ria e origem da ra\u00e7a Tra\u00e7os de personalidade N\u00edvel de energia e necessidades de atividade Cuidados com sa\u00fade e alimenta\u00e7\u00e3o Dicas para socializa\u00e7\u00e3o e adestramento Intera\u00e7\u00e3o com outros animais e crian\u00e7as \u00a0Tudo explicado em linguagem simples, com base em estudos e experi\u00eancia real [&hellip;]<\/p>\n","protected":false},"author":1,"featured_media":0,"parent":0,"menu_order":0,"comment_status":"closed","ping_status":"closed","template":"elementor_canvas","meta":{"footnotes":""},"_links":{"self":[{"href":"https:\/\/petsnossos.com\/index.php\/wp-json\/wp\/v2\/pages\/4148"}],"collection":[{"href":"https:\/\/petsnossos.com\/index.php\/wp-json\/wp\/v2\/pages"}],"about":[{"href":"https:\/\/petsnossos.com\/index.php\/wp-json\/wp\/v2\/types\/page"}],"author":[{"embeddable":true,"href":"https:\/\/petsnossos.com\/index.php\/wp-json\/wp\/v2\/users\/1"}],"replies":[{"embeddable":true,"href":"https:\/\/petsnossos.com\/index.php\/wp-json\/wp\/v2\/comments?post=4148"}],"version-history":[{"count":79,"href":"https:\/\/petsnossos.com\/index.php\/wp-json\/wp\/v2\/pages\/4148\/revisions"}],"predecessor-version":[{"id":5773,"href":"https:\/\/petsnossos.com\/index.php\/wp-json\/wp\/v2\/pages\/4148\/revisions\/5773"}],"wp:attachment":[{"href":"https:\/\/petsnossos.com\/index.php\/wp-json\/wp\/v2\/media?parent=4148"}],"curies":[{"name":"wp","href":"https:\/\/api.w.org\/{rel}","templated":true}]}}