{"id":4251,"date":"2025-11-10T10:07:35","date_gmt":"2025-11-10T13:07:35","guid":{"rendered":"https:\/\/petsnossos.com\/?page_id=4251"},"modified":"2026-03-31T16:53:35","modified_gmt":"2026-03-31T19:53:35","slug":"pastor-pv3","status":"publish","type":"page","link":"https:\/\/petsnossos.com\/index.php\/pastor-pv3\/","title":{"rendered":"PASTOR PV3"},"content":{"rendered":"\t\t<div data-elementor-type=\"wp-page\" data-elementor-id=\"4251\" class=\"elementor elementor-4251\">\n\t\t\t\t<div class=\"elementor-element elementor-element-8cc36ad e-flex e-con-boxed e-con e-parent\" data-id=\"8cc36ad\" data-element_type=\"container\" data-settings=\"{&quot;background_background&quot;:&quot;classic&quot;,&quot;content_width&quot;:&quot;boxed&quot;}\" data-core-v316-plus=\"true\">\n\t\t\t\t\t<div class=\"e-con-inner\">\n\t\t<div class=\"elementor-element elementor-element-6e99ef4 e-con-full e-flex e-con e-child\" data-id=\"6e99ef4\" data-element_type=\"container\" data-settings=\"{&quot;content_width&quot;:&quot;full&quot;}\">\n\t\t\t\t<div class=\"elementor-element elementor-element-d444a72 elementor-widget elementor-widget-image\" data-id=\"d444a72\" data-element_type=\"widget\" data-widget_type=\"image.default\">\n\t\t\t\t<div class=\"elementor-widget-container\">\n\t\t\t<style>\/*! elementor - v3.19.0 - 28-02-2024 *\/\n.elementor-widget-image{text-align:center}.elementor-widget-image a{display:inline-block}.elementor-widget-image a img[src$=\".svg\"]{width:48px}.elementor-widget-image img{vertical-align:middle;display:inline-block}<\/style>\t\t\t\t\t\t\t\t\t\t<img fetchpriority=\"high\" decoding=\"async\" width=\"800\" height=\"800\" src=\"https:\/\/petsnossos.com\/wp-content\/uploads\/2024\/09\/FOTO-PASTOR-ALEMAO-1024x1024.png\" class=\"attachment-large size-large wp-image-1977\" alt=\"\" srcset=\"https:\/\/petsnossos.com\/wp-content\/uploads\/2024\/09\/FOTO-PASTOR-ALEMAO-1024x1024.png 1024w, https:\/\/petsnossos.com\/wp-content\/uploads\/2024\/09\/FOTO-PASTOR-ALEMAO-300x300.png 300w, https:\/\/petsnossos.com\/wp-content\/uploads\/2024\/09\/FOTO-PASTOR-ALEMAO-150x150.png 150w, https:\/\/petsnossos.com\/wp-content\/uploads\/2024\/09\/FOTO-PASTOR-ALEMAO-768x768.png 768w, https:\/\/petsnossos.com\/wp-content\/uploads\/2024\/09\/FOTO-PASTOR-ALEMAO.png 1080w\" sizes=\"(max-width: 800px) 100vw, 800px\" \/>\t\t\t\t\t\t\t\t\t\t\t\t\t<\/div>\n\t\t\t\t<\/div>\n\t\t\t\t<\/div>\n\t\t<div class=\"elementor-element elementor-element-7198252 e-con-full e-flex e-con e-child\" data-id=\"7198252\" data-element_type=\"container\" data-settings=\"{&quot;content_width&quot;:&quot;full&quot;}\">\n\t\t\t\t<div class=\"elementor-element elementor-element-a06e4fa elementor-widget elementor-widget-heading\" data-id=\"a06e4fa\" data-element_type=\"widget\" data-widget_type=\"heading.default\">\n\t\t\t\t<div class=\"elementor-widget-container\">\n\t\t\t<style>\/*! elementor - v3.19.0 - 28-02-2024 *\/\n.elementor-heading-title{padding:0;margin:0;line-height:1}.elementor-widget-heading .elementor-heading-title[class*=elementor-size-]>a{color:inherit;font-size:inherit;line-height:inherit}.elementor-widget-heading .elementor-heading-title.elementor-size-small{font-size:15px}.elementor-widget-heading .elementor-heading-title.elementor-size-medium{font-size:19px}.elementor-widget-heading .elementor-heading-title.elementor-size-large{font-size:29px}.elementor-widget-heading .elementor-heading-title.elementor-size-xl{font-size:39px}.elementor-widget-heading .elementor-heading-title.elementor-size-xxl{font-size:59px}<\/style><h2 class=\"elementor-heading-title elementor-size-default\">CONHE\u00c7A E SAIBA COMO TRATAR SEU AMIGUINHO<\/h2>\t\t<\/div>\n\t\t\t\t<\/div>\n\t\t\t\t<\/div>\n\t\t\t\t\t<\/div>\n\t\t\t\t<\/div>\n\t\t<div class=\"elementor-element elementor-element-0bff2c2 e-flex e-con-boxed e-con e-parent\" data-id=\"0bff2c2\" data-element_type=\"container\" data-settings=\"{&quot;background_background&quot;:&quot;classic&quot;,&quot;content_width&quot;:&quot;boxed&quot;}\" data-core-v316-plus=\"true\">\n\t\t\t\t\t<div class=\"e-con-inner\">\n\t\t\t\t<div class=\"elementor-element elementor-element-cd37906 elementor-widget elementor-widget-heading\" data-id=\"cd37906\" data-element_type=\"widget\" data-widget_type=\"heading.default\">\n\t\t\t\t<div class=\"elementor-widget-container\">\n\t\t\t<h2 class=\"elementor-heading-title elementor-size-default\">NESTE E-BOOK VOCE IR\u00c1 APRENDER:<\/h2>\t\t<\/div>\n\t\t\t\t<\/div>\n\t\t\t\t<div class=\"elementor-element elementor-element-7910ac3 elementor-widget elementor-widget-text-editor\" data-id=\"7910ac3\" data-element_type=\"widget\" data-widget_type=\"text-editor.default\">\n\t\t\t\t<div class=\"elementor-widget-container\">\n\t\t\t<style>\/*! elementor - v3.19.0 - 28-02-2024 *\/\n.elementor-widget-text-editor.elementor-drop-cap-view-stacked .elementor-drop-cap{background-color:#69727d;color:#fff}.elementor-widget-text-editor.elementor-drop-cap-view-framed .elementor-drop-cap{color:#69727d;border:3px solid;background-color:transparent}.elementor-widget-text-editor:not(.elementor-drop-cap-view-default) .elementor-drop-cap{margin-top:8px}.elementor-widget-text-editor:not(.elementor-drop-cap-view-default) .elementor-drop-cap-letter{width:1em;height:1em}.elementor-widget-text-editor .elementor-drop-cap{float:left;text-align:center;line-height:1;font-size:50px}.elementor-widget-text-editor .elementor-drop-cap-letter{display:inline-block}<\/style>\t\t\t\t<p>Hist\u00f3ria e origem da ra\u00e7a<\/p><p>Tra\u00e7os de personalidade<\/p><p>N\u00edvel de energia e necessidades de atividade<\/p><p>Cuidados com sa\u00fade e alimenta\u00e7\u00e3o<\/p><p>Dicas para socializa\u00e7\u00e3o e adestramento<\/p><p>Intera\u00e7\u00e3o com outros animais e crian\u00e7as<\/p><p>\u00a0Tudo explicado em linguagem simples, com base em estudos e experi\u00eancia real de criadores e tutores.<\/p><p>Com nossos e-books, voc\u00ea entende o comportamento natural da ra\u00e7a, aprende a estimular corretamente e cria um v\u00ednculo verdadeiro com seu c\u00e3o.<\/p><p>Antes de conhecer seu c\u00e3o, voc\u00ea sabe mesmo o que ele precisa?<\/p><p>Muitos tutores enfrentam:<\/p><p>Desobedi\u00eancia ou destrui\u00e7\u00e3o por t\u00e9dio<\/p><p>Agressividade por falta de est\u00edmulo adequado<\/p><p>Gastos com adestramento e veterin\u00e1rio por desconhecimento<\/p><p>Conhecer todas as caracter\u00edsticas do Pastor Alem\u00e3o \u00e9 fundamental para garantir o bem-estar e a sa\u00fade do seu c\u00e3o. Essa ra\u00e7a \u00e9 conhecida por sua intelig\u00eancia, lealdade e energia, mas tamb\u00e9m possui necessidades espec\u00edficas, tanto f\u00edsicas quanto mentais. Ao entender o comportamento, a predisposi\u00e7\u00e3o gen\u00e9tica a problemas de sa\u00fade, como displasia de quadril, e a import\u00e2ncia de uma rotina de exerc\u00edcios e est\u00edmulos, o tutor pode proporcionar um ambiente mais adequado. Isso ajuda a prevenir problemas de sa\u00fade e comportamento, promovendo uma conviv\u00eancia harmoniosa e feliz com o Pastor Alem\u00e3o.<\/p><p>Em resumo, conhecer as caracter\u00edsticas e necessidades espec\u00edficas do Pastor Alem\u00e3o \u00e9 fundamental para proporcionar a ele uma vida saud\u00e1vel e feliz. Ao compreender suas particularidades, voc\u00ea ser\u00e1 capaz de prevenir problemas de sa\u00fade e comportamento, garantindo uma rela\u00e7\u00e3o duradoura e harmoniosa com seu fiel companheiro de quatro patas. Invista tempo em conhecer seu Pastor Alem\u00e3o e desfrute de todos os momentos maravilhosos que essa ra\u00e7a encantadora tem a oferecer!&#8221;<\/p>\t\t\t\t\t\t<\/div>\n\t\t\t\t<\/div>\n\t\t\t\t\t<\/div>\n\t\t\t\t<\/div>\n\t\t<div class=\"elementor-element elementor-element-51becee e-flex e-con-boxed e-con e-parent\" data-id=\"51becee\" data-element_type=\"container\" data-settings=\"{&quot;content_width&quot;:&quot;boxed&quot;}\" data-core-v316-plus=\"true\">\n\t\t\t\t\t<div class=\"e-con-inner\">\n\t\t<div class=\"elementor-element elementor-element-0bc60c7 e-con-full e-flex e-con e-child\" data-id=\"0bc60c7\" data-element_type=\"container\" data-settings=\"{&quot;content_width&quot;:&quot;full&quot;}\">\n\t\t\t\t<div class=\"elementor-element elementor-element-8213708 elementor-widget elementor-widget-image\" data-id=\"8213708\" data-element_type=\"widget\" data-widget_type=\"image.default\">\n\t\t\t\t<div class=\"elementor-widget-container\">\n\t\t\t\t\t\t\t\t\t\t\t\t\t<img decoding=\"async\" width=\"800\" height=\"455\" src=\"https:\/\/petsnossos.com\/wp-content\/uploads\/2024\/09\/CAPA-PASTOR-3D-1024x582.jpg\" class=\"attachment-large size-large wp-image-2005\" alt=\"\" srcset=\"https:\/\/petsnossos.com\/wp-content\/uploads\/2024\/09\/CAPA-PASTOR-3D-1024x582.jpg 1024w, https:\/\/petsnossos.com\/wp-content\/uploads\/2024\/09\/CAPA-PASTOR-3D-300x170.jpg 300w, https:\/\/petsnossos.com\/wp-content\/uploads\/2024\/09\/CAPA-PASTOR-3D-768x436.jpg 768w, https:\/\/petsnossos.com\/wp-content\/uploads\/2024\/09\/CAPA-PASTOR-3D-1536x873.jpg 1536w, https:\/\/petsnossos.com\/wp-content\/uploads\/2024\/09\/CAPA-PASTOR-3D-2048x1164.jpg 2048w\" sizes=\"(max-width: 800px) 100vw, 800px\" \/>\t\t\t\t\t\t\t\t\t\t\t\t\t<\/div>\n\t\t\t\t<\/div>\n\t\t\t\t<\/div>\n\t\t<div class=\"elementor-element elementor-element-a431dff e-con-full e-flex e-con e-child\" data-id=\"a431dff\" data-element_type=\"container\" data-settings=\"{&quot;content_width&quot;:&quot;full&quot;}\">\n\t\t\t\t<div class=\"elementor-element elementor-element-4a9c3b5 elementor-widget elementor-widget-image\" data-id=\"4a9c3b5\" data-element_type=\"widget\" data-widget_type=\"image.default\">\n\t\t\t\t<div class=\"elementor-widget-container\">\n\t\t\t\t\t\t\t\t\t\t\t\t\t<img decoding=\"async\" width=\"227\" height=\"223\" src=\"https:\/\/petsnossos.com\/wp-content\/uploads\/2024\/04\/GARANTIA-2.jpg\" class=\"attachment-large size-large wp-image-736\" alt=\"\" \/>\t\t\t\t\t\t\t\t\t\t\t\t\t<\/div>\n\t\t\t\t<\/div>\n\t\t\t\t<\/div>\n\t\t\t\t\t<\/div>\n\t\t\t\t<\/div>\n\t\t<div class=\"elementor-element elementor-element-ef7af8c e-flex e-con-boxed e-con e-parent\" data-id=\"ef7af8c\" data-element_type=\"container\" data-settings=\"{&quot;background_background&quot;:&quot;classic&quot;,&quot;content_width&quot;:&quot;boxed&quot;}\" data-core-v316-plus=\"true\">\n\t\t\t\t\t<div class=\"e-con-inner\">\n\t\t\t\t<div class=\"elementor-element elementor-element-da6daa0 elementor-widget elementor-widget-text-editor\" data-id=\"da6daa0\" data-element_type=\"widget\" data-widget_type=\"text-editor.default\">\n\t\t\t\t<div class=\"elementor-widget-container\">\n\t\t\t\t\t\t\t<p>Voc\u00ea poder\u00e1\u00a0 ser um \u00f3timo tutor para seu amiguinho por apenas R$49,90, promo\u00e7\u00e3o v\u00e1lida apenas aos primeiros 20 compradores, que pode ser parcelado de acordo com sua necessidade. Caso o e-book n\u00e3o corresponda sua expectativa , voc\u00ea poder\u00e1 solicitar o reembolso em at\u00e9 7 dias.\u00a0<br \/><br \/><\/p>\t\t\t\t\t\t<\/div>\n\t\t\t\t<\/div>\n\t\t\t\t\t<\/div>\n\t\t\t\t<\/div>\n\t\t<div class=\"elementor-element elementor-element-50b0e42 e-flex e-con-boxed e-con e-parent\" data-id=\"50b0e42\" data-element_type=\"container\" data-settings=\"{&quot;background_background&quot;:&quot;classic&quot;,&quot;content_width&quot;:&quot;boxed&quot;}\" data-core-v316-plus=\"true\">\n\t\t\t\t\t<div class=\"e-con-inner\">\n\t\t\t\t<div class=\"elementor-element elementor-element-c18ec92 elementor-widget elementor-widget-heading\" data-id=\"c18ec92\" data-element_type=\"widget\" data-widget_type=\"heading.default\">\n\t\t\t\t<div class=\"elementor-widget-container\">\n\t\t\t<h2 class=\"elementor-heading-title elementor-size-default\">APROVEITE A PROMO\u00c7\u00c3O, SEJA UM DOS 20 PRIMEIROS<\/h2>\t\t<\/div>\n\t\t\t\t<\/div>\n\t\t\t\t<div class=\"elementor-element elementor-element-c361e19 elementor-align-center elementor-widget elementor-widget-button\" data-id=\"c361e19\" data-element_type=\"widget\" data-widget_type=\"button.default\">\n\t\t\t\t<div class=\"elementor-widget-container\">\n\t\t\t\t\t<div class=\"elementor-button-wrapper\">\n\t\t\t<a class=\"elementor-button elementor-button-link elementor-size-lg elementor-animation-pulse-grow\" href=\"https:\/\/chk.eduzz.com\/5mamr5ns\">\n\t\t\t\t\t\t<span class=\"elementor-button-content-wrapper\">\n\t\t\t\t\t\t<span class=\"elementor-button-text\">SIM QUERO SER UM BOM TUTOR<\/span>\n\t\t<\/span>\n\t\t\t\t\t<\/a>\n\t\t<\/div>\n\t\t\t\t<\/div>\n\t\t\t\t<\/div>\n\t\t\t\t\t<\/div>\n\t\t\t\t<\/div>\n\t\t<div class=\"elementor-element elementor-element-af55296 e-flex e-con-boxed e-con e-parent\" data-id=\"af55296\" data-element_type=\"container\" data-settings=\"{&quot;background_background&quot;:&quot;classic&quot;,&quot;content_width&quot;:&quot;boxed&quot;}\" data-core-v316-plus=\"true\">\n\t\t\t\t\t<div class=\"e-con-inner\">\n\t\t\t\t<div class=\"elementor-element elementor-element-353ec77 elementor-widget elementor-widget-heading\" data-id=\"353ec77\" data-element_type=\"widget\" data-widget_type=\"heading.default\">\n\t\t\t\t<div class=\"elementor-widget-container\">\n\t\t\t<h2 class=\"elementor-heading-title elementor-size-default\">DEPOIMENTOS<\/h2>\t\t<\/div>\n\t\t\t\t<\/div>\n\t\t\t\t\t<\/div>\n\t\t\t\t<\/div>\n\t\t<div class=\"elementor-element elementor-element-ceafd76 e-flex e-con-boxed e-con e-parent\" data-id=\"ceafd76\" data-element_type=\"container\" data-settings=\"{&quot;background_background&quot;:&quot;classic&quot;,&quot;content_width&quot;:&quot;boxed&quot;}\" data-core-v316-plus=\"true\">\n\t\t\t\t\t<div class=\"e-con-inner\">\n\t\t<div class=\"elementor-element elementor-element-c619dcc e-con-full e-flex e-con e-child\" data-id=\"c619dcc\" data-element_type=\"container\" data-settings=\"{&quot;content_width&quot;:&quot;full&quot;}\">\n\t\t\t\t<div class=\"elementor-element elementor-element-05462e9 elementor-widget elementor-widget-text-editor\" data-id=\"05462e9\" data-element_type=\"widget\" data-widget_type=\"text-editor.default\">\n\t\t\t\t<div class=\"elementor-widget-container\">\n\t\t\t\t\t\t\t<p>Tatiane Costa, 44 anos \u2013 Campo Grande\/MS<br \/>\u201cAdorei a leitura! Agora consigo cuidar melhor do meu pet e entender suas necessidades.\u201d<\/p>\t\t\t\t\t\t<\/div>\n\t\t\t\t<\/div>\n\t\t\t\t<\/div>\n\t\t<div class=\"elementor-element elementor-element-383ea66 e-con-full e-flex e-con e-child\" data-id=\"383ea66\" data-element_type=\"container\" data-settings=\"{&quot;content_width&quot;:&quot;full&quot;}\">\n\t\t\t\t<div class=\"elementor-element elementor-element-a749f50 elementor-widget elementor-widget-text-editor\" data-id=\"a749f50\" data-element_type=\"widget\" data-widget_type=\"text-editor.default\">\n\t\t\t\t<div class=\"elementor-widget-container\">\n\t\t\t\t\t\t\t<p>Gustavo Pires, 37 anos \u2013 Vit\u00f3ria\/ES<br \/>\u201cUm material indispens\u00e1vel pra quem ama c\u00e3es. Aprender \u00e9 a base de um bom cuidado.\u201d<\/p>\t\t\t\t\t\t<\/div>\n\t\t\t\t<\/div>\n\t\t\t\t<\/div>\n\t\t<div class=\"elementor-element elementor-element-10543fd e-con-full e-flex e-con e-child\" data-id=\"10543fd\" data-element_type=\"container\" data-settings=\"{&quot;content_width&quot;:&quot;full&quot;}\">\n\t\t\t\t<div class=\"elementor-element elementor-element-528d654 elementor-widget elementor-widget-text-editor\" data-id=\"528d654\" data-element_type=\"widget\" data-widget_type=\"text-editor.default\">\n\t\t\t\t<div class=\"elementor-widget-container\">\n\t\t\t\t\t\t\t<p>Eliane Rocha, 52 anos \u2013 Fortaleza\/CE<br \/>\u201cDepois que li o e-book, percebi que conhecimento evita muitos erros no cuidado di\u00e1rio.\u201d<\/p>\t\t\t\t\t\t<\/div>\n\t\t\t\t<\/div>\n\t\t\t\t<\/div>\n\t\t<div class=\"elementor-element elementor-element-603f3a9 e-con-full e-flex e-con e-child\" data-id=\"603f3a9\" data-element_type=\"container\" data-settings=\"{&quot;content_width&quot;:&quot;full&quot;}\">\n\t\t\t\t<div class=\"elementor-element elementor-element-a858b69 elementor-widget elementor-widget-text-editor\" data-id=\"a858b69\" data-element_type=\"widget\" data-widget_type=\"text-editor.default\">\n\t\t\t\t<div class=\"elementor-widget-container\">\n\t\t\t\t\t\t\t<p>Felipe Moraes, 27 anos \u2013 S\u00e3o Lu\u00eds\/MA<br \/>\u201cConte\u00fado pr\u00e1tico e esclarecedor. Meu cachorro est\u00e1 muito mais calmo depois que ajustei a rotina.\u201d<\/p>\t\t\t\t\t\t<\/div>\n\t\t\t\t<\/div>\n\t\t\t\t<\/div>\n\t\t\t\t\t<\/div>\n\t\t\t\t<\/div>\n\t\t<div class=\"elementor-element elementor-element-5f49382 e-flex e-con-boxed e-con e-parent\" data-id=\"5f49382\" data-element_type=\"container\" data-settings=\"{&quot;background_background&quot;:&quot;classic&quot;,&quot;content_width&quot;:&quot;boxed&quot;}\" data-core-v316-plus=\"true\">\n\t\t\t\t\t<div class=\"e-con-inner\">\n\t\t\t\t<div class=\"elementor-element elementor-element-df79a6e elementor-widget elementor-widget-heading\" data-id=\"df79a6e\" data-element_type=\"widget\" data-widget_type=\"heading.default\">\n\t\t\t\t<div class=\"elementor-widget-container\">\n\t\t\t<h2 class=\"elementor-heading-title elementor-size-default\">PERGUNTAS  FREQUENTES<\/h2>\t\t<\/div>\n\t\t\t\t<\/div>\n\t\t\t\t<div class=\"elementor-element elementor-element-b67caac elementor-widget elementor-widget-text-editor\" data-id=\"b67caac\" data-element_type=\"widget\" data-widget_type=\"text-editor.default\">\n\t\t\t\t<div class=\"elementor-widget-container\">\n\t\t\t\t\t\t\t<p>\u00c9 um livro f\u00edsico ou digital?<br \/>\u00a0Digital. Voc\u00ea recebe o e-book por e-mail imediatamente ap\u00f3s a compra.<\/p><p>\u00a0Posso ler no celular?<br \/>Sim, os arquivos s\u00e3o compat\u00edveis com celular, tablet ou computador.<\/p><p>\u00a0\u00c9 indicado para quem ainda n\u00e3o tem cachorro?<br \/>Sim! \u00c9 o melhor momento para conhecer a ra\u00e7a antes de decidir.<\/p><p>O primeiro passo para uma conviv\u00eancia feliz come\u00e7a com o conhecimento?<br \/>Sim<\/p><p>\u00a0 \u00a0 \u00a0 \u00a0 \u00a0 \u00a0 \u00a0Se Queres Conhecer a Ra\u00e7a do seu C\u00e3o<\/p><p>\u00a0 \u00a0 \u00a0 \u00a0 Acesse agora e receba seu e-book em segundos!<\/p>\t\t\t\t\t\t<\/div>\n\t\t\t\t<\/div>\n\t\t\t\t\t<\/div>\n\t\t\t\t<\/div>\n\t\t<div class=\"elementor-element elementor-element-7dce4f7 e-flex e-con-boxed e-con e-parent\" data-id=\"7dce4f7\" data-element_type=\"container\" data-settings=\"{&quot;background_background&quot;:&quot;classic&quot;,&quot;content_width&quot;:&quot;boxed&quot;}\" data-core-v316-plus=\"true\">\n\t\t\t\t\t<div class=\"e-con-inner\">\n\t\t\t\t<div class=\"elementor-element elementor-element-50a2e3a elementor-widget elementor-widget-heading\" data-id=\"50a2e3a\" data-element_type=\"widget\" data-widget_type=\"heading.default\">\n\t\t\t\t<div class=\"elementor-widget-container\">\n\t\t\t<h2 class=\"elementor-heading-title elementor-size-default\">MENOS QUE UMA CONSULTA VETERIN\u00c1RIA<\/h2>\t\t<\/div>\n\t\t\t\t<\/div>\n\t\t\t\t<div class=\"elementor-element elementor-element-2d675a8 elementor-align-center elementor-widget elementor-widget-button\" data-id=\"2d675a8\" data-element_type=\"widget\" data-widget_type=\"button.default\">\n\t\t\t\t<div class=\"elementor-widget-container\">\n\t\t\t\t\t<div class=\"elementor-button-wrapper\">\n\t\t\t<a class=\"elementor-button elementor-button-link elementor-size-lg elementor-animation-pulse-grow\" href=\"https:\/\/chk.eduzz.com\/5mamr5ns\">\n\t\t\t\t\t\t<span class=\"elementor-button-content-wrapper\">\n\t\t\t\t\t\t<span class=\"elementor-button-text\">SIM, QUERO SER UM BOM TUTOR<\/span>\n\t\t<\/span>\n\t\t\t\t\t<\/a>\n\t\t<\/div>\n\t\t\t\t<\/div>\n\t\t\t\t<\/div>\n\t\t\t\t\t<\/div>\n\t\t\t\t<\/div>\n\t\t\t\t<\/div>\n\t\t","protected":false},"excerpt":{"rendered":"<p>CONHE\u00c7A E SAIBA COMO TRATAR SEU AMIGUINHO NESTE E-BOOK VOCE IR\u00c1 APRENDER: Hist\u00f3ria e origem da ra\u00e7a Tra\u00e7os de personalidade N\u00edvel de energia e necessidades de atividade Cuidados com sa\u00fade e alimenta\u00e7\u00e3o Dicas para socializa\u00e7\u00e3o e adestramento Intera\u00e7\u00e3o com outros animais e crian\u00e7as \u00a0Tudo explicado em linguagem simples, com base em estudos e experi\u00eancia real [&hellip;]<\/p>\n","protected":false},"author":1,"featured_media":0,"parent":0,"menu_order":0,"comment_status":"closed","ping_status":"closed","template":"elementor_canvas","meta":{"footnotes":""},"_links":{"self":[{"href":"https:\/\/petsnossos.com\/index.php\/wp-json\/wp\/v2\/pages\/4251"}],"collection":[{"href":"https:\/\/petsnossos.com\/index.php\/wp-json\/wp\/v2\/pages"}],"about":[{"href":"https:\/\/petsnossos.com\/index.php\/wp-json\/wp\/v2\/types\/page"}],"author":[{"embeddable":true,"href":"https:\/\/petsnossos.com\/index.php\/wp-json\/wp\/v2\/users\/1"}],"replies":[{"embeddable":true,"href":"https:\/\/petsnossos.com\/index.php\/wp-json\/wp\/v2\/comments?post=4251"}],"version-history":[{"count":88,"href":"https:\/\/petsnossos.com\/index.php\/wp-json\/wp\/v2\/pages\/4251\/revisions"}],"predecessor-version":[{"id":5740,"href":"https:\/\/petsnossos.com\/index.php\/wp-json\/wp\/v2\/pages\/4251\/revisions\/5740"}],"wp:attachment":[{"href":"https:\/\/petsnossos.com\/index.php\/wp-json\/wp\/v2\/media?parent=4251"}],"curies":[{"name":"wp","href":"https:\/\/api.w.org\/{rel}","templated":true}]}}