{"id":4494,"date":"2025-11-25T11:27:05","date_gmt":"2025-11-25T14:27:05","guid":{"rendered":"https:\/\/petsnossos.com\/?page_id=4494"},"modified":"2026-01-27T09:22:25","modified_gmt":"2026-01-27T12:22:25","slug":"yorkshire-pv3","status":"publish","type":"page","link":"https:\/\/petsnossos.com\/index.php\/yorkshire-pv3\/","title":{"rendered":"YORKSHIRE PV3"},"content":{"rendered":"\t\t<div data-elementor-type=\"wp-page\" data-elementor-id=\"4494\" class=\"elementor elementor-4494\">\n\t\t\t\t<div class=\"elementor-element elementor-element-c5480e2 e-flex e-con-boxed e-con e-parent\" data-id=\"c5480e2\" data-element_type=\"container\" data-settings=\"{&quot;background_background&quot;:&quot;classic&quot;,&quot;content_width&quot;:&quot;boxed&quot;}\" data-core-v316-plus=\"true\">\n\t\t\t\t\t<div class=\"e-con-inner\">\n\t\t<div class=\"elementor-element elementor-element-115f2a3 e-con-full e-flex e-con e-child\" data-id=\"115f2a3\" data-element_type=\"container\" data-settings=\"{&quot;content_width&quot;:&quot;full&quot;}\">\n\t\t\t\t<div class=\"elementor-element elementor-element-6ab7d30 elementor-widget elementor-widget-image\" data-id=\"6ab7d30\" data-element_type=\"widget\" data-widget_type=\"image.default\">\n\t\t\t\t<div class=\"elementor-widget-container\">\n\t\t\t<style>\/*! elementor - v3.19.0 - 28-02-2024 *\/\n.elementor-widget-image{text-align:center}.elementor-widget-image a{display:inline-block}.elementor-widget-image a img[src$=\".svg\"]{width:48px}.elementor-widget-image img{vertical-align:middle;display:inline-block}<\/style>\t\t\t\t\t\t\t\t\t\t<img fetchpriority=\"high\" decoding=\"async\" width=\"600\" height=\"600\" src=\"https:\/\/petsnossos.com\/wp-content\/uploads\/2024\/03\/YORKSHIRE-TERRIER.png\" class=\"attachment-large size-large wp-image-590\" alt=\"\" srcset=\"https:\/\/petsnossos.com\/wp-content\/uploads\/2024\/03\/YORKSHIRE-TERRIER.png 600w, https:\/\/petsnossos.com\/wp-content\/uploads\/2024\/03\/YORKSHIRE-TERRIER-300x300.png 300w, https:\/\/petsnossos.com\/wp-content\/uploads\/2024\/03\/YORKSHIRE-TERRIER-150x150.png 150w\" sizes=\"(max-width: 600px) 100vw, 600px\" \/>\t\t\t\t\t\t\t\t\t\t\t\t\t<\/div>\n\t\t\t\t<\/div>\n\t\t\t\t<\/div>\n\t\t<div class=\"elementor-element elementor-element-f087944 e-con-full e-flex e-con e-child\" data-id=\"f087944\" data-element_type=\"container\" data-settings=\"{&quot;content_width&quot;:&quot;full&quot;}\">\n\t\t\t\t<div class=\"elementor-element elementor-element-2a19c1a elementor-widget elementor-widget-heading\" data-id=\"2a19c1a\" data-element_type=\"widget\" data-widget_type=\"heading.default\">\n\t\t\t\t<div class=\"elementor-widget-container\">\n\t\t\t<style>\/*! elementor - v3.19.0 - 28-02-2024 *\/\n.elementor-heading-title{padding:0;margin:0;line-height:1}.elementor-widget-heading .elementor-heading-title[class*=elementor-size-]>a{color:inherit;font-size:inherit;line-height:inherit}.elementor-widget-heading .elementor-heading-title.elementor-size-small{font-size:15px}.elementor-widget-heading .elementor-heading-title.elementor-size-medium{font-size:19px}.elementor-widget-heading .elementor-heading-title.elementor-size-large{font-size:29px}.elementor-widget-heading .elementor-heading-title.elementor-size-xl{font-size:39px}.elementor-widget-heading .elementor-heading-title.elementor-size-xxl{font-size:59px}<\/style><h2 class=\"elementor-heading-title elementor-size-default\">CONHE\u00c7A E SAIBA COMO TRATAR SEU AMIGUINHO<\/h2>\t\t<\/div>\n\t\t\t\t<\/div>\n\t\t\t\t<\/div>\n\t\t\t\t\t<\/div>\n\t\t\t\t<\/div>\n\t\t<div class=\"elementor-element elementor-element-b8e6b28 e-flex e-con-boxed e-con e-parent\" data-id=\"b8e6b28\" data-element_type=\"container\" data-settings=\"{&quot;background_background&quot;:&quot;classic&quot;,&quot;content_width&quot;:&quot;boxed&quot;}\" data-core-v316-plus=\"true\">\n\t\t\t\t\t<div class=\"e-con-inner\">\n\t\t\t\t<div class=\"elementor-element elementor-element-539eeaf elementor-widget elementor-widget-heading\" data-id=\"539eeaf\" data-element_type=\"widget\" data-widget_type=\"heading.default\">\n\t\t\t\t<div class=\"elementor-widget-container\">\n\t\t\t<h2 class=\"elementor-heading-title elementor-size-default\">VOC\u00ca IR\u00c1 APRENDER NESSE E-BOOK<\/h2>\t\t<\/div>\n\t\t\t\t<\/div>\n\t\t\t\t<div class=\"elementor-element elementor-element-661fdaf elementor-widget elementor-widget-text-editor\" data-id=\"661fdaf\" data-element_type=\"widget\" data-widget_type=\"text-editor.default\">\n\t\t\t\t<div class=\"elementor-widget-container\">\n\t\t\t<style>\/*! elementor - v3.19.0 - 28-02-2024 *\/\n.elementor-widget-text-editor.elementor-drop-cap-view-stacked .elementor-drop-cap{background-color:#69727d;color:#fff}.elementor-widget-text-editor.elementor-drop-cap-view-framed .elementor-drop-cap{color:#69727d;border:3px solid;background-color:transparent}.elementor-widget-text-editor:not(.elementor-drop-cap-view-default) .elementor-drop-cap{margin-top:8px}.elementor-widget-text-editor:not(.elementor-drop-cap-view-default) .elementor-drop-cap-letter{width:1em;height:1em}.elementor-widget-text-editor .elementor-drop-cap{float:left;text-align:center;line-height:1;font-size:50px}.elementor-widget-text-editor .elementor-drop-cap-letter{display:inline-block}<\/style>\t\t\t\t<p>Hist\u00f3ria e origem da ra\u00e7a<\/p><p>Tra\u00e7os de personalidade<\/p><p>N\u00edvel de energia e necessidades de atividade<\/p><p>Cuidados com sa\u00fade e alimenta\u00e7\u00e3o<\/p><p>Dicas para socializa\u00e7\u00e3o e adestramento<\/p><p>Intera\u00e7\u00e3o com outros animais e crian\u00e7as<\/p><p>\u00a0Tudo explicado em linguagem simples, com base em estudos e experi\u00eancia real de criadores e tutores.<\/p><p>Antes de conhecer seu c\u00e3o, voc\u00ea sabe mesmo o que ele precisa?<\/p><p>Muitos tutores enfrentam:<\/p><p>Desobedi\u00eancia ou destrui\u00e7\u00e3o por t\u00e9dio<\/p><p>Agressividade por falta de est\u00edmulo adequado<\/p><p>Gastos com adestramento e veterin\u00e1rio por desconhecimento.<\/p><p>Com nossos e-books, voc\u00ea entende o comportamento natural da ra\u00e7a, aprende a estimular corretamente e cria um v\u00ednculo verdadeiro com seu c\u00e3o.<\/p>\t\t\t\t\t\t<\/div>\n\t\t\t\t<\/div>\n\t\t\t\t<div class=\"elementor-element elementor-element-93fb4c9 elementor-widget elementor-widget-text-editor\" data-id=\"93fb4c9\" data-element_type=\"widget\" data-widget_type=\"text-editor.default\">\n\t\t\t\t<div class=\"elementor-widget-container\">\n\t\t\t\t\t\t\t<p>Como tutor de um Yorkshire Terrier, \u00e9 essencial que voc\u00ea se familiarize com as caracter\u00edsticas \u00fanicas dessa ra\u00e7a. Conhecendo seus tra\u00e7os comportamentais e necessidades espec\u00edficas, voc\u00ea poder\u00e1 proporcionar um ambiente saud\u00e1vel e feliz para seu c\u00e3o. Os Yorkshire Terrier s\u00e3o conhecidos por sua personalidade ativa e curiosa, mas tamb\u00e9m podem ser teimosos, o que requer paci\u00eancia e consist\u00eancia no treinamento. Al\u00e9m disso, eles t\u00eam um pelo longo e sedoso que requer cuidados regulares, como escova\u00e7\u00e3o di\u00e1ria e tosa peri\u00f3dica. Os Yorkshires tamb\u00e9m s\u00e3o propensos a problemas dent\u00e1rios, por isso \u00e9 importante cuidar da higiene oral do seu c\u00e3o. Ao compreender e atender \u00e0s necessidades do seu Yorkshire Terrier, voc\u00ea estar\u00e1 contribuindo para evitar problemas de sa\u00fade e comportamento, garantindo uma vida longa e feliz juntos.<\/p><p>Em resumo, conhecer as caracter\u00edsticas e necessidades espec\u00edficas do Yorkshire \u00e9 fundamental para proporcionar a ele uma vida saud\u00e1vel e feliz. Ao compreender suas particularidades, voc\u00ea ser\u00e1 capaz de prevenir problemas de sa\u00fade e comportamento do Yorkshire e desfrute de todos os momentos maravilhosos que essa ra\u00e7a encantadora tem a oferecer!&#8221;<\/p><p>\u00a0 \u00a0 CONHECER \u00c9 FUNDAMENTAL PARA FAZER CERTO!!!<\/p>\t\t\t\t\t\t<\/div>\n\t\t\t\t<\/div>\n\t\t\t\t\t<\/div>\n\t\t\t\t<\/div>\n\t\t<div class=\"elementor-element elementor-element-cb3ec59 e-flex e-con-boxed e-con e-parent\" data-id=\"cb3ec59\" data-element_type=\"container\" data-settings=\"{&quot;background_background&quot;:&quot;classic&quot;,&quot;content_width&quot;:&quot;boxed&quot;}\" data-core-v316-plus=\"true\">\n\t\t\t\t\t<div class=\"e-con-inner\">\n\t\t<div class=\"elementor-element elementor-element-3245f38 e-con-full e-flex e-con e-child\" data-id=\"3245f38\" data-element_type=\"container\" data-settings=\"{&quot;content_width&quot;:&quot;full&quot;}\">\n\t\t\t\t<div class=\"elementor-element elementor-element-c9fadff elementor-widget elementor-widget-image\" data-id=\"c9fadff\" data-element_type=\"widget\" data-widget_type=\"image.default\">\n\t\t\t\t<div class=\"elementor-widget-container\">\n\t\t\t\t\t\t\t\t\t\t\t\t\t<img decoding=\"async\" width=\"800\" height=\"455\" src=\"https:\/\/petsnossos.com\/wp-content\/uploads\/2024\/09\/CAPA-YORKSHIRE-3D-1024x582.jpg\" class=\"attachment-large size-large wp-image-2186\" alt=\"\" srcset=\"https:\/\/petsnossos.com\/wp-content\/uploads\/2024\/09\/CAPA-YORKSHIRE-3D-1024x582.jpg 1024w, https:\/\/petsnossos.com\/wp-content\/uploads\/2024\/09\/CAPA-YORKSHIRE-3D-300x170.jpg 300w, https:\/\/petsnossos.com\/wp-content\/uploads\/2024\/09\/CAPA-YORKSHIRE-3D-768x436.jpg 768w, https:\/\/petsnossos.com\/wp-content\/uploads\/2024\/09\/CAPA-YORKSHIRE-3D-1536x873.jpg 1536w, https:\/\/petsnossos.com\/wp-content\/uploads\/2024\/09\/CAPA-YORKSHIRE-3D-2048x1164.jpg 2048w\" sizes=\"(max-width: 800px) 100vw, 800px\" \/>\t\t\t\t\t\t\t\t\t\t\t\t\t<\/div>\n\t\t\t\t<\/div>\n\t\t\t\t<\/div>\n\t\t<div class=\"elementor-element elementor-element-2a331a8 e-con-full e-flex e-con e-child\" data-id=\"2a331a8\" data-element_type=\"container\" data-settings=\"{&quot;content_width&quot;:&quot;full&quot;}\">\n\t\t\t\t<div class=\"elementor-element elementor-element-6f9987a elementor-widget elementor-widget-image\" data-id=\"6f9987a\" data-element_type=\"widget\" data-widget_type=\"image.default\">\n\t\t\t\t<div class=\"elementor-widget-container\">\n\t\t\t\t\t\t\t\t\t\t\t\t\t<img decoding=\"async\" width=\"227\" height=\"223\" src=\"https:\/\/petsnossos.com\/wp-content\/uploads\/2024\/04\/GARANTIA-2.jpg\" class=\"attachment-large size-large wp-image-736\" alt=\"\" \/>\t\t\t\t\t\t\t\t\t\t\t\t\t<\/div>\n\t\t\t\t<\/div>\n\t\t\t\t<\/div>\n\t\t\t\t\t<\/div>\n\t\t\t\t<\/div>\n\t\t<div class=\"elementor-element elementor-element-b2ddc27 e-flex e-con-boxed e-con e-parent\" data-id=\"b2ddc27\" data-element_type=\"container\" data-settings=\"{&quot;background_background&quot;:&quot;classic&quot;,&quot;content_width&quot;:&quot;boxed&quot;}\" data-core-v316-plus=\"true\">\n\t\t\t\t\t<div class=\"e-con-inner\">\n\t\t<div class=\"elementor-element elementor-element-a996abc e-con-full e-flex e-con e-child\" data-id=\"a996abc\" data-element_type=\"container\" data-settings=\"{&quot;content_width&quot;:&quot;full&quot;}\">\n\t\t\t\t<div class=\"elementor-element elementor-element-e129b0f elementor-widget elementor-widget-text-editor\" data-id=\"e129b0f\" data-element_type=\"widget\" data-widget_type=\"text-editor.default\">\n\t\t\t\t<div class=\"elementor-widget-container\">\n\t\t\t\t\t\t\t<p>Voc\u00ea poder\u00e1\u00a0 ser um \u00f3timo tutor para seu amiguinho por apenas R$49,90, promo\u00e7\u00e3o v\u00e1lida apenas aos primeiros 20 compradores, que pode ser parcelado de acordo com sua necessidade. Caso o e-book n\u00e3o corresponda sua expectativa , voc\u00ea poder\u00e1 solicitar o reembolso em at\u00e9 7 dias.\u00a0<br \/>\u00a0 \u00a0 \u00a0 \u00a0 \u00a0 \u00a0 \u00a0 \u00a0 \u00a0 \u00a0 \u00a0 \u00a0 \u00a0 \u00a0 \u00a0<\/p>\t\t\t\t\t\t<\/div>\n\t\t\t\t<\/div>\n\t\t\t\t<\/div>\n\t\t<div class=\"elementor-element elementor-element-c32f79b e-con-full e-flex e-con e-child\" data-id=\"c32f79b\" data-element_type=\"container\" data-settings=\"{&quot;content_width&quot;:&quot;full&quot;}\">\n\t\t\t\t<div class=\"elementor-element elementor-element-2d5dcf0 elementor-widget elementor-widget-button\" data-id=\"2d5dcf0\" data-element_type=\"widget\" data-widget_type=\"button.default\">\n\t\t\t\t<div class=\"elementor-widget-container\">\n\t\t\t\t\t<div class=\"elementor-button-wrapper\">\n\t\t\t<a class=\"elementor-button elementor-button-link elementor-size-lg elementor-animation-pulse-grow\" href=\"https:\/\/chk.eduzz.com\/n7b76nzn\">\n\t\t\t\t\t\t<span class=\"elementor-button-content-wrapper\">\n\t\t\t\t\t\t<span class=\"elementor-button-text\">SIM, QUERO SER UM BOM TUTOR<\/span>\n\t\t<\/span>\n\t\t\t\t\t<\/a>\n\t\t<\/div>\n\t\t\t\t<\/div>\n\t\t\t\t<\/div>\n\t\t\t\t<div class=\"elementor-element elementor-element-adb73c5 elementor-widget elementor-widget-heading\" data-id=\"adb73c5\" data-element_type=\"widget\" data-widget_type=\"heading.default\">\n\t\t\t\t<div class=\"elementor-widget-container\">\n\t\t\t<h2 class=\"elementor-heading-title elementor-size-default\">APROVEITE, SEJA UM DOS 20 PRIMEIROS<\/h2>\t\t<\/div>\n\t\t\t\t<\/div>\n\t\t\t\t<\/div>\n\t\t\t\t\t<\/div>\n\t\t\t\t<\/div>\n\t\t<div class=\"elementor-element elementor-element-2c90399 e-flex e-con-boxed e-con e-parent\" data-id=\"2c90399\" data-element_type=\"container\" data-settings=\"{&quot;background_background&quot;:&quot;classic&quot;,&quot;content_width&quot;:&quot;boxed&quot;}\" data-core-v316-plus=\"true\">\n\t\t\t\t\t<div class=\"e-con-inner\">\n\t\t\t\t<div class=\"elementor-element elementor-element-8dd3c06 elementor-widget elementor-widget-heading\" data-id=\"8dd3c06\" data-element_type=\"widget\" data-widget_type=\"heading.default\">\n\t\t\t\t<div class=\"elementor-widget-container\">\n\t\t\t<h2 class=\"elementor-heading-title elementor-size-default\">DEPOIMENTOS<\/h2>\t\t<\/div>\n\t\t\t\t<\/div>\n\t\t\t\t\t<\/div>\n\t\t\t\t<\/div>\n\t\t<div class=\"elementor-element elementor-element-87a4f05 e-flex e-con-boxed e-con e-parent\" data-id=\"87a4f05\" data-element_type=\"container\" data-settings=\"{&quot;background_background&quot;:&quot;classic&quot;,&quot;content_width&quot;:&quot;boxed&quot;}\" data-core-v316-plus=\"true\">\n\t\t\t\t\t<div class=\"e-con-inner\">\n\t\t<div class=\"elementor-element elementor-element-2cbbbdb e-con-full e-flex e-con e-child\" data-id=\"2cbbbdb\" data-element_type=\"container\" data-settings=\"{&quot;content_width&quot;:&quot;full&quot;}\">\n\t\t\t\t<div class=\"elementor-element elementor-element-b5df7bc elementor-widget elementor-widget-text-editor\" data-id=\"b5df7bc\" data-element_type=\"widget\" data-widget_type=\"text-editor.default\">\n\t\t\t\t<div class=\"elementor-widget-container\">\n\t\t\t\t\t\t\t<p>Andr\u00e9 Coelho, 37 anos \u2013 S\u00e3o Paulo\/SP<br \/>\u201cMaterial completo e f\u00e1cil de entender. Apliquei as dicas e j\u00e1 percebi diferen\u00e7a.\u201d<\/p>\t\t\t\t\t\t<\/div>\n\t\t\t\t<\/div>\n\t\t\t\t<\/div>\n\t\t<div class=\"elementor-element elementor-element-bb3d4c2 e-con-full e-flex e-con e-child\" data-id=\"bb3d4c2\" data-element_type=\"container\" data-settings=\"{&quot;content_width&quot;:&quot;full&quot;}\">\n\t\t\t\t<div class=\"elementor-element elementor-element-e713d6d elementor-widget elementor-widget-text-editor\" data-id=\"e713d6d\" data-element_type=\"widget\" data-widget_type=\"text-editor.default\">\n\t\t\t\t<div class=\"elementor-widget-container\">\n\t\t\t\t\t\t\t<p>Carolina Braga, 42 anos \u2013 Belo Horizonte\/MG<br \/>\u201cDepois que li, meu relacionamento com meu cachorro ficou muito mais harmonioso.\u201d<\/p>\t\t\t\t\t\t<\/div>\n\t\t\t\t<\/div>\n\t\t\t\t<\/div>\n\t\t<div class=\"elementor-element elementor-element-7b0457d e-con-full e-flex e-con e-child\" data-id=\"7b0457d\" data-element_type=\"container\" data-settings=\"{&quot;content_width&quot;:&quot;full&quot;}\">\n\t\t\t\t<div class=\"elementor-element elementor-element-f4e8780 elementor-widget elementor-widget-text-editor\" data-id=\"f4e8780\" data-element_type=\"widget\" data-widget_type=\"text-editor.default\">\n\t\t\t\t<div class=\"elementor-widget-container\">\n\t\t\t\t\t\t\t<p>Maur\u00edcio Santos, 47 anos \u2013 Porto Alegre\/RS<br \/>\u201cAprendi detalhes que mudaram o dia a dia com meu c\u00e3o. \u00c9 um guia indispens\u00e1vel.\u201d<\/p>\t\t\t\t\t\t<\/div>\n\t\t\t\t<\/div>\n\t\t\t\t<\/div>\n\t\t<div class=\"elementor-element elementor-element-d32af62 e-con-full e-flex e-con e-child\" data-id=\"d32af62\" data-element_type=\"container\" data-settings=\"{&quot;content_width&quot;:&quot;full&quot;}\">\n\t\t\t\t<div class=\"elementor-element elementor-element-27b5d31 elementor-widget elementor-widget-text-editor\" data-id=\"27b5d31\" data-element_type=\"widget\" data-widget_type=\"text-editor.default\">\n\t\t\t\t<div class=\"elementor-widget-container\">\n\t\t\t\t\t\t\t<p>Bruno Cardoso, 28 anos \u2013 S\u00e3o Jos\u00e9 dos Campos\/SP<br \/>\u201cLeitura r\u00e1pida, mas cheia de informa\u00e7\u00f5es que realmente fazem diferen\u00e7a.\u201d<\/p>\t\t\t\t\t\t<\/div>\n\t\t\t\t<\/div>\n\t\t\t\t<\/div>\n\t\t\t\t\t<\/div>\n\t\t\t\t<\/div>\n\t\t<div class=\"elementor-element elementor-element-be439f4 e-flex e-con-boxed e-con e-parent\" data-id=\"be439f4\" data-element_type=\"container\" data-settings=\"{&quot;background_background&quot;:&quot;classic&quot;,&quot;content_width&quot;:&quot;boxed&quot;}\" data-core-v316-plus=\"true\">\n\t\t\t\t\t<div class=\"e-con-inner\">\n\t\t\t\t<div class=\"elementor-element elementor-element-47bf984 elementor-widget elementor-widget-heading\" data-id=\"47bf984\" data-element_type=\"widget\" data-widget_type=\"heading.default\">\n\t\t\t\t<div class=\"elementor-widget-container\">\n\t\t\t<h2 class=\"elementor-heading-title elementor-size-default\">PERGUNTAS  FREQUENTES<\/h2>\t\t<\/div>\n\t\t\t\t<\/div>\n\t\t\t\t<div class=\"elementor-element elementor-element-3fc8fa0 elementor-widget elementor-widget-text-editor\" data-id=\"3fc8fa0\" data-element_type=\"widget\" data-widget_type=\"text-editor.default\">\n\t\t\t\t<div class=\"elementor-widget-container\">\n\t\t\t\t\t\t\t<p>\u00c9 um livro f\u00edsico ou digital?<br \/>\u00a0Digital. Voc\u00ea recebe o e-book por e-mail imediatamente ap\u00f3s a compra.<\/p><p>\u00a0Posso ler no celular?<br \/>Sim, os arquivos s\u00e3o compat\u00edveis com celular, tablet ou computador.<\/p><p>\u00a0\u00c9 indicado para quem ainda n\u00e3o tem cachorro?<br \/>Sim! \u00c9 o melhor momento para conhecer a ra\u00e7a antes de decidir.<\/p><p>O primeiro passo para uma conviv\u00eancia feliz come\u00e7a com o conhecimento?<br \/>Sim<\/p><p>\u00a0 \u00a0 \u00a0 \u00a0 \u00a0 \u00a0 \u00a0 \u00a0 \u00a0 \u00a0 Se Queres Conhecer a Ra\u00e7a do seu C\u00e3o<\/p><p>\u00a0 \u00a0 \u00a0 \u00a0 \u00a0 \u00a0 \u00a0 Acesse agora e receba seu e-book em segundos!<\/p>\t\t\t\t\t\t<\/div>\n\t\t\t\t<\/div>\n\t\t\t\t\t<\/div>\n\t\t\t\t<\/div>\n\t\t<div class=\"elementor-element elementor-element-2f4bbc0 e-flex e-con-boxed e-con e-parent\" data-id=\"2f4bbc0\" data-element_type=\"container\" data-settings=\"{&quot;background_background&quot;:&quot;classic&quot;,&quot;content_width&quot;:&quot;boxed&quot;}\" data-core-v316-plus=\"true\">\n\t\t\t\t\t<div class=\"e-con-inner\">\n\t\t\t\t<div class=\"elementor-element elementor-element-edc6337 elementor-widget elementor-widget-heading\" data-id=\"edc6337\" data-element_type=\"widget\" data-widget_type=\"heading.default\">\n\t\t\t\t<div class=\"elementor-widget-container\">\n\t\t\t<h2 class=\"elementor-heading-title elementor-size-default\">MENOS QUE O VALOR DE UMA CONSULTA VETERIN\u00c1RIA<\/h2>\t\t<\/div>\n\t\t\t\t<\/div>\n\t\t\t\t<div class=\"elementor-element elementor-element-dd001c2 elementor-align-center elementor-widget elementor-widget-button\" data-id=\"dd001c2\" data-element_type=\"widget\" data-widget_type=\"button.default\">\n\t\t\t\t<div class=\"elementor-widget-container\">\n\t\t\t\t\t<div class=\"elementor-button-wrapper\">\n\t\t\t<a class=\"elementor-button elementor-button-link elementor-size-lg elementor-animation-pulse-grow\" href=\"https:\/\/chk.eduzz.com\/n7b76nzn\">\n\t\t\t\t\t\t<span class=\"elementor-button-content-wrapper\">\n\t\t\t\t\t\t<span class=\"elementor-button-text\">SIM, QUERO SER UM BOM TUTOR<\/span>\n\t\t<\/span>\n\t\t\t\t\t<\/a>\n\t\t<\/div>\n\t\t\t\t<\/div>\n\t\t\t\t<\/div>\n\t\t\t\t\t<\/div>\n\t\t\t\t<\/div>\n\t\t\t\t<\/div>\n\t\t","protected":false},"excerpt":{"rendered":"<p>CONHE\u00c7A E SAIBA COMO TRATAR SEU AMIGUINHO VOC\u00ca IR\u00c1 APRENDER NESSE E-BOOK Hist\u00f3ria e origem da ra\u00e7a Tra\u00e7os de personalidade N\u00edvel de energia e necessidades de atividade Cuidados com sa\u00fade e alimenta\u00e7\u00e3o Dicas para socializa\u00e7\u00e3o e adestramento Intera\u00e7\u00e3o com outros animais e crian\u00e7as \u00a0Tudo explicado em linguagem simples, com base em estudos e experi\u00eancia real [&hellip;]<\/p>\n","protected":false},"author":1,"featured_media":0,"parent":0,"menu_order":0,"comment_status":"closed","ping_status":"closed","template":"elementor_canvas","meta":{"footnotes":""},"_links":{"self":[{"href":"https:\/\/petsnossos.com\/index.php\/wp-json\/wp\/v2\/pages\/4494"}],"collection":[{"href":"https:\/\/petsnossos.com\/index.php\/wp-json\/wp\/v2\/pages"}],"about":[{"href":"https:\/\/petsnossos.com\/index.php\/wp-json\/wp\/v2\/types\/page"}],"author":[{"embeddable":true,"href":"https:\/\/petsnossos.com\/index.php\/wp-json\/wp\/v2\/users\/1"}],"replies":[{"embeddable":true,"href":"https:\/\/petsnossos.com\/index.php\/wp-json\/wp\/v2\/comments?post=4494"}],"version-history":[{"count":76,"href":"https:\/\/petsnossos.com\/index.php\/wp-json\/wp\/v2\/pages\/4494\/revisions"}],"predecessor-version":[{"id":5594,"href":"https:\/\/petsnossos.com\/index.php\/wp-json\/wp\/v2\/pages\/4494\/revisions\/5594"}],"wp:attachment":[{"href":"https:\/\/petsnossos.com\/index.php\/wp-json\/wp\/v2\/media?parent=4494"}],"curies":[{"name":"wp","href":"https:\/\/api.w.org\/{rel}","templated":true}]}}